{"id":388,"date":"2025-08-02T20:45:35","date_gmt":"2025-08-02T18:45:35","guid":{"rendered":"https:\/\/wroclaw.wordcamp.org\/2025\/?page_id=388"},"modified":"2025-10-03T14:29:25","modified_gmt":"2025-10-03T12:29:25","slug":"czym-jest-wordcamp","status":"publish","type":"page","link":"https:\/\/wroclaw.wordcamp.org\/2025\/czym-jest-wordcamp\/","title":{"rendered":"Wydarzenie"},"content":{"rendered":"\n<div class=\"wp-block-group alignfull has-global-padding is-layout-constrained wp-block-group-is-layout-constrained\" style=\"margin-top:0;margin-bottom:0;padding-top:var(--wp--preset--spacing--50);padding-bottom:var(--wp--preset--spacing--50)\">\n<div class=\"wp-block-columns alignwide is-layout-flex wp-container-core-columns-is-layout-89463222 wp-block-columns-is-layout-flex\">\n<div class=\"wp-block-column is-vertically-aligned-center is-layout-flow wp-block-column-is-layout-flow\">\n<h1 class=\"wp-block-heading\" style=\"font-size:clamp(2.266rem, 2.266rem + ((1vw - 0.2rem) * 2.955), 4.15rem);\">Czym jest WordCamp?<\/h1>\n\n\n\n<p class=\"has-medium-font-size wp-block-paragraph\">Spotkanie u\u017cytkownik\u00f3w i fan\u00f3w WordPressa, na kt\u00f3rym mo\u017cesz uzupe\u0142ni\u0107 wiedz\u0119, pozna\u0107 najnowsze trendy i dobre praktyki. Wydarzenie pe\u0142ne networkingu, gdzie znajdziesz partner\u00f3w do rozmowy i nowych wspania\u0142ych biznes\u00f3w. <\/p>\n\n\n\n<div class=\"wp-block-buttons is-content-justification-right is-layout-flex wp-container-core-buttons-is-layout-0e28dbe1 wp-block-buttons-is-layout-flex\">\n<div class=\"wp-block-button has-custom-width wp-block-button__width-50\"><a class=\"wp-block-button__link has-contrast-color has-custom-r-background-color has-text-color has-background has-link-color has-large-font-size has-custom-font-size wp-element-button\" href=\"#newsletter\" style=\"font-style:normal;font-weight:700\">Newsletter<\/a><\/div>\n<\/div>\n<\/div>\n\n\n\n<div class=\"wp-block-column is-vertically-aligned-center is-layout-flow wp-block-column-is-layout-flow\">\n<figure class=\"wp-block-image aligncenter size-full is-resized has-custom-border arc\"><img loading=\"lazy\" decoding=\"async\" width=\"2560\" height=\"1920\" data-attachment-id=\"1129\" data-permalink=\"https:\/\/wroclaw.wordcamp.org\/2025\/czym-jest-wordcamp\/img_20241123_100548\/\" data-orig-file=\"https:\/\/wroclaw.wordcamp.org\/2025\/files\/2025\/08\/IMG_20241123_100548-scaled.jpg\" data-orig-size=\"2560,1920\" data-comments-opened=\"1\" data-image-meta=\"{&quot;aperture&quot;:&quot;0&quot;,&quot;credit&quot;:&quot;&quot;,&quot;camera&quot;:&quot;&quot;,&quot;caption&quot;:&quot;&quot;,&quot;created_timestamp&quot;:&quot;0&quot;,&quot;copyright&quot;:&quot;&quot;,&quot;focal_length&quot;:&quot;0&quot;,&quot;iso&quot;:&quot;0&quot;,&quot;shutter_speed&quot;:&quot;0&quot;,&quot;title&quot;:&quot;&quot;,&quot;orientation&quot;:&quot;0&quot;}\" data-image-title=\"IMG_20241123_100548\" data-image-description=\"\" data-image-caption=\"\" data-large-file=\"https:\/\/wroclaw.wordcamp.org\/2025\/files\/2025\/08\/IMG_20241123_100548-1024x768.jpg\" src=\"https:\/\/wroclaw.wordcamp.org\/2025\/files\/2025\/08\/IMG_20241123_100548-scaled.jpg\" alt=\"\" class=\"wp-image-1129\" style=\"border-top-left-radius:50%;border-top-right-radius:50%;aspect-ratio:1;object-fit:cover;width:500px\" srcset=\"https:\/\/wroclaw.wordcamp.org\/2025\/files\/2025\/08\/IMG_20241123_100548-scaled.jpg 2560w, https:\/\/wroclaw.wordcamp.org\/2025\/files\/2025\/08\/IMG_20241123_100548-300x225.jpg 300w, https:\/\/wroclaw.wordcamp.org\/2025\/files\/2025\/08\/IMG_20241123_100548-1024x768.jpg 1024w, https:\/\/wroclaw.wordcamp.org\/2025\/files\/2025\/08\/IMG_20241123_100548-768x576.jpg 768w, https:\/\/wroclaw.wordcamp.org\/2025\/files\/2025\/08\/IMG_20241123_100548-400x300.jpg 400w, https:\/\/wroclaw.wordcamp.org\/2025\/files\/2025\/08\/IMG_20241123_100548-1536x1152.jpg 1536w, https:\/\/wroclaw.wordcamp.org\/2025\/files\/2025\/08\/IMG_20241123_100548-2048x1536.jpg 2048w\" sizes=\"auto, (max-width: 2560px) 100vw, 2560px\" \/><\/figure>\n<\/div>\n<\/div>\n<\/div>\n\n\n\n<div class=\"wp-block-group alignwide has-contrast-color has-accent-1-background-color has-text-color has-background has-link-color wp-elements-35f9d2f670674efa6f11a79f9594f19c has-global-padding is-layout-constrained wp-block-group-is-layout-constrained\" style=\"border-top-left-radius:60px;margin-top:0px;margin-bottom:0px\">\n<div class=\"wp-block-columns alignfull is-layout-flex wp-container-core-columns-is-layout-87321d73 wp-block-columns-is-layout-flex\" style=\"margin-top:0px\">\n<div class=\"wp-block-column is-vertically-aligned-stretch is-layout-flow wp-block-column-is-layout-flow\" style=\"padding-right:var(--wp--preset--spacing--40);padding-left:var(--wp--preset--spacing--40);flex-basis:50%\">\n<h2 class=\"wp-block-heading alignfull has-base-color has-text-color has-link-color has-xx-large-font-size wp-elements-f3a731edc3136f830120da8bc84ae147\" style=\"margin-top:0px;margin-bottom:0px;padding-top:var(--wp--preset--spacing--60);padding-right:var(--wp--preset--spacing--50);padding-bottom:var(--wp--preset--spacing--40);padding-left:0\">Kr\u00f3tka historia WordCamp Wroc\u0142aw<\/h2>\n\n\n\n<p class=\"has-base-color has-text-color has-link-color wp-elements-b2bdee0b5050c33c9b3d8f53183fb686 wp-block-paragraph\">Pierwszy WordCamp we Wroc\u0142awiu odby\u0142 si\u0119 w 2013 roku <a href=\"https:\/\/wroclaw.wordcamp.org\/2013\/\">https:\/\/wroclaw.wordcamp.org\/2013\/<\/a>. Po dziesi\u0119cioletniej przerwie wr\u00f3ci\u0142 do Wroc\u0142awia w 2023 r. Od tamtego czasu go\u015bcimy was w naszym pi\u0119knym mie\u015bcie p\u00f3\u017an\u0105 jesieni\u0105. Ostatnie dwie edycje konferencji wspiera Basecamp by Xior, goszcz\u0105c nas w swoich murach.<\/p>\n<\/div>\n\n\n\n<div class=\"wp-block-column is-vertically-aligned-bottom has-global-padding is-content-justification-right is-layout-constrained wp-container-core-column-is-layout-01e8161f wp-block-column-is-layout-constrained\" style=\"flex-basis:50%\">\n<div class=\"wp-block-group has-background has-global-padding is-layout-constrained wp-container-core-group-is-layout-7a64d834 wp-block-group-is-layout-constrained\" style=\"border-top-left-radius:50%;border-top-right-radius:50%;border-bottom-left-radius:50%;border-bottom-right-radius:0px;background:linear-gradient(180deg,rgb(244,161,72) 0%,rgb(155,81,224) 100%);margin-top:var(--wp--preset--spacing--60);padding-top:5px;padding-right:5px;padding-bottom:5px;padding-left:5px\">\n<figure class=\"wp-block-image size-large has-custom-border\"><img loading=\"lazy\" decoding=\"async\" width=\"1024\" height=\"683\" data-attachment-id=\"391\" data-permalink=\"https:\/\/wroclaw.wordcamp.org\/2025\/czym-jest-wordcamp\/74a8ca079615b4c9daaaf80b20f104b58438ada2\/\" data-orig-file=\"https:\/\/wroclaw.wordcamp.org\/2025\/files\/2025\/08\/74a8ca079615b4c9daaaf80b20f104b58438ada2.jpg\" data-orig-size=\"1500,1000\" data-comments-opened=\"1\" data-image-meta=\"{&quot;aperture&quot;:&quot;0&quot;,&quot;credit&quot;:&quot;&quot;,&quot;camera&quot;:&quot;&quot;,&quot;caption&quot;:&quot;&quot;,&quot;created_timestamp&quot;:&quot;1732356508&quot;,&quot;copyright&quot;:&quot;&quot;,&quot;focal_length&quot;:&quot;0&quot;,&quot;iso&quot;:&quot;0&quot;,&quot;shutter_speed&quot;:&quot;0&quot;,&quot;title&quot;:&quot;&quot;,&quot;orientation&quot;:&quot;0&quot;}\" data-image-title=\"74a8ca079615b4c9daaaf80b20f104b58438ada2\" data-image-description=\"\" data-image-caption=\"\" data-large-file=\"https:\/\/wroclaw.wordcamp.org\/2025\/files\/2025\/08\/74a8ca079615b4c9daaaf80b20f104b58438ada2-1024x683.jpg\" src=\"https:\/\/wroclaw.wordcamp.org\/2025\/files\/2025\/08\/74a8ca079615b4c9daaaf80b20f104b58438ada2-1024x683.jpg\" alt=\"\" class=\"wp-image-391\" style=\"border-top-left-radius:50%;border-top-right-radius:50%;border-bottom-left-radius:50%;border-bottom-right-radius:0px;aspect-ratio:1;object-fit:cover\" srcset=\"https:\/\/wroclaw.wordcamp.org\/2025\/files\/2025\/08\/74a8ca079615b4c9daaaf80b20f104b58438ada2-1024x683.jpg 1024w, https:\/\/wroclaw.wordcamp.org\/2025\/files\/2025\/08\/74a8ca079615b4c9daaaf80b20f104b58438ada2-300x200.jpg 300w, https:\/\/wroclaw.wordcamp.org\/2025\/files\/2025\/08\/74a8ca079615b4c9daaaf80b20f104b58438ada2-768x512.jpg 768w, https:\/\/wroclaw.wordcamp.org\/2025\/files\/2025\/08\/74a8ca079615b4c9daaaf80b20f104b58438ada2-450x300.jpg 450w, https:\/\/wroclaw.wordcamp.org\/2025\/files\/2025\/08\/74a8ca079615b4c9daaaf80b20f104b58438ada2.jpg 1500w\" sizes=\"auto, (max-width: 1024px) 100vw, 1024px\" \/><\/figure>\n<\/div>\n<\/div>\n<\/div>\n<\/div>\n\n\n\n<div class=\"wp-block-columns alignwide is-layout-flex wp-container-core-columns-is-layout-ffe1e5eb wp-block-columns-is-layout-flex\" style=\"padding-top:var(--wp--preset--spacing--30);padding-bottom:var(--wp--preset--spacing--30)\">\n<div class=\"wp-block-column is-vertically-aligned-center is-layout-flow wp-block-column-is-layout-flow\" style=\"flex-basis:50%\">\n<h2 class=\"wp-block-heading alignfull has-text-align-center\" style=\"margin-right:0;margin-left:0;font-size:clamp(1.79rem, 1.79rem + ((1vw - 0.2rem) * 2.055), 3.1rem);\">15-16 listopada<br>Basecamp by Xior Wroc\u0142aw<\/h2>\n<\/div>\n\n\n\n<div class=\"wp-block-column is-layout-flow wp-block-column-is-layout-flow\" style=\"flex-basis:50%\">\n<div class=\"wp-block-group alignfull has-global-padding is-content-justification-left is-layout-constrained wp-container-core-group-is-layout-dabe1555 wp-block-group-is-layout-constrained\">\n<div class=\"wp-block-jetpack-map alignfull is-style-default\" data-map-id=\"jp-map-1\" data-map-provider=\"mapbox\" data-api-key=\"pk.eyJ1Ijoid29yZGNhbXB3cnBjbGF3IiwiYSI6ImNtZHZoZXV5MDB0bzkya3Npajg1dWRkajgifQ.D4cqxMHyZcei5joV0utWIA\" data-map-style=\"default\"><ul><li><a href=\"https:\/\/www.google.com\/maps\/search\/?api=1&amp;query=51.117309,17.04571\">BaseCamp<\/a><\/li><\/ul><\/div>\n<\/div>\n<\/div>\n<\/div>\n","protected":false},"excerpt":{"rendered":"<p>Czym jest WordCamp? Spotkanie u\u017cytkownik\u00f3w i fan\u00f3w WordPressa, na kt\u00f3rym mo\u017cesz uzupe\u0142ni\u0107 wiedz\u0119, pozna\u0107 najnowsze trendy i dobre praktyki. Wydarzenie pe\u0142ne networkingu, gdzie znajdziesz partner\u00f3w do rozmowy i nowych wspania\u0142ych biznes\u00f3w. Kr\u00f3tka historia WordCamp Wroc\u0142aw Pierwszy WordCamp we Wroc\u0142awiu odby\u0142 si\u0119 w 2013 roku https:\/\/wroclaw.wordcamp.org\/2013\/. Po dziesi\u0119cioletniej przerwie wr\u00f3ci\u0142 do Wroc\u0142awia w 2023 r. Od [&hellip;]<\/p>\n","protected":false},"author":15890890,"featured_media":0,"parent":0,"menu_order":0,"comment_status":"closed","ping_status":"closed","template":"page-no-title","meta":{"_crdt_document":"","advanced_seo_description":"","jetpack_seo_html_title":"","jetpack_seo_noindex":false,"jetpack_post_was_ever_published":false,"footnotes":""},"class_list":["post-388","page","type-page","status-publish","hentry"],"jetpack_sharing_enabled":true,"_links":{"self":[{"href":"https:\/\/wroclaw.wordcamp.org\/2025\/wp-json\/wp\/v2\/pages\/388","targetHints":{"allow":["GET"]}}],"collection":[{"href":"https:\/\/wroclaw.wordcamp.org\/2025\/wp-json\/wp\/v2\/pages"}],"about":[{"href":"https:\/\/wroclaw.wordcamp.org\/2025\/wp-json\/wp\/v2\/types\/page"}],"author":[{"embeddable":true,"href":"https:\/\/wroclaw.wordcamp.org\/2025\/wp-json\/wp\/v2\/users\/15890890"}],"replies":[{"embeddable":true,"href":"https:\/\/wroclaw.wordcamp.org\/2025\/wp-json\/wp\/v2\/comments?post=388"}],"version-history":[{"count":48,"href":"https:\/\/wroclaw.wordcamp.org\/2025\/wp-json\/wp\/v2\/pages\/388\/revisions"}],"predecessor-version":[{"id":1500,"href":"https:\/\/wroclaw.wordcamp.org\/2025\/wp-json\/wp\/v2\/pages\/388\/revisions\/1500"}],"wp:attachment":[{"href":"https:\/\/wroclaw.wordcamp.org\/2025\/wp-json\/wp\/v2\/media?parent=388"}],"curies":[{"name":"wp","href":"https:\/\/api.w.org\/{rel}","templated":true}]}}