{"id":1977,"date":"2025-10-14T21:57:39","date_gmt":"2025-10-14T19:57:39","guid":{"rendered":"https:\/\/wroclaw.wordcamp.org\/2025\/?page_id=1977"},"modified":"2025-10-15T15:47:05","modified_gmt":"2025-10-15T13:47:05","slug":"agenda-warsztaty","status":"publish","type":"page","link":"https:\/\/wroclaw.wordcamp.org\/2025\/agenda-warsztaty\/","title":{"rendered":"Agenda warsztaty"},"content":{"rendered":"\n<div class=\"wp-block-group alignfull has-background has-global-padding is-layout-constrained wp-block-group-is-layout-constrained\" style=\"border-bottom-left-radius:60px;background-color:#f2ebe1;min-height:65vh;margin-top:0;margin-bottom:0;padding-top:var(--wp--preset--spacing--30);padding-bottom:var(--wp--preset--spacing--30)\">\n<div class=\"wp-block-columns alignwide is-layout-flex wp-container-core-columns-is-layout-89463222 wp-block-columns-is-layout-flex\">\n<div class=\"wp-block-column is-vertically-aligned-center is-layout-flow wp-block-column-is-layout-flow\">\n<h1 class=\"wp-block-heading\" style=\"font-size:clamp(1.502rem, 1.502rem + ((1vw - 0.2rem) * 1.565), 2.5rem);\">Agenda&nbsp;warsztaty WordCamp Wroc\u0142aw&nbsp;2025<\/h1>\n\n\n\n<p class=\"has-large-font-size wp-block-paragraph\" style=\"margin-top:15px;margin-bottom:15px\"><strong>15 &#8211; 16 listopada 2025<\/strong><\/p>\n\n\n\n<p class=\"has-medium-font-size wp-block-paragraph\">\ud83d\udcb8 <strong>Cena biletu: 250 z\u0142<\/strong><strong><br><\/strong>\ud83c\udf9f\ufe0f Liczba miejsc ograniczona \u2013 <strong>nie czekaj, kup bilet teraz!<\/strong><\/p>\n\n\n\n<div class=\"wp-block-buttons is-layout-flex wp-block-buttons-is-layout-flex\">\n<div class=\"wp-block-button is-style-outline is-style-outline--1\"><a class=\"wp-block-button__link wp-element-button\" href=\"#warsztaty\">Sprawd\u017a warsztaty<\/a><\/div>\n\n\n\n<div class=\"wp-block-button\"><a class=\"wp-block-button__link wp-element-button\" href=\"https:\/\/wroclaw.wordcamp.org\/2025\/kup-bilet\/\">Kup bilet i do\u0142\u0105cz do nas<\/a><\/div>\n<\/div>\n<\/div>\n\n\n\n<div class=\"wp-block-column is-vertically-aligned-center wp-position-relative is-layout-flow wp-block-column-is-layout-flow\" style=\"flex-basis:40%\">\n<figure class=\"wp-block-image aligncenter size-full has-custom-border\"><img loading=\"lazy\" decoding=\"async\" width=\"1500\" height=\"1000\" data-attachment-id=\"153\" data-permalink=\"https:\/\/wroclaw.wordcamp.org\/2025\/home\/basecamp\/\" data-orig-file=\"https:\/\/wroclaw.wordcamp.org\/2025\/files\/2025\/07\/basecamp.jpg\" data-orig-size=\"1500,1000\" data-comments-opened=\"1\" data-image-meta=\"{&quot;aperture&quot;:&quot;0&quot;,&quot;credit&quot;:&quot;&quot;,&quot;camera&quot;:&quot;&quot;,&quot;caption&quot;:&quot;&quot;,&quot;created_timestamp&quot;:&quot;1732295800&quot;,&quot;copyright&quot;:&quot;&quot;,&quot;focal_length&quot;:&quot;0&quot;,&quot;iso&quot;:&quot;0&quot;,&quot;shutter_speed&quot;:&quot;0&quot;,&quot;title&quot;:&quot;&quot;,&quot;orientation&quot;:&quot;0&quot;}\" data-image-title=\"basecamp\" data-image-description=\"\" data-image-caption=\"\" data-large-file=\"https:\/\/wroclaw.wordcamp.org\/2025\/files\/2025\/07\/basecamp-1024x683.jpg\" src=\"https:\/\/wroclaw.wordcamp.org\/2025\/files\/2025\/07\/basecamp.jpg\" alt=\"basecamp\" class=\"wp-image-153\" style=\"border-top-left-radius:50%;border-top-right-radius:50%;aspect-ratio:1;object-fit:cover\" srcset=\"https:\/\/wroclaw.wordcamp.org\/2025\/files\/2025\/07\/basecamp.jpg 1500w, https:\/\/wroclaw.wordcamp.org\/2025\/files\/2025\/07\/basecamp-300x200.jpg 300w, https:\/\/wroclaw.wordcamp.org\/2025\/files\/2025\/07\/basecamp-1024x683.jpg 1024w, https:\/\/wroclaw.wordcamp.org\/2025\/files\/2025\/07\/basecamp-768x512.jpg 768w, https:\/\/wroclaw.wordcamp.org\/2025\/files\/2025\/07\/basecamp-450x300.jpg 450w\" sizes=\"auto, (max-width: 1500px) 100vw, 1500px\" \/><\/figure>\n\n\n\n<p class=\"wp-block-paragraph\"><\/p>\n\n\n\n<div id=\"wp-counter\" class=\"wp-block-group wp-position-absolute is-layout-grid wp-container-core-group-is-layout-3722acbb wp-block-group-is-layout-grid\" style=\"margin-top:var(--wp--preset--spacing--50);margin-bottom:var(--wp--preset--spacing--50)\">\n<div class=\"wp-block-group has-contrast-color has-custom-r-background-color has-text-color has-background has-link-color wp-elements-a6828e974b44939f5adaa7e6bf763dd4 has-global-padding is-layout-constrained wp-container-core-group-is-layout-1a5af511 wp-block-group-is-layout-constrained\" style=\"border-top-left-radius:0px;border-top-right-radius:16px;border-bottom-left-radius:16px;border-bottom-right-radius:16px;padding-top:var(--wp--preset--spacing--40);padding-right:var(--wp--preset--spacing--40);padding-bottom:var(--wp--preset--spacing--40);padding-left:var(--wp--preset--spacing--40)\">\n<p class=\"has-text-align-center wp-block-paragraph\" style=\"font-size:clamp(1.25rem, 1.25rem + ((1vw - 0.2rem) * 1.176), 2rem);font-style:normal;font-weight:600\">200<\/p>\n\n\n\n<p class=\"has-text-align-center has-medium-font-size wp-block-paragraph\" style=\"margin-top:0;margin-bottom:0;font-style:normal;font-weight:600\">uczestnik\u00f3w<\/p>\n<\/div>\n\n\n\n<div class=\"wp-block-group has-base-color has-custom-fiolet-background-color has-text-color has-background has-link-color has-x-large-font-size wp-elements-5b33efe3aab2022b474166aa5e6b5dff has-global-padding is-layout-constrained wp-container-core-group-is-layout-21ed7543 wp-block-group-is-layout-constrained\" style=\"border-top-left-radius:16px;border-top-right-radius:0px;border-bottom-left-radius:16px;border-bottom-right-radius:16px;padding-top:var(--wp--preset--spacing--40);padding-right:var(--wp--preset--spacing--30);padding-bottom:var(--wp--preset--spacing--40);padding-left:var(--wp--preset--spacing--30);font-style:normal;font-weight:600\">\n<p class=\"has-text-align-center has-contrast-color has-text-color has-link-color wp-elements-ad19841f744fc104d8c76148921fa268 wp-block-paragraph\" style=\"font-size:clamp(1.25rem, 1.25rem + ((1vw - 0.2rem) * 1.176), 2rem);\">+20<\/p>\n\n\n\n<p class=\"has-text-align-center has-contrast-color has-text-color has-link-color has-medium-font-size wp-elements-391c0e20fa4fa9140f6a1244864e8248 wp-block-paragraph\" style=\"margin-top:0;margin-bottom:0\">prelegent\u00f3w<\/p>\n<\/div>\n\n\n\n<div class=\"wp-block-group has-base-color has-accent-1-background-color has-text-color has-background has-link-color has-x-large-font-size wp-elements-0dfb303af21dfae94d108ea3fe77445c has-global-padding is-layout-constrained wp-container-core-group-is-layout-4e7c10ee wp-block-group-is-layout-constrained\" style=\"border-top-left-radius:16px;border-top-right-radius:16px;border-bottom-left-radius:0px;border-bottom-right-radius:16px;padding-top:var(--wp--preset--spacing--40);padding-right:var(--wp--preset--spacing--20);padding-bottom:var(--wp--preset--spacing--40);padding-left:var(--wp--preset--spacing--20);font-style:normal;font-weight:600\">\n<p class=\"has-text-align-center wp-block-paragraph\" style=\"font-size:clamp(1.25rem, 1.25rem + ((1vw - 0.2rem) * 1.176), 2rem);\">2 dni<\/p>\n\n\n\n<p class=\"has-text-align-center has-medium-font-size wp-block-paragraph\" style=\"margin-top:0;margin-bottom:0\">intensywnego<br>programu<\/p>\n<\/div>\n\n\n\n<div class=\"wp-block-group has-base-color has-accent-5-background-color has-text-color has-background has-link-color has-x-large-font-size wp-elements-09f9f5653a7ae9f281eb0fa9458bd545 has-global-padding is-layout-constrained wp-container-core-group-is-layout-21ed7543 wp-block-group-is-layout-constrained\" style=\"border-top-left-radius:16px;border-top-right-radius:16px;border-bottom-left-radius:16px;border-bottom-right-radius:0px;padding-top:var(--wp--preset--spacing--40);padding-right:var(--wp--preset--spacing--30);padding-bottom:var(--wp--preset--spacing--40);padding-left:var(--wp--preset--spacing--30);font-style:normal;font-weight:600\">\n<p class=\"has-text-align-center wp-block-paragraph\" style=\"font-size:clamp(1.25rem, 1.25rem + ((1vw - 0.2rem) * 1.176), 2rem);\">+15<\/p>\n\n\n\n<p class=\"has-text-align-center has-medium-font-size wp-block-paragraph\" style=\"margin-top:0;margin-bottom:0\">godzin<\/p>\n\n\n\n<p class=\"has-text-align-center has-medium-font-size wp-block-paragraph\" style=\"margin-top:0;margin-bottom:0\">networkingu<\/p>\n<\/div>\n<\/div>\n<\/div>\n<\/div>\n<\/div>\n\n\n\n<div class=\"wp-block-group alignwide has-global-padding is-layout-constrained wp-block-group-is-layout-constrained\" id=\"warsztaty\">\n<h2 class=\"wp-block-heading alignwide\">15 listopad 2025 (sobota)&nbsp;<\/h2>\n\n\n\n<div\n\tclass=\"wp-block-wordcamp-schedule alignwide is-loading\"\n\t\tdata-attributes=\"{&quot;__isStylesPreview&quot;:false,&quot;align&quot;:&quot;wide&quot;,&quot;chooseSpecificDays&quot;:true,&quot;chosenDays&quot;:[&quot;2025-11-15&quot;],&quot;chooseSpecificTracks&quot;:true,&quot;chosenTrackIds&quot;:[27,26,34,33],&quot;showCategories&quot;:true,&quot;useClientTimezone&quot;:true}\"\n>\n\tWczytywanie\u2026<\/div>\n\n\n\t<div class=\"email-form fav-session-email-form-hide\">\n\t\t<!-- Tab links -->\n\t\t<div class=\"fav-session-share-tab\">\n\t\t\t\t\t\t\t<div class=\"fav-session-tablinks\" id=\"fav-session-btn-email\">\n\t\t\t\t\tE-mail\t\t\t\t<\/div>\n\t\t\t\n\t\t\t<div class=\"fav-session-tablinks\" id=\"fav-session-btn-link\">\n\t\t\t\tOdno\u015bnik\t\t\t<\/div>\n\n\t\t\t<div class=\"fav-session-tablinks\" id=\"fav-session-btn-print\">\n\t\t\t\tDrukuj\t\t\t<\/div>\n\t\t<\/div>\n\n\t\t<!-- Tab content -->\n\t\t\t\t\t<div id=\"fav-session-tab-email\" class=\"fav-session-share-tabcontent\">\n\t\t\t\t<div id=\"fav-session-email-form\">\n\t\t\t\t\tWy\u015blij mi moj\u0105 ulubion\u0105 sesj\u0119:\n\t\t\t\t\t<form id=\"fav-sessions-form\">\n\t\t\t\t\t\t<input\n\t\t\t\t\t\t\ttype=\"text\"\n\t\t\t\t\t\t\tname=\"email_address\"\n\t\t\t\t\t\t\tid=\"fav-sessions-email-address\"\n\t\t\t\t\t\t\tplaceholder=\"me@protonmail.com\"\n\t\t\t\t\t\t\/>\n\t\t\t\t\t\t<input type=\"submit\" value=\"Wy\u015blij\" \/>\n\t\t\t\t\t<\/form>\n\t\t\t\t<\/div>\n\n\t\t\t\t<div class=\"fav-session-email-wait-spinner\"><\/div>\n\t\t\t\t<div class=\"fav-session-email-result\"><\/div>\n\t\t\t<\/div>\n\t\t\n\t\t<div id=\"fav-session-tab-link\" class=\"fav-session-share-tabcontent\">\n\t\t\t\u0141\u0105cze do udost\u0119pniania:\t\t\t<br \/>\n\t\t\t<a id=\"fav-sessions-link\" href=\"\"><\/a>\n\t\t<\/div>\n\n\t\t<div id=\"fav-session-tab-print\" class=\"fav-session-share-tabcontent\">\n\t\t\t<button id=\"fav-session-print\">\n\t\t\t\tDrukuj ulubione sesje\t\t\t<\/button>\n\t\t<\/div>\n\t<\/div>\n\n\t<a class=\"show-email-form\" href=\"javascript:\">\n\t\t<span class=\"dashicons dashicons-star-filled\"><\/span>\n\t\t<span class=\"dashicons dashicons-email-alt\"><\/span>\n\t<\/a>\n\n\t\n\n\n<h2 class=\"wp-block-heading alignwide\">16 listopad 2025 (niedziela)<\/h2>\n\n\n\n<div\n\tclass=\"wp-block-wordcamp-schedule alignwide is-loading\"\n\t\tdata-attributes=\"{&quot;__isStylesPreview&quot;:false,&quot;align&quot;:&quot;wide&quot;,&quot;chooseSpecificDays&quot;:true,&quot;chosenDays&quot;:[&quot;2025-11-16&quot;],&quot;chooseSpecificTracks&quot;:true,&quot;chosenTrackIds&quot;:[27,26,34],&quot;showCategories&quot;:true,&quot;useClientTimezone&quot;:true}\"\n>\n\tWczytywanie\u2026<\/div>\n\n<\/div>\n","protected":false},"excerpt":{"rendered":"<p>Agenda&nbsp;warsztaty WordCamp Wroc\u0142aw&nbsp;2025 15 &#8211; 16 listopada 2025 \ud83d\udcb8 Cena biletu: 250 z\u0142\ud83c\udf9f\ufe0f Liczba miejsc ograniczona \u2013 nie czekaj, kup bilet teraz! 200 uczestnik\u00f3w +20 prelegent\u00f3w 2 dni intensywnegoprogramu +15 godzin networkingu 15 listopad 2025 (sobota)&nbsp; 16 listopad 2025 (niedziela)<\/p>\n","protected":false},"author":20619668,"featured_media":0,"parent":0,"menu_order":0,"comment_status":"closed","ping_status":"closed","template":"page-no-title","meta":{"_crdt_document":"","advanced_seo_description":"","jetpack_seo_html_title":"","jetpack_seo_noindex":false,"jetpack_post_was_ever_published":true,"footnotes":""},"class_list":["post-1977","page","type-page","status-publish","hentry"],"jetpack_sharing_enabled":true,"_links":{"self":[{"href":"https:\/\/wroclaw.wordcamp.org\/2025\/wp-json\/wp\/v2\/pages\/1977","targetHints":{"allow":["GET"]}}],"collection":[{"href":"https:\/\/wroclaw.wordcamp.org\/2025\/wp-json\/wp\/v2\/pages"}],"about":[{"href":"https:\/\/wroclaw.wordcamp.org\/2025\/wp-json\/wp\/v2\/types\/page"}],"author":[{"embeddable":true,"href":"https:\/\/wroclaw.wordcamp.org\/2025\/wp-json\/wp\/v2\/users\/20619668"}],"replies":[{"embeddable":true,"href":"https:\/\/wroclaw.wordcamp.org\/2025\/wp-json\/wp\/v2\/comments?post=1977"}],"version-history":[{"count":9,"href":"https:\/\/wroclaw.wordcamp.org\/2025\/wp-json\/wp\/v2\/pages\/1977\/revisions"}],"predecessor-version":[{"id":2160,"href":"https:\/\/wroclaw.wordcamp.org\/2025\/wp-json\/wp\/v2\/pages\/1977\/revisions\/2160"}],"wp:attachment":[{"href":"https:\/\/wroclaw.wordcamp.org\/2025\/wp-json\/wp\/v2\/media?parent=1977"}],"curies":[{"name":"wp","href":"https:\/\/api.w.org\/{rel}","templated":true}]}}