{"id":1064,"date":"2025-08-12T15:50:27","date_gmt":"2025-08-12T13:50:27","guid":{"rendered":"https:\/\/wroclaw.wordcamp.org\/2025\/?page_id=1064"},"modified":"2025-08-12T15:50:27","modified_gmt":"2025-08-12T13:50:27","slug":"polityka-prywatnosci","status":"publish","type":"page","link":"https:\/\/wroclaw.wordcamp.org\/2025\/polityka-prywatnosci\/","title":{"rendered":"Polityka prywatno\u015bci"},"content":{"rendered":"\n<p class=\"wp-block-paragraph\">Strony internetowe WordPress.org (okre\u015blane w tym dokumencie zbiorczo jako &#8222;WordPress.org&#8221;) odnosz\u0105 si\u0119 do witryn hostowanych na domenach WordPress.org, WordPress.net, WordCamp.org, BuddyPress.org, bbPress.org oraz innych powi\u0105zanych domenach i subdomenach.<\/p>\n\n\n\n<p class=\"wp-block-paragraph\">Niniejsza polityka prywatno\u015bci opisuje, w jaki spos\u00f3b WordPress.org wykorzystuje i chroni wszelkie informacje, kt\u00f3re nam przekazujesz. Zobowi\u0105zujemy si\u0119 do zapewnienia ochrony Twojej prywatno\u015bci. Je\u015bli podasz nam dane osobowe za po\u015brednictwem WordPress.org, mo\u017cesz mie\u0107 pewno\u015b\u0107, \u017ce b\u0119d\u0105 one wykorzystywane wy\u0142\u0105cznie zgodnie z niniejszym o\u015bwiadczeniem o prywatno\u015bci.<\/p>\n\n\n\n<h3 class=\"wp-block-heading\">Odwiedzaj\u0105cy stron\u0119 internetow\u0105<\/h3>\n\n\n\n<p class=\"wp-block-paragraph\">Podobnie jak wi\u0119kszo\u015b\u0107 operator\u00f3w stron internetowych, WordPress.org gromadzi informacje nieumo\u017cliwiaj\u0105ce identyfikacji osobistej, takie jak typ przegl\u0105darki, preferencje j\u0119zykowe, strona odsy\u0142aj\u0105ca oraz data i godzina ka\u017cdego \u017c\u0105dania odwiedzaj\u0105cego. Celem WordPress.org w zbieraniu tych danych jest lepsze zrozumienie, w jaki spos\u00f3b nasi go\u015bcie korzystaj\u0105 z witryny. Od czasu do czasu WordPress.org mo\u017ce publikowa\u0107 zagregowane informacje nieosobowe, np. w formie raportu o trendach w u\u017cytkowaniu swojej strony internetowej.<\/p>\n\n\n\n<p class=\"wp-block-paragraph\">WordPress.org gromadzi r\u00f3wnie\u017c informacje potencjalnie umo\u017cliwiaj\u0105ce identyfikacj\u0119 osobist\u0105, takie jak adresy IP (Internet Protocol). WordPress.org nie wykorzystuje jednak adres\u00f3w IP do identyfikacji swoich go\u015bci i nie ujawnia takich informacji, z wyj\u0105tkiem tych samych okoliczno\u015bci, w kt\u00f3rych wykorzystuje i ujawnia dane osobowe, co opisano poni\u017cej.<\/p>\n\n\n\n<h3 class=\"wp-block-heading\">Gromadzenie danych osobowych<\/h3>\n\n\n\n<p class=\"wp-block-paragraph\">Niekt\u00f3rzy odwiedzaj\u0105cy WordPress.org decyduj\u0105 si\u0119 na interakcje, kt\u00f3re wymagaj\u0105 od nas gromadzenia danych osobowych. Ilo\u015b\u0107 i rodzaj zbieranych informacji zale\u017c\u0105 od charakteru tej interakcji. Na przyk\u0142ad, prosimy u\u017cytkownik\u00f3w naszych for\u00f3w o podanie nazwy u\u017cytkownika i adresu e-mail.<\/p>\n\n\n\n<p class=\"wp-block-paragraph\">W ka\u017cdym przypadku WordPress.org zbiera takie informacje tylko w zakresie, w jakim jest to niezb\u0119dne lub w\u0142a\u015bciwe do realizacji celu interakcji odwiedzaj\u0105cego z WordPress.org. Nie ujawniamy danych osobowych w spos\u00f3b inny ni\u017c opisany poni\u017cej. Odwiedzaj\u0105cy zawsze mog\u0105 odm\u00f3wi\u0107 podania danych osobowych, maj\u0105c na uwadze, \u017ce mo\u017ce to uniemo\u017cliwi\u0107 im korzystanie z niekt\u00f3rych funkcji witryny, takich jak zakup biletu na WordCamp.<\/p>\n\n\n\n<p class=\"wp-block-paragraph\">Wszystkie informacje gromadzone na WordPress.org b\u0119d\u0105 przetwarzane zgodnie z przepisami RODO.<\/p>\n\n\n\n<h3 class=\"wp-block-heading\">Ochrona okre\u015blonych danych osobowych<\/h3>\n\n\n\n<p class=\"wp-block-paragraph\">WordPress.org ujawnia informacje potencjalnie identyfikuj\u0105ce i dane osobowe wy\u0142\u0105cznie administratorom projektu, pracownikom, kontrahentom i organizacjom stowarzyszonym, kt\u00f3rzy (i) musz\u0105 zna\u0107 te informacje, aby przetwarza\u0107 je w imieniu WordPress.org lub \u015bwiadczy\u0107 us\u0142ugi dost\u0119pne za po\u015brednictwem WordPress.org, oraz (ii) kt\u00f3rzy zgodzili si\u0119 nie ujawnia\u0107 ich innym. Niekt\u00f3rzy z tych pracownik\u00f3w, kontrahent\u00f3w i organizacji stowarzyszonych mog\u0105 znajdowa\u0107 si\u0119 poza Twoim krajem; korzystaj\u0105c z WordPress.org, wyra\u017casz zgod\u0119 na przekazywanie im takich informacji.<\/p>\n\n\n\n<p class=\"wp-block-paragraph\">WordPress.org nie b\u0119dzie nikomu wynajmowa\u0107 ani sprzedawa\u0107 informacji potencjalnie identyfikuj\u0105cych i danych osobowych. Poza administratorami projektu, pracownikami, kontrahentami i organizacjami stowarzyszonymi, jak opisano powy\u017cej, WordPress.org ujawnia takie informacje tylko wtedy, gdy jest to wymagane przez prawo, gdy wyrazisz zgod\u0119 na ich udost\u0119pnienie lub gdy WordPress.org w dobrej wierze uzna, \u017ce ujawnienie jest uzasadnione w celu ochrony w\u0142asno\u015bci lub praw WordPress.org, stron trzecich lub og\u00f3\u0142u spo\u0142ecze\u0144stwa.<\/p>\n\n\n\n<p class=\"wp-block-paragraph\">Je\u015bli jeste\u015b zarejestrowanym u\u017cytkownikiem strony WordPress.org i poda\u0142e\u015b sw\u00f3j adres e-mail, WordPress.org mo\u017ce od czasu do czasu wys\u0142a\u0107 Ci wiadomo\u015b\u0107, aby poinformowa\u0107 o nowych funkcjach, poprosi\u0107 o opini\u0119 lub po prostu na bie\u017c\u0105co informowa\u0107 o tym, co dzieje si\u0119 z WordPress.org i naszymi produktami. Do komunikowania tego typu informacji u\u017cywamy przede wszystkim naszego bloga, dlatego spodziewamy si\u0119, \u017ce liczba tego typu wiadomo\u015bci e-mail b\u0119dzie ograniczona do minimum.<\/p>\n\n\n\n<p class=\"wp-block-paragraph\">Je\u015bli wy\u015blesz nam zapytanie (na przyk\u0142ad za po\u015brednictwem e-maila pomocniczego lub jednego z naszych mechanizm\u00f3w opinii), zastrzegamy sobie prawo do jego opublikowania, aby pom\u00f3c nam w wyja\u015bnieniu lub odpowiedzi na Twoje zapytanie, lub aby pom\u00f3c nam wspiera\u0107 innych u\u017cytkownik\u00f3w. WordPress.org podejmuje wszelkie uzasadnione \u015brodki w celu ochrony przed nieautoryzowanym dost\u0119pem, u\u017cyciem, zmian\u0105 lub zniszczeniem informacji potencjalnie identyfikuj\u0105cych i danych osobowych.<\/p>\n\n\n\n<h3 class=\"wp-block-heading\">Wykorzystanie danych osobowych<\/h3>\n\n\n\n<p class=\"wp-block-paragraph\">Informacji, kt\u00f3re podajesz podczas rejestracji konta, uczestnictwa w naszych wydarzeniach, otrzymywania newsletter\u00f3w, korzystania z niekt\u00f3rych innych us\u0142ug lub uczestnictwa w projekcie open source WordPress w jakikolwiek inny spos\u00f3b, nie b\u0119dziemy wykorzystywa\u0107 w innych celach.<\/p>\n\n\n\n<p class=\"wp-block-paragraph\">Nie b\u0119dziemy sprzedawa\u0107 ani wynajmowa\u0107 Twoich danych osobowych stronom trzecim, chyba \u017ce uzyskamy Twoj\u0105 zgod\u0119 lub b\u0119dziemy do tego zobowi\u0105zani przez prawo.<\/p>\n\n\n\n<p class=\"wp-block-paragraph\">Chcieliby\u015bmy od czasu do czasu wysy\u0142a\u0107 Ci komunikacj\u0119 marketingow\u0105 drog\u0105 mailow\u0105, kt\u00f3ra mo\u017ce Ci\u0119 zainteresowa\u0107. Je\u015bli wyrazi\u0142e\u015b zgod\u0119 na marketing, mo\u017cesz j\u0105 p\u00f3\u017aniej wycofa\u0107.<\/p>\n\n\n\n<p class=\"wp-block-paragraph\">Masz prawo w dowolnym momencie za\u017c\u0105da\u0107 zaprzestania kontaktowania si\u0119 z Tob\u0105 w celach marketingowych. Je\u015bli nie chcesz ju\u017c otrzymywa\u0107 takich wiadomo\u015bci, kliknij link rezygnacji z subskrypcji na dole wiadomo\u015bci e-mail.<\/p>\n\n\n\n<h3 class=\"wp-block-heading\">Podstawy prawne przetwarzania danych osobowych<\/h3>\n\n\n\n<p class=\"wp-block-paragraph\">Opieramy si\u0119 na jednym lub kilku z poni\u017cszych warunk\u00f3w przetwarzania:<\/p>\n\n\n\n<ul class=\"wp-block-list\">\n<li>nasze uzasadnione interesy w skutecznym dostarczaniu Ci informacji i us\u0142ug;<\/li>\n\n\n\n<li>wyra\u017ana zgoda, kt\u00f3rej udzieli\u0142e\u015b;<\/li>\n\n\n\n<li>zobowi\u0105zania prawne.<\/li>\n<\/ul>\n\n\n\n<h3 class=\"wp-block-heading\">Dost\u0119p do danych<\/h3>\n\n\n\n<p class=\"wp-block-paragraph\">Masz prawo za\u017c\u0105da\u0107 kopii informacji, kt\u00f3re o Tobie przechowujemy. Je\u015bli chcesz otrzyma\u0107 kopi\u0119 cz\u0119\u015bci lub ca\u0142o\u015bci swoich danych osobowych, post\u0119puj zgodnie z instrukcjami na ko\u0144cu tej sekcji.<\/p>\n\n\n\n<p class=\"wp-block-paragraph\">Wszystkie dane podane przez uczestnik\u00f3w WordCamp mog\u0105 by\u0107 przegl\u0105dane i zmieniane przez uczestnika za po\u015brednictwem adresu URL z tokenem dost\u0119pu, kt\u00f3ry jest wysy\u0142any e-mailem w celu potwierdzenia udanego zakupu biletu.<\/p>\n\n\n\n<p class=\"wp-block-paragraph\">Konta u\u017cytkownik\u00f3w WordPress.org mo\u017cna edytowa\u0107, wykonuj\u0105c nast\u0119puj\u0105ce kroki:<\/p>\n\n\n\n<ol start=\"1\" class=\"wp-block-list\">\n<li>Odwied\u017a <code>https:\/\/login.wordpress.org\/<\/code> i wprowad\u017a swoj\u0105 nazw\u0119 u\u017cytkownika i has\u0142o.<\/li>\n\n\n\n<li>Zostaniesz przekierowany na <code>https:\/\/profiles.wordpress.org\/twoja_nazwa_uzytkownika<\/code>.<\/li>\n\n\n\n<li>Kliknij link &#8222;Edytuj&#8221; obok swojej nazwy u\u017cytkownika.<\/li>\n<\/ol>\n\n\n\n<p class=\"wp-block-paragraph\">Je\u015bli chcesz poprosi\u0107 o dost\u0119p do danych swojego konta, wykonaj nast\u0119puj\u0105ce kroki:<\/p>\n\n\n\n<ol start=\"1\" class=\"wp-block-list\">\n<li>Odwied\u017a <code>https:\/\/wordpress.org\/about\/privacy\/data-export-request\/<\/code>.<\/li>\n\n\n\n<li>Wprowad\u017a sw\u00f3j adres e-mail.<\/li>\n\n\n\n<li>Kliknij &#8222;Accept Declaration and Request Export&#8221; (Zaakceptuj o\u015bwiadczenie i popro\u015b o eksport).<\/li>\n<\/ol>\n\n\n\n<p class=\"wp-block-paragraph\"><em>Uwaga: Je\u015bli masz konto WP.org, zaleca si\u0119 zalogowanie przed wys\u0142aniem pro\u015bby, aby powi\u0105za\u0107 j\u0105 ze swoim kontem.<\/em><\/p>\n\n\n\n<h3 class=\"wp-block-heading\">Przechowywanie danych osobowych<\/h3>\n\n\n\n<p class=\"wp-block-paragraph\">B\u0119dziemy przechowywa\u0107 Twoje dane osobowe w naszych systemach tylko tak d\u0142ugo, jak b\u0119dzie to konieczne dla powodzenia projektu open source WordPress i program\u00f3w wspieraj\u0105cych WordPress.org. Informacje kontaktowe (takie jak dane z listy mailingowej) przechowujemy do momentu, gdy u\u017cytkownik zrezygnuje z subskrypcji lub za\u017c\u0105da usuni\u0119cia tych informacji z naszych system\u00f3w na \u017cywo. Je\u015bli zdecydujesz si\u0119 zrezygnowa\u0107 z subskrypcji, mo\u017cemy zachowa\u0107 pewne ograniczone informacje o Tobie, aby m\u00f3c uszanowa\u0107 Twoj\u0105 pro\u015bb\u0119.<\/p>\n\n\n\n<p class=\"wp-block-paragraph\">WordPress.org nie b\u0119dzie usuwa\u0107 danych osobowych z log\u00f3w ani zapis\u00f3w niezb\u0119dnych do dzia\u0142ania, rozwoju lub archiw\u00f3w projektu open source WordPress.<\/p>\n\n\n\n<p class=\"wp-block-paragraph\">WordPress.org b\u0119dzie przechowywa\u0107 dane uczestnik\u00f3w WordCamp przez 3 lata, aby lepiej \u015bledzi\u0107 i wspiera\u0107 rozw\u00f3j spo\u0142eczno\u015bci, a nast\u0119pnie automatycznie usunie nieistotne dane zebrane podczas rejestracji. Imi\u0119 i nazwisko oraz adres e-mail uczestnika b\u0119d\u0105 przechowywane na sta\u0142e, aby zachowa\u0107 mo\u017cliwo\u015b\u0107 reagowania na zg\u0142oszenia naruszenia kodeksu post\u0119powania.<\/p>\n\n\n\n<p class=\"wp-block-paragraph\">Na stronach WordCamp.org dane bankowe\/finansowe zebrane w ramach wniosku o zwrot koszt\u00f3w s\u0105 usuwane z WordCamp.org 7 dni po oznaczeniu wniosku jako op\u0142acony. 7-dniowy okres retencji ma na celu zapobieganie konieczno\u015bci ponownego wprowadzania danych bankowych przez organizator\u00f3w w przypadku niepowodzenia przelewu lub b\u0142\u0119dnego oznaczenia p\u0142atno\u015bci jako &#8222;Zap\u0142acona&#8221;. Faktury i rachunki zwi\u0105zane z wydatkami WordCamp s\u0105 przechowywane przez 7 lat po zamkni\u0119ciu audytu za dany rok kalendarzowy, zgodnie z instrukcjami naszych konsultant\u00f3w finansowych (audytor\u00f3w i ksi\u0119gowych).<\/p>\n\n\n\n<p class=\"wp-block-paragraph\">Gdy usuni\u0119cie danych jest wymagane lub konieczne z innych przyczyn, zanonimizujemy dane os\u00f3b, kt\u00f3rych one dotycz\u0105, i\/lub usuniemy ich informacje z publicznie dost\u0119pnych witryn, je\u015bli usuni\u0119cie danych mog\u0142oby zak\u0142\u00f3ci\u0107 dzia\u0142anie kluczowych system\u00f3w lub uszkodzi\u0107 logi lub zapisy niezb\u0119dne do dzia\u0142ania, rozwoju lub archiw\u00f3w projektu open source WordPress.<\/p>\n\n\n\n<p class=\"wp-block-paragraph\">Je\u015bli chcesz za\u017c\u0105da\u0107 usuni\u0119cia swojego konta i powi\u0105zanych danych, wykonaj nast\u0119puj\u0105ce kroki:<\/p>\n\n\n\n<ol start=\"1\" class=\"wp-block-list\">\n<li>Odwied\u017a <code>https:\/\/wordpress.org\/about\/privacy\/data-erasure-request\/<\/code>.<\/li>\n\n\n\n<li>Wprowad\u017a sw\u00f3j adres e-mail.<\/li>\n\n\n\n<li>Kliknij &#8222;Accept Declaration and Request Permanent Account Deletion&#8221; (Zaakceptuj o\u015bwiadczenie i popro\u015b o trwa\u0142e usuni\u0119cie konta).<\/li>\n<\/ol>\n\n\n\n<p class=\"wp-block-paragraph\"><em>Uwaga: Je\u015bli masz konto WP.org, zaleca si\u0119 zalogowanie przed wys\u0142aniem pro\u015bby, aby powi\u0105za\u0107 j\u0105 ze swoim kontem.<\/em><\/p>\n\n\n\n<h3 class=\"wp-block-heading\">Prawa w odniesieniu do Twoich informacji<\/h3>\n\n\n\n<p class=\"wp-block-paragraph\">Zgodnie z prawem o ochronie danych mo\u017cesz mie\u0107 pewne prawa w odniesieniu do danych osobowych, kt\u00f3re o Tobie przechowujemy. W szczeg\u00f3lno\u015bci mo\u017cesz mie\u0107 prawo do:<\/p>\n\n\n\n<ul class=\"wp-block-list\">\n<li>\u017c\u0105dania kopii danych osobowych, kt\u00f3re o Tobie przechowujemy;<\/li>\n\n\n\n<li>pro\u015bby o aktualizacj\u0119 danych osobowych, kt\u00f3re o Tobie przechowujemy, lub samodzielnego poprawienia tych danych, kt\u00f3re uwa\u017casz za nieprawid\u0142owe lub niekompletne;<\/li>\n\n\n\n<li>pro\u015bby o usuni\u0119cie z system\u00f3w na \u017cywo danych osobowych, kt\u00f3re o Tobie przechowujemy, lub ograniczenia sposobu, w jaki wykorzystujemy te dane (informacje na temat usuwania z archiw\u00f3w znajduj\u0105 si\u0119 w sekcji &#8222;Przechowywanie danych osobowych&#8221;);<\/li>\n\n\n\n<li>sprzeciwu wobec przetwarzania przez nas Twoich danych osobowych; i\/lub<\/li>\n\n\n\n<li>wycofania zgody na przetwarzanie przez nas Twoich danych osobowych (w zakresie, w jakim takie przetwarzanie opiera si\u0119 na zgodzie i zgoda jest jedyn\u0105 dopuszczaln\u0105 podstaw\u0105 przetwarzania).<\/li>\n<\/ul>\n\n\n\n<p class=\"wp-block-paragraph\">Je\u015bli chcesz skorzysta\u0107 z tych praw lub dowiedzie\u0107 si\u0119, czy te prawa Ci przys\u0142uguj\u0105, post\u0119puj zgodnie z instrukcjami na ko\u0144cu niniejszego o\u015bwiadczenia o prywatno\u015bci.<\/p>\n\n\n\n<h3 class=\"wp-block-heading\">Linki do stron trzecich<\/h3>\n\n\n\n<p class=\"wp-block-paragraph\">Nasza strona internetowa mo\u017ce zawiera\u0107 linki do innych witryn udost\u0119pnianych przez strony trzecie, kt\u00f3re nie s\u0105 pod nasz\u0105 kontrol\u0105. Przechodz\u0105c pod link i podaj\u0105c informacje stronie trzeciej, pami\u0119taj, \u017ce nie ponosimy odpowiedzialno\u015bci za dane przekazane tej stronie. Niniejsza polityka prywatno\u015bci dotyczy tylko stron internetowych wymienionych na pocz\u0105tku tego dokumentu, dlatego odwiedzaj\u0105c inne witryny, nawet po klikni\u0119ciu linku zamieszczonego na WordPress.org, nale\u017cy zapozna\u0107 si\u0119 z ich w\u0142asnymi politykami prywatno\u015bci.<\/p>\n\n\n\n<h3 class=\"wp-block-heading\">Statystyki zagregowane<\/h3>\n\n\n\n<p class=\"wp-block-paragraph\">WordPress.org mo\u017ce zbiera\u0107 statystyki dotycz\u0105ce zachowa\u0144 odwiedzaj\u0105cych swoje strony internetowe. Na przyk\u0142ad, WordPress.org mo\u017ce ujawni\u0107, ile razy pobrano okre\u015blon\u0105 wersj\u0119 WordPressa lub poinformowa\u0107, kt\u00f3re wtyczki s\u0105 najpopularniejsze, na podstawie danych zebranych przez <code>api.wordpress.org<\/code> \u2013 us\u0142ug\u0119 internetow\u0105 u\u017cywan\u0105 przez instalacje WordPressa do sprawdzania nowych wersji WordPressa i wtyczek. Jednak\u017ce WordPress.org nie ujawnia danych osobowych w spos\u00f3b inny ni\u017c opisany w niniejszej polityce.<\/p>\n\n\n\n<h3 class=\"wp-block-heading\">Pliki cookie (ciasteczka)<\/h3>\n\n\n\n<p class=\"wp-block-paragraph\">Dodatkowo, informacje o tym, jak korzystasz z naszej strony internetowej, s\u0105 zbierane automatycznie za pomoc\u0105 &#8222;ciasteczek&#8221; (cookies). Ciasteczka to pliki tekstowe umieszczane na Twoim komputerze w celu zbierania standardowych informacji z log\u00f3w internetowych oraz informacji o zachowaniu odwiedzaj\u0105cych. Informacje te s\u0105 wykorzystywane do \u015bledzenia korzystania z witryny przez odwiedzaj\u0105cych oraz do tworzenia raport\u00f3w statystycznych na temat aktywno\u015bci na stronie.<\/p>\n\n\n\n<p class=\"wp-block-paragraph\">Wi\u0119cej informacji o tym, jakie pliki cookie s\u0105 zbierane na WordPress.org, znajdziesz w naszej polityce dotycz\u0105cej plik\u00f3w cookie.<\/p>\n\n\n\n<h3 class=\"wp-block-heading\">Zmiany w polityce prywatno\u015bci<\/h3>\n\n\n\n<p class=\"wp-block-paragraph\">Chocia\u017c wi\u0119kszo\u015b\u0107 zmian b\u0119dzie prawdopodobnie niewielka, WordPress.org mo\u017ce od czasu do czasu zmienia\u0107 swoj\u0105 Polityk\u0119 Prywatno\u015bci, wed\u0142ug w\u0142asnego uznania. WordPress.org zach\u0119ca odwiedzaj\u0105cych do cz\u0119stego sprawdzania tej strony w poszukiwaniu wszelkich zmian w Polityce Prywatno\u015bci. Dalsze korzystanie z tej witryny po wprowadzeniu jakichkolwiek zmian w niniejszej Polityce Prywatno\u015bci b\u0119dzie stanowi\u0142o akceptacj\u0119 takich zmian.<\/p>\n\n\n\n<h3 class=\"wp-block-heading\">Kontakt<\/h3>\n\n\n\n<p class=\"wp-block-paragraph\">Prosimy pami\u0119ta\u0107, \u017ce nie mo\u017cemy udziela\u0107 pomocy ani informacji na temat innych stron internetowych, w tym tych, kt\u00f3re mog\u0105 dzia\u0142a\u0107 na oprogramowaniu open source WordPress, ale s\u0105 hostowane przez strony trzecie.<\/p>\n\n\n\n<p class=\"wp-block-paragraph\">Sugerujemy bezpo\u015bredni kontakt z w\u0142a\u015bcicielem lub autorem witryny. Aby znale\u017a\u0107 wi\u0119cej informacji o ho\u015bcie lub rejestratorze domeny, mo\u017cesz u\u017cy\u0107 tych narz\u0119dzi:<\/p>\n\n\n\n<ul class=\"wp-block-list\">\n<li><code>https:\/\/lookup.icann.org<\/code><\/li>\n\n\n\n<li><code>https:\/\/www.whoishostingthis.com\/<\/code><\/li>\n<\/ul>\n\n\n\n<p class=\"wp-block-paragraph\">Je\u015bli masz jakiekolwiek pytania dotycz\u0105ce naszej polityki prywatno\u015bci lub informacji, kt\u00f3re o Tobie przechowujemy, skontaktuj si\u0119 z nami, wysy\u0142aj\u0105c e-mail na adres <code>dpo@wordpress.org<\/code>.<\/p>\n","protected":false},"excerpt":{"rendered":"<p>Strony internetowe WordPress.org (okre\u015blane w tym dokumencie zbiorczo jako &#8222;WordPress.org&#8221;) odnosz\u0105 si\u0119 do witryn hostowanych na domenach WordPress.org, WordPress.net, WordCamp.org, BuddyPress.org, bbPress.org oraz innych powi\u0105zanych domenach i subdomenach. Niniejsza polityka prywatno\u015bci opisuje, w jaki spos\u00f3b WordPress.org wykorzystuje i chroni wszelkie informacje, kt\u00f3re nam przekazujesz. Zobowi\u0105zujemy si\u0119 do zapewnienia ochrony Twojej prywatno\u015bci. Je\u015bli podasz nam dane [&hellip;]<\/p>\n","protected":false},"author":23149107,"featured_media":0,"parent":0,"menu_order":0,"comment_status":"closed","ping_status":"closed","template":"","meta":{"_crdt_document":"","advanced_seo_description":"","jetpack_seo_html_title":"","jetpack_seo_noindex":false,"jetpack_post_was_ever_published":false,"footnotes":""},"class_list":["post-1064","page","type-page","status-publish","hentry"],"jetpack_sharing_enabled":true,"_links":{"self":[{"href":"https:\/\/wroclaw.wordcamp.org\/2025\/wp-json\/wp\/v2\/pages\/1064","targetHints":{"allow":["GET"]}}],"collection":[{"href":"https:\/\/wroclaw.wordcamp.org\/2025\/wp-json\/wp\/v2\/pages"}],"about":[{"href":"https:\/\/wroclaw.wordcamp.org\/2025\/wp-json\/wp\/v2\/types\/page"}],"author":[{"embeddable":true,"href":"https:\/\/wroclaw.wordcamp.org\/2025\/wp-json\/wp\/v2\/users\/23149107"}],"replies":[{"embeddable":true,"href":"https:\/\/wroclaw.wordcamp.org\/2025\/wp-json\/wp\/v2\/comments?post=1064"}],"version-history":[{"count":1,"href":"https:\/\/wroclaw.wordcamp.org\/2025\/wp-json\/wp\/v2\/pages\/1064\/revisions"}],"predecessor-version":[{"id":1065,"href":"https:\/\/wroclaw.wordcamp.org\/2025\/wp-json\/wp\/v2\/pages\/1064\/revisions\/1065"}],"wp:attachment":[{"href":"https:\/\/wroclaw.wordcamp.org\/2025\/wp-json\/wp\/v2\/media?parent=1064"}],"curies":[{"name":"wp","href":"https:\/\/api.w.org\/{rel}","templated":true}]}}