{"id":1985,"date":"2024-12-03T15:49:36","date_gmt":"2024-12-03T14:49:36","guid":{"rendered":"https:\/\/wroclaw.wordcamp.org\/2024\/?page_id=1985"},"modified":"2024-12-03T15:51:28","modified_gmt":"2024-12-03T14:51:28","slug":"nagrania","status":"publish","type":"page","link":"https:\/\/wroclaw.wordcamp.org\/2024\/nagrania\/","title":{"rendered":"Nagrania"},"content":{"rendered":"\n<div style=\"height:100px\" aria-hidden=\"true\" class=\"wp-block-spacer\"><\/div>\n\n\n\n<p><\/p>\n\n\n\n<p>Poni\u017cej znajdziecie wszystkie nagrania z prezentacji&nbsp;<br><\/p>\n\n\n\n<h2 class=\"wp-block-heading\" style=\"margin-top:var(--wp--preset--spacing--30);margin-bottom:var(--wp--preset--spacing--10)\">Organizacyjne<\/h2>\n\n\n\n<ul class=\"wp-block-list\">\n<li><a href=\"https:\/\/wordpress.tv\/2024\/12\/02\/otwarcie-wordcamp-wroclaw-2024\/\" target=\"_blank\" rel=\"noreferrer noopener\">Otwarcie WordCamp Wroc\u0142aw 2024<\/a><\/li>\n\n\n\n<li><a href=\"https:\/\/wordpress.tv\/2024\/11\/27\/katarzyna-tadaszak-szymon-kryczka-ewa-iwanska-zamkniecie-wordcamp-wroclaw-2024-zamkniecie-wordcamp-wroclaw-2024\/\" target=\"_blank\" rel=\"noreferrer noopener\">Zamkni\u0119cie WordCamp Wroc\u0142aw 2024<\/a><\/li>\n<\/ul>\n\n\n\n<div style=\"height:50px\" aria-hidden=\"true\" class=\"wp-block-spacer\"><\/div>\n\n\n\n<h2 class=\"wp-block-heading\" style=\"margin-top:var(--wp--preset--spacing--30);margin-bottom:var(--wp--preset--spacing--10)\">Bezpiecze\u0144stwo, Hosting:<\/h2>\n\n\n\n<ul class=\"wp-block-list\">\n<li>Artur Cyganek:&nbsp;<a href=\"https:\/\/wordpress.tv\/2024\/12\/01\/jak-zabezpieczac-srodowisko-web-przed-cyberatakami-ze-szczegolnym-uwzglednieniem-botow\/\" target=\"_blank\" rel=\"noreferrer noopener\">Jak zabezpiecza\u0107 \u015brodowisko WEB przed cyberatakami ze szczeg\u00f3lnym uwzgl\u0119dnieniem BOT&#8217;ow<\/a><\/li>\n\n\n\n<li>Maciek Palmowski:&nbsp;<a href=\"https:\/\/wordpress.tv\/2024\/12\/01\/jak-sie-zabezpieczac-czyli-o-security-w-wordpressie-2\/\" target=\"_blank\" rel=\"noreferrer noopener\">Jak si\u0119 zabezpiecza\u0107? Czyli o security w WordPressie<\/a><\/li>\n\n\n\n<li>Max Matloka:&nbsp;<a href=\"https:\/\/wordpress.tv\/2024\/12\/01\/dalem-shackowac-swoja-strone-abys-ty-nie-musial_a\/\" target=\"_blank\" rel=\"noreferrer noopener\">Da\u0142em shackowa\u0107 swoj\u0105 stron\u0119, aby\u015b Ty nie musia\u0142_a<\/a><\/li>\n\n\n\n<li>Mateusz Jureczko: <a href=\"https:\/\/wordpress.tv\/2024\/12\/01\/certyfikat-ssl-co-to-jest-i-dlaczego-jest-wazny\/\" data-type=\"link\" data-id=\"https:\/\/wordpress.tv\/2024\/12\/01\/certyfikat-ssl-co-to-jest-i-dlaczego-jest-wazny\/\" target=\"_blank\" rel=\"noreferrer noopener\">Certyfikat SSL \u2013 co to jest i dlaczego jest&nbsp;wa\u017cny?<\/a><\/li>\n\n\n\n<li>Micha\u0142 Trziszka: <a href=\"https:\/\/wordpress.tv\/2024\/11\/29\/jak-wybrac-idealny-hosting-dla-wordpress\/\" target=\"_blank\" rel=\"noreferrer noopener\">Jak wybra\u0107 idealny hosting dla wordpress?<\/a><\/li>\n<\/ul>\n\n\n\n<div style=\"height:50px\" aria-hidden=\"true\" class=\"wp-block-spacer\"><\/div>\n\n\n\n<h2 class=\"wp-block-heading\">Development:<\/h2>\n\n\n\n<ul class=\"wp-block-list\">\n<li>Dawid Urba\u0144ski:&nbsp;<a href=\"https:\/\/wordpress.tv\/2024\/12\/01\/uzywanie-komponentow-wordpressowych-poza-gutenbergiem\/\" target=\"_blank\" rel=\"noreferrer noopener\">U\u017cywanie komponent\u00f3w WordPressowych poza Gutenbergiem<\/a><\/li>\n\n\n\n<li>Maciej Lech:&nbsp;<a href=\"https:\/\/wordpress.tv\/2024\/12\/01\/gutenberg-na-sterydach-custom-bloki-w-kilka-minut\/\" target=\"_blank\" rel=\"noreferrer noopener\">Gutenberg na sterydach: Custom bloki w kilka minut<\/a><\/li>\n\n\n\n<li>Aleksandra Grygiel:&nbsp;<a href=\"https:\/\/wordpress.tv\/2024\/12\/01\/7-sposobow-na-przyspieszenie-dzialania-twojej-strony-www\/\" target=\"_blank\" rel=\"noreferrer noopener\">7 sposob\u00f3w na przyspieszenie dzia\u0142ania Twojej strony WWW<\/a><\/li>\n\n\n\n<li>Karol Sawka:&nbsp;<a href=\"https:\/\/wordpress.tv\/2024\/12\/02\/szybki-na-desktop-wolny-na-mobile-o-optymalizacji-wordpress-a-i-woocommerce-a-dla-urzadzen-mobilnych\/\" target=\"_blank\" rel=\"noreferrer noopener\">Szybki na desktop, wolny na mobile? O optymalizacji WordPress-a i WooCommerce-a<\/a><\/li>\n\n\n\n<li>Przemys\u0142aw Hernik:&nbsp;<a href=\"https:\/\/wordpress.tv\/2024\/12\/01\/gotowi-na-produkcje-osiem-kluczowych-aspektow-wdrozenia-wordpress-ktore-latwo-przeoczyc\/\" target=\"_blank\" rel=\"noreferrer noopener\">Gotowi na produkcj\u0119?<\/a><\/li>\n\n\n\n<li>Rafa\u0142 Dziwi\u0144ski:&nbsp;<a href=\"https:\/\/wordpress.tv\/2024\/12\/02\/wordpress-kubernetes-dlaczego-warto\/\" target=\"_blank\" rel=\"noreferrer noopener\">WordPress + Kubernetes, dlaczego warto?<\/a><\/li>\n\n\n\n<li>Maciej Kuchnik: <a href=\"https:\/\/wordpress.tv\/2024\/11\/29\/przychodzi-freelancer-do-teamu-i-spotyka-gita-commity-pull-requesty-code-review-i-automatyczne\/\" target=\"_blank\" rel=\"noreferrer noopener\">Przychodzi freelancer do teamu i spotyka Git\u2019a, commity, pull requesty, code review i automatyczne\u2026<\/a><\/li>\n\n\n\n<li>Adam Zieli\u0144ski:&nbsp;<a href=\"https:\/\/wordpress.tv\/2024\/12\/02\/wordpress-playground-przelom-w-wordpressie-2\/\" target=\"_blank\" rel=\"noreferrer noopener\">WordPress Playground \u2013 Prze\u0142om w WordPressie<\/a><\/li>\n<\/ul>\n\n\n\n<div style=\"height:50px\" aria-hidden=\"true\" class=\"wp-block-spacer\"><\/div>\n\n\n\n<h2 class=\"wp-block-heading\">Full Site Editing:<\/h2>\n\n\n\n<ul class=\"wp-block-list\">\n<li>Piotr Bro\u017cek: <a href=\"https:\/\/wordpress.tv\/2024\/11\/30\/abc-personalizacji-wordpressa-motywy-i-kolory\/\" data-type=\"link\" data-id=\"https:\/\/wordpress.tv\/2024\/11\/30\/abc-personalizacji-wordpressa-motywy-i-kolory\/\" target=\"_blank\" rel=\"noreferrer noopener\">ABC Personalizacji WordPressa \u2013 motywy i&nbsp;kolory<\/a><\/li>\n<\/ul>\n\n\n\n<ul class=\"wp-block-list\">\n<li>Micha\u0142 Strze\u015bniewski:&nbsp;<a href=\"https:\/\/wordpress.tv\/2024\/12\/02\/full-site-editing-w-podejsciu-headlessowym-case-study-3\/\" target=\"_blank\" rel=\"noreferrer noopener\">Full Site Editing w podej\u015bciu Headlessowym<\/a><\/li>\n\n\n\n<li>Magdalena Paciorek:&nbsp;<a href=\"https:\/\/wordpress.tv\/2024\/12\/02\/wlasne-typy-postow-w-edytorze-blokowym\/\" target=\"_blank\" rel=\"noreferrer noopener\">W\u0142asne typy post\u00f3w w edytorze blokowym<\/a><\/li>\n<\/ul>\n\n\n\n<div style=\"height:50px\" aria-hidden=\"true\" class=\"wp-block-spacer\"><\/div>\n\n\n\n<h2 class=\"wp-block-heading\" style=\"margin-top:var(--wp--preset--spacing--30);margin-bottom:var(--wp--preset--spacing--10)\">SEO i Dost\u0119pno\u015b\u0107:<\/h2>\n\n\n\n<ul class=\"wp-block-list\">\n<li>Piotr Mo\u0144ka:&nbsp;<a href=\"https:\/\/wordpress.tv\/2024\/12\/01\/accessibility-w-praktyce-jak-zbudowac-wydajna-strone-dostepna-dla-wszystkich\/\" target=\"_blank\" rel=\"noreferrer noopener\">Accessibility w praktyce: Jak zbudowa\u0107 wydajn\u0105 stron\u0119 dost\u0119pn\u0105 dla wszystkich<\/a><\/li>\n\n\n\n<li>Joanna Jelenik:&nbsp;<a href=\"https:\/\/wordpress.tv\/2024\/12\/02\/kazdy-klik-ma-znaczenie-seo-a-deploy-maintenance-dev\/\" target=\"_blank\" rel=\"noreferrer noopener\">Ka\u017cdy klik ma znaczenie \u2013 SEO a deploy\/maintenance DEV<\/a><\/li>\n\n\n\n<li>Sebastian Mi\u015bniakiewicz:&nbsp;<a href=\"https:\/\/wordpress.tv\/2024\/12\/01\/podstawy-seo-na-wordpressie\/\" target=\"_blank\" rel=\"noreferrer noopener\">Podstawy SEO na WordPressie<\/a><\/li>\n<\/ul>\n\n\n\n<div style=\"height:50px\" aria-hidden=\"true\" class=\"wp-block-spacer\"><\/div>\n\n\n\n<h2 class=\"wp-block-heading\" style=\"margin-top:var(--wp--preset--spacing--30);margin-bottom:var(--wp--preset--spacing--10)\">Biznes<\/h2>\n\n\n\n<ul class=\"wp-block-list\">\n<li>Joanna Ragin:&nbsp;<a href=\"https:\/\/wordpress.tv\/2024\/11\/29\/jeszcze-przed-abc-zanim-podejmiesz-pierwsze-kroki\/\" target=\"_blank\" rel=\"noreferrer noopener\">Jeszcze przed ABC! zanim podejmiesz pierwsze kroki<\/a><\/li>\n\n\n\n<li>Karolina Tanona:&nbsp;<a href=\"https:\/\/wordpress.tv\/2024\/12\/01\/ale-dlaczego-dostalem-to-czego-chcialem-o-wyzwaniach-w-skutecznej-komunikacji-miedzy-klientami-a-deweloperami\/\" target=\"_blank\" rel=\"noreferrer noopener\">Ale dlaczego dosta\u0142em to, czego chcia\u0142em?<\/a><\/li>\n\n\n\n<li>Aga Mali\u0144ska:&nbsp;<a href=\"https:\/\/wordpress.tv\/2024\/12\/01\/najpopularniejsze-bledy-osob-poczatkujacych-w-tworzeniu-stron-na-wordpress-dla-klientow\/\" target=\"_blank\" rel=\"noreferrer noopener\">Najpopularniejsze b\u0142\u0119dy os\u00f3b pocz\u0105tkuj\u0105cych<\/a><\/li>\n\n\n\n<li>Monika Bartnik: <a href=\"https:\/\/wordpress.tv\/2024\/12\/01\/od-lajka-do-klienta-poznaj-skuteczna-strategie-social-sellingu\/\" target=\"_blank\" rel=\"noreferrer noopener\">Od lajka do Klienta: Poznaj skuteczn\u0105 strategie Social&nbsp;Sellingu<\/a><\/li>\n\n\n\n<li>Kasia Aleszczyk:&nbsp;<a href=\"https:\/\/wordpress.tv\/2024\/12\/02\/czy-aby-przypadkiem-nie-cenisz-sie-zbyt-nisko\/\" target=\"_blank\" rel=\"noreferrer noopener\">Czy aby przypadkiem nie cenisz si\u0119 zbyt nisko?<\/a><\/li>\n\n\n\n<li>Szymon Kryczka:&nbsp;<a href=\"https:\/\/wordpress.tv\/2024\/12\/02\/unikaj-pulapek-komunikacyjnych-najczestsze-bledy-w-zarzadzaniu-projektami\/\" target=\"_blank\" rel=\"noreferrer noopener\">Unikaj pu\u0142apek komunikacyjnych<\/a><\/li>\n\n\n\n<li>Aga Mali\u0144ska:&nbsp;<a href=\"https:\/\/wordpress.tv\/2024\/12\/02\/jak-nie-wspolpracowac-z-wysokobudzetowym-klientem-strony-wordpress\/\" target=\"_blank\" rel=\"noreferrer noopener\">Jak (nie) wsp\u00f3\u0142pracowa\u0107 z wysokobud\u017cetowym Klientem<\/a><\/li>\n\n\n\n<li>Dominik Wysocki:&nbsp;<a href=\"https:\/\/wordpress.tv\/2024\/11\/29\/od-zlecenia-do-pozwu-czego-nauczyl-nas-proces-sadowy-o-wdrazaniu-stron-internetowych\/\" target=\"_blank\" rel=\"noreferrer noopener\">Od zlecenia do pozwu \u2013 czego nauczy\u0142 nas proces s\u0105dowy o wdra\u017caniu stron internetowych<\/a><\/li>\n\n\n\n<li>Piotr Kantorowski:&nbsp;<a href=\"https:\/\/wordpress.tv\/2024\/12\/02\/wszystko-zaczyna-sie-od-umowy-czyli-tych-bledow-nie-popelniaj-robiac-strone-na-wordpressie\/\" target=\"_blank\" rel=\"noreferrer noopener\">Wszystko zaczyna si\u0119 od umowy, czyli tych b\u0142\u0119d\u00f3w nie pope\u0142niaj robi\u0105c stron\u0119 na WordPressie<\/a><\/li>\n\n\n\n<li>Karolina Tanona i Tomasz Ko\u0142kiewicz: <a href=\"https:\/\/wordpress.tv\/2024\/11\/29\/biznes-w-barterze-jak-rozwijac-firme-bez-angazowania-gotowki\/\">Biznes w barterze \u2013 jak rozwija\u0107 firm\u0119 bez anga\u017cowania got\u00f3wki<\/a><\/li>\n\n\n\n<li>Filip Sroka: <a href=\"https:\/\/wordpress.tv\/2024\/12\/02\/marketplace-na-woocommerce-jak-zarzadzac-sprzedawcami-i-platnosciami\/\" target=\"_blank\" rel=\"noreferrer noopener\">Marketplace na WooCommerce: Jak Zarz\u0105dza\u0107 Sprzedawcami i P\u0142atno\u015bciami<\/a><\/li>\n\n\n\n<li>Krzysztof Organek:&nbsp;<a href=\"https:\/\/wordpress.tv\/2024\/12\/02\/jak-utopic-miliony-w-produkcie-ktorego-nikt-nie-chce-poradnik-dla-odwaznych\/\" target=\"_blank\" rel=\"noreferrer noopener\">Jak utopi\u0107 miliony w produkcie<\/a><\/li>\n<\/ul>\n\n\n\n<div style=\"height:50px\" aria-hidden=\"true\" class=\"wp-block-spacer\"><\/div>\n\n\n\n<h2 class=\"wp-block-heading\">Spo\u0142eczno\u015b\u0107:&nbsp;<\/h2>\n\n\n\n<ul class=\"wp-block-list\">\n<li>Krzysztof Radzikowski:&nbsp;<a href=\"https:\/\/wordpress.tv\/2024\/12\/01\/contributing-twoj-wklad-w-rozwoj-wordpressa\/\" target=\"_blank\" rel=\"noreferrer noopener\">Contributing \u2013 Tw\u00f3j wk\u0142ad w rozw\u00f3j WordPressa<\/a><\/li>\n\n\n\n<li>Aleksandra Lema\u0144ska: <a href=\"https:\/\/wordpress.tv\/2024\/12\/02\/5-rzeczy-ktore-buduja-zaangazowana-i-dajaca-wartosc-spolecznosc\/\" target=\"_blank\" rel=\"noreferrer noopener\">5 rzeczy, kt\u00f3re buduj\u0105 zaanga\u017cowan\u0105 i daj\u0105c\u0105 warto\u015b\u0107 spo\u0142eczno\u015b\u0107<\/a><\/li>\n<\/ul>\n\n\n\n<div style=\"height:50px\" aria-hidden=\"true\" class=\"wp-block-spacer\"><\/div>\n\n\n\n<p>Dzi\u0119kujemy wszystkim prelegentom za dzielenie si\u0119 wiedz\u0105, a uczestnikom za \u015bwietne wydarzenie!&nbsp;<\/p>\n","protected":false},"excerpt":{"rendered":"<p>Poni\u017cej znajdziecie wszystkie nagrania z prezentacji&nbsp; Organizacyjne Bezpiecze\u0144stwo, Hosting: Development: Full Site Editing: SEO i Dost\u0119pno\u015b\u0107: Biznes Spo\u0142eczno\u015b\u0107:&nbsp; Dzi\u0119kujemy wszystkim prelegentom za dzielenie si\u0119 wiedz\u0105, a uczestnikom za \u015bwietne wydarzenie!&nbsp;<\/p>\n","protected":false},"author":22048929,"featured_media":0,"parent":0,"menu_order":0,"comment_status":"closed","ping_status":"closed","template":"","meta":{"jetpack_post_was_ever_published":false,"footnotes":""},"class_list":["post-1985","page","type-page","status-publish","hentry"],"jetpack_sharing_enabled":true,"_links":{"self":[{"href":"https:\/\/wroclaw.wordcamp.org\/2024\/wp-json\/wp\/v2\/pages\/1985","targetHints":{"allow":["GET"]}}],"collection":[{"href":"https:\/\/wroclaw.wordcamp.org\/2024\/wp-json\/wp\/v2\/pages"}],"about":[{"href":"https:\/\/wroclaw.wordcamp.org\/2024\/wp-json\/wp\/v2\/types\/page"}],"author":[{"embeddable":true,"href":"https:\/\/wroclaw.wordcamp.org\/2024\/wp-json\/wp\/v2\/users\/22048929"}],"replies":[{"embeddable":true,"href":"https:\/\/wroclaw.wordcamp.org\/2024\/wp-json\/wp\/v2\/comments?post=1985"}],"version-history":[{"count":4,"href":"https:\/\/wroclaw.wordcamp.org\/2024\/wp-json\/wp\/v2\/pages\/1985\/revisions"}],"predecessor-version":[{"id":1989,"href":"https:\/\/wroclaw.wordcamp.org\/2024\/wp-json\/wp\/v2\/pages\/1985\/revisions\/1989"}],"wp:attachment":[{"href":"https:\/\/wroclaw.wordcamp.org\/2024\/wp-json\/wp\/v2\/media?parent=1985"}],"curies":[{"name":"wp","href":"https:\/\/api.w.org\/{rel}","templated":true}]}}