{"id":12,"date":"2024-07-12T11:12:12","date_gmt":"2024-07-12T09:12:12","guid":{"rendered":"https:\/\/wroclaw.wordcamp.org\/2024\/organizers\/"},"modified":"2024-09-26T21:43:44","modified_gmt":"2024-09-26T19:43:44","slug":"organizatorzy","status":"publish","type":"page","link":"https:\/\/wroclaw.wordcamp.org\/2024\/organizatorzy\/","title":{"rendered":"Organizatorzy"},"content":{"rendered":"\n<div class=\"wp-block-query is-layout-flow wp-block-query-is-layout-flow\"><ul class=\"wp-block-post-template is-layout-flow wp-block-post-template-is-layout-flow\"><li class=\"wp-block-post post-112 wcb_organizer type-wcb_organizer status-publish hentry\">\n\n<div class=\"wp-block-columns is-layout-flex wp-container-core-columns-is-layout-8d88fe0f wp-block-columns-is-layout-flex\" style=\"padding-top:var(--wp--preset--spacing--20);padding-bottom:var(--wp--preset--spacing--20)\">\n<div class=\"wp-block-column is-layout-flow wp-block-column-is-layout-flow\" style=\"flex-basis:20%\">\n<div style=\"height:35px\" aria-hidden=\"true\" class=\"wp-block-spacer\"><\/div>\n\n\n<figure style=\"width:128px;height:128px;\" class=\"is-style-rounded wp-block-wordcamp-avatar\"><img decoding=\"async\" src=\"https:\/\/secure.gravatar.com\/avatar\/539522d7802394b808b2712e67a7fd0bfb0b7d077aa88f05c9be14b56df89ac8?s=128&amp;d=mm&amp;r=g\" alt=\"Katarzyna Tadaszak\" \/><\/figure><\/div>\n\n\n\n<div class=\"wp-block-column is-layout-flow wp-block-column-is-layout-flow\" style=\"flex-basis:80%\"><h2 style=\"padding-top:var(--wp--preset--spacing--10);padding-bottom:var(--wp--preset--spacing--20);\" class=\"wp-block-post-title\">Katarzyna Tadaszak<\/h2>\n\n<div class=\"entry-content wp-block-post-content is-layout-flow wp-container-core-post-content-is-layout-e3d1c41b wp-block-post-content-is-layout-flow\">\n<p>Jestem g\u0142\u00f3wnym organizatorem, odpowiem na pytania og\u00f3lne, rozwi\u0105zuj\u0119 spory, przyjmuj\u0119 skargi, robi\u0119 wszystko na co nikt inny nie ma ochoty.<\/p>\n\n\n\n<p>Pracuj\u0119 z lud\u017ami i pracuj\u0119 z WordPressem oraz z lud\u017ami w WordPressie w BonaSoft. Uwielbiam wolno\u015b\u0107 i kreatywno\u015b\u0107, kt\u00f3r\u0105 umo\u017cliwia WordPress i wybaczam mu wszystkie problemy, kt\u00f3re mi sprawia. Od 2019 r. jestem fank\u0105 kolorowej wordpressowej spo\u0142eczno\u015bci i staram si\u0119, jak mog\u0119, by\u0107 jej godn\u0105 cz\u0119\u015bci\u0105.<\/p>\n<\/div><\/div>\n<\/div>\n\n\n\n<hr class=\"wp-block-separator has-css-opacity is-style-wide\" \/>\n\n<\/li><li class=\"wp-block-post post-114 wcb_organizer type-wcb_organizer status-publish hentry\">\n\n<div class=\"wp-block-columns is-layout-flex wp-container-core-columns-is-layout-8d88fe0f wp-block-columns-is-layout-flex\" style=\"padding-top:var(--wp--preset--spacing--20);padding-bottom:var(--wp--preset--spacing--20)\">\n<div class=\"wp-block-column is-layout-flow wp-block-column-is-layout-flow\" style=\"flex-basis:20%\">\n<div style=\"height:35px\" aria-hidden=\"true\" class=\"wp-block-spacer\"><\/div>\n\n\n<figure style=\"width:128px;height:128px;\" class=\"is-style-rounded wp-block-wordcamp-avatar\"><img decoding=\"async\" src=\"https:\/\/secure.gravatar.com\/avatar\/a1515ccd70da1128042c26d05bbfa3aa78b78b34dd0da697a1b1fc8b26e60c2a?s=128&amp;d=mm&amp;r=g\" alt=\"Joanna Ragin\" \/><\/figure><\/div>\n\n\n\n<div class=\"wp-block-column is-layout-flow wp-block-column-is-layout-flow\" style=\"flex-basis:80%\"><h2 style=\"padding-top:var(--wp--preset--spacing--10);padding-bottom:var(--wp--preset--spacing--20);\" class=\"wp-block-post-title\">Joanna Ragin<\/h2>\n\n<div class=\"entry-content wp-block-post-content is-layout-flow wp-container-core-post-content-is-layout-e3d1c41b wp-block-post-content-is-layout-flow\">\n<p>Odpowiadam za stron\u0119 internetow\u0105 i sponsor\u00f3w, ale odpowiem r\u00f3wnie\u017c na inne pytania.<\/p>\n\n\n\n<p>Z WordPressem zwi\u0105zana jestem od 2019r. i od pocz\u0105tku specjalizuje si\u0119 w instalacjach Multisite. Zaczyna\u0142am jako tzw. &#8222;klikacz&#8221;, nast\u0119pnie jako konsultant prowadzi\u0142am wdro\u017cenia system\u00f3w w Urz\u0119dach oraz na Uczelniach. Obecnie pracuj\u0119 jako Product Manager (przy tematach r\u00f3wnie\u017c \u015bci\u015ble zwi\u0105zanych z WordPressem).<\/p>\n<\/div><\/div>\n<\/div>\n\n\n\n<hr class=\"wp-block-separator has-css-opacity is-style-wide\" \/>\n\n<\/li><li class=\"wp-block-post post-116 wcb_organizer type-wcb_organizer status-publish hentry\">\n\n<div class=\"wp-block-columns is-layout-flex wp-container-core-columns-is-layout-8d88fe0f wp-block-columns-is-layout-flex\" style=\"padding-top:var(--wp--preset--spacing--20);padding-bottom:var(--wp--preset--spacing--20)\">\n<div class=\"wp-block-column is-layout-flow wp-block-column-is-layout-flow\" style=\"flex-basis:20%\">\n<div style=\"height:35px\" aria-hidden=\"true\" class=\"wp-block-spacer\"><\/div>\n\n\n<figure style=\"width:128px;height:128px;\" class=\"is-style-rounded wp-block-wordcamp-avatar\"><img decoding=\"async\" src=\"https:\/\/secure.gravatar.com\/avatar\/812c25cf0cdc5dd1cf8ef3a01dce2c6de1d7eded5d33ed8881ef053c4223e1cc?s=128&amp;d=mm&amp;r=g\" alt=\"Piotr Niewiadomski\" \/><\/figure><\/div>\n\n\n\n<div class=\"wp-block-column is-layout-flow wp-block-column-is-layout-flow\" style=\"flex-basis:80%\"><h2 style=\"padding-top:var(--wp--preset--spacing--10);padding-bottom:var(--wp--preset--spacing--20);\" class=\"wp-block-post-title\">Piotr Niewiadomski<\/h2>\n\n<div class=\"entry-content wp-block-post-content is-layout-flow wp-container-core-post-content-is-layout-e3d1c41b wp-block-post-content-is-layout-flow\">\n<p>Odpowiadam za rekrutacj\u0119 prelegent\u00f3w i ogranizacj\u0119 prelekcji.<\/p>\n\n\n\n<p>Tech Lead i WordPress Jedi w Piwik PRO. Z WordPressa \u017cyje od 2010 roku. Wielokrotny prelegent lokalnych WordUp\u00f3w jak i og\u00f3lnopolskich WordCamp\u00f3w. Autor ponad 20 wtyczek udost\u0119pnionych w oficjalnym repozytorium WordPressa.<\/p>\n<\/div><\/div>\n<\/div>\n\n\n\n<hr class=\"wp-block-separator has-css-opacity is-style-wide\" \/>\n\n<\/li><li class=\"wp-block-post post-190 wcb_organizer type-wcb_organizer status-publish has-post-thumbnail hentry\">\n\n<div class=\"wp-block-columns is-layout-flex wp-container-core-columns-is-layout-8d88fe0f wp-block-columns-is-layout-flex\" style=\"padding-top:var(--wp--preset--spacing--20);padding-bottom:var(--wp--preset--spacing--20)\">\n<div class=\"wp-block-column is-layout-flow wp-block-column-is-layout-flow\" style=\"flex-basis:20%\">\n<div style=\"height:35px\" aria-hidden=\"true\" class=\"wp-block-spacer\"><\/div>\n\n\n<figure style=\"width:128px;height:128px;\" class=\"is-style-rounded wp-block-wordcamp-avatar\"><img loading=\"lazy\" decoding=\"async\" width=\"128\" height=\"128\" src=\"https:\/\/wroclaw.wordcamp.org\/2024\/files\/2024\/09\/Natalia-150x150.png\" class=\"attachment-128x128 size-128x128 wp-post-image\" alt=\"Natalia Przybylska\" srcset=\"https:\/\/wroclaw.wordcamp.org\/2024\/files\/2024\/09\/Natalia-150x150.png 150w, https:\/\/wroclaw.wordcamp.org\/2024\/files\/2024\/09\/Natalia-300x300.png 300w, https:\/\/wroclaw.wordcamp.org\/2024\/files\/2024\/09\/Natalia-301x300.png 301w, https:\/\/wroclaw.wordcamp.org\/2024\/files\/2024\/09\/Natalia.png 600w\" sizes=\"auto, (max-width: 128px) 100vw, 128px\" \/><\/figure><\/div>\n\n\n\n<div class=\"wp-block-column is-layout-flow wp-block-column-is-layout-flow\" style=\"flex-basis:80%\"><h2 style=\"padding-top:var(--wp--preset--spacing--10);padding-bottom:var(--wp--preset--spacing--20);\" class=\"wp-block-post-title\">Natalia Przybylska<\/h2>\n\n<div class=\"entry-content wp-block-post-content is-layout-flow wp-container-core-post-content-is-layout-e3d1c41b wp-block-post-content-is-layout-flow\">\n<p>Odpowiadam za catering i imprezow\u0105 cz\u0119\u015b\u0107 Wordcampa.<\/p>\n\n\n\n<p><\/p>\n\n\n\n<p>Typowa Business Women. Na co dzie\u0144 zajmuje si\u0119 profesjonaln\u0105 organizacj\u0105 \u015blub\u00f3w i szkole\u0144 w ca\u0142ej Polsce oraz jestem w\u0142a\u015bcicielk\u0105 szko\u0142y j\u0119zykowej w moim rodzinnym mie\u015bcie. Rozw\u00f3j mo\u017cna rzec to moje drugie imi\u0119. Nie boje si\u0119 wyzwa\u0144 st\u0105d maj\u0105c podstawow\u0105 wiedz\u0119 postanowi\u0142am postawi\u0107 w\u0142asn\u0105 stron\u0119 na WordPressie! I tak o to znalaz\u0142 si\u0119 jeden &#8222;laik&#8221; w grupie specjalist\u00f3w \ud83e\udd2a<\/p>\n\n\n\n<p><\/p>\n<\/div><\/div>\n<\/div>\n\n\n\n<hr class=\"wp-block-separator has-css-opacity is-style-wide\" \/>\n\n<\/li><li class=\"wp-block-post post-192 wcb_organizer type-wcb_organizer status-publish hentry\">\n\n<div class=\"wp-block-columns is-layout-flex wp-container-core-columns-is-layout-8d88fe0f wp-block-columns-is-layout-flex\" style=\"padding-top:var(--wp--preset--spacing--20);padding-bottom:var(--wp--preset--spacing--20)\">\n<div class=\"wp-block-column is-layout-flow wp-block-column-is-layout-flow\" style=\"flex-basis:20%\">\n<div style=\"height:35px\" aria-hidden=\"true\" class=\"wp-block-spacer\"><\/div>\n\n\n<figure style=\"width:128px;height:128px;\" class=\"is-style-rounded wp-block-wordcamp-avatar\"><img decoding=\"async\" src=\"https:\/\/secure.gravatar.com\/avatar\/8e538f679fa08d71038097c63f4e65f73094ceb17cfc0c2761722480bc545465?s=128&amp;d=mm&amp;r=g\" alt=\"Gerard Urba\u0144ski\" \/><\/figure><\/div>\n\n\n\n<div class=\"wp-block-column is-layout-flow wp-block-column-is-layout-flow\" style=\"flex-basis:80%\"><h2 style=\"padding-top:var(--wp--preset--spacing--10);padding-bottom:var(--wp--preset--spacing--20);\" class=\"wp-block-post-title\">Gerard Urba\u0144ski<\/h2>\n\n<div class=\"entry-content wp-block-post-content is-layout-flow wp-container-core-post-content-is-layout-e3d1c41b wp-block-post-content-is-layout-flow\">\n<p>Wspomagam rekrutacj\u0119 prelegent\u00f3w oraz przygotowanie WordCampowych prelekcji.<\/p>\n\n\n\n<p>One Man Army \ud83d\ude42 &#8211; w\u0142a\u015bciciel firmy \/ freelancer od 2008 roku. WordPress \/ PHP Developer, Grafik, Seowiec. Prawdziwy pasjonat WordPressa i technologii webowych.<\/p>\n\n\n\n<p><\/p>\n<\/div><\/div>\n<\/div>\n\n\n\n<hr class=\"wp-block-separator has-css-opacity is-style-wide\" \/>\n\n<\/li><li class=\"wp-block-post post-194 wcb_organizer type-wcb_organizer status-publish has-post-thumbnail hentry\">\n\n<div class=\"wp-block-columns is-layout-flex wp-container-core-columns-is-layout-8d88fe0f wp-block-columns-is-layout-flex\" style=\"padding-top:var(--wp--preset--spacing--20);padding-bottom:var(--wp--preset--spacing--20)\">\n<div class=\"wp-block-column is-layout-flow wp-block-column-is-layout-flow\" style=\"flex-basis:20%\">\n<div style=\"height:35px\" aria-hidden=\"true\" class=\"wp-block-spacer\"><\/div>\n\n\n<figure style=\"width:128px;height:128px;\" class=\"is-style-rounded wp-block-wordcamp-avatar\"><img loading=\"lazy\" decoding=\"async\" width=\"128\" height=\"128\" src=\"https:\/\/wroclaw.wordcamp.org\/2024\/files\/2024\/09\/seswizerunkowa-166-3-150x150.jpg\" class=\"attachment-128x128 size-128x128 wp-post-image\" alt=\"Mary Czekaj\" srcset=\"https:\/\/wroclaw.wordcamp.org\/2024\/files\/2024\/09\/seswizerunkowa-166-3-150x150.jpg 150w, https:\/\/wroclaw.wordcamp.org\/2024\/files\/2024\/09\/seswizerunkowa-166-3-300x300.jpg 300w, https:\/\/wroclaw.wordcamp.org\/2024\/files\/2024\/09\/seswizerunkowa-166-3-1024x1024.jpg 1024w, https:\/\/wroclaw.wordcamp.org\/2024\/files\/2024\/09\/seswizerunkowa-166-3-768x768.jpg 768w, https:\/\/wroclaw.wordcamp.org\/2024\/files\/2024\/09\/seswizerunkowa-166-3-1536x1536.jpg 1536w, https:\/\/wroclaw.wordcamp.org\/2024\/files\/2024\/09\/seswizerunkowa-166-3-2048x2048.jpg 2048w\" sizes=\"auto, (max-width: 128px) 100vw, 128px\" \/><\/figure><\/div>\n\n\n\n<div class=\"wp-block-column is-layout-flow wp-block-column-is-layout-flow\" style=\"flex-basis:80%\"><h2 style=\"padding-top:var(--wp--preset--spacing--10);padding-bottom:var(--wp--preset--spacing--20);\" class=\"wp-block-post-title\">Mary Czekaj<\/h2>\n\n<div class=\"entry-content wp-block-post-content is-layout-flow wp-container-core-post-content-is-layout-e3d1c41b wp-block-post-content-is-layout-flow\">\n<p>Pomagam w sprawach organizacyjnych i marketingowych przy WordCamp Wroc\u0142aw 2024.<\/p>\n\n\n\n<p><\/p>\n\n\n\n<p>Na codzie\u0144 tworz\u0119 strony www jako freelancerka, a poza tym organizuj\u0119 spotkania networkingowe oraz inne wydarzenia dla os\u00f3b prowadz\u0105cych solobiznesy. Pracuj\u0119 g\u0142\u00f3wnie online, wi\u0119c stacjonarny WordCamp to dla mnie mi\u0142a odmiana rzeczywisto\u015bci \ud83d\ude09<\/p>\n<\/div><\/div>\n<\/div>\n\n\n\n<hr class=\"wp-block-separator has-css-opacity is-style-wide\" \/>\n\n<\/li><li class=\"wp-block-post post-218 wcb_organizer type-wcb_organizer status-publish has-post-thumbnail hentry\">\n\n<div class=\"wp-block-columns is-layout-flex wp-container-core-columns-is-layout-8d88fe0f wp-block-columns-is-layout-flex\" style=\"padding-top:var(--wp--preset--spacing--20);padding-bottom:var(--wp--preset--spacing--20)\">\n<div class=\"wp-block-column is-layout-flow wp-block-column-is-layout-flow\" style=\"flex-basis:20%\">\n<div style=\"height:35px\" aria-hidden=\"true\" class=\"wp-block-spacer\"><\/div>\n\n\n<figure style=\"width:128px;height:128px;\" class=\"is-style-rounded wp-block-wordcamp-avatar\"><img loading=\"lazy\" decoding=\"async\" width=\"128\" height=\"128\" src=\"https:\/\/wroclaw.wordcamp.org\/2024\/files\/2024\/09\/tomek-face-150x150.png\" class=\"attachment-128x128 size-128x128 wp-post-image\" alt=\"Tomasz Winiarski\" srcset=\"https:\/\/wroclaw.wordcamp.org\/2024\/files\/2024\/09\/tomek-face-150x150.png 150w, https:\/\/wroclaw.wordcamp.org\/2024\/files\/2024\/09\/tomek-face-300x300.png 300w, https:\/\/wroclaw.wordcamp.org\/2024\/files\/2024\/09\/tomek-face.png 519w\" sizes=\"auto, (max-width: 128px) 100vw, 128px\" \/><\/figure><\/div>\n\n\n\n<div class=\"wp-block-column is-layout-flow wp-block-column-is-layout-flow\" style=\"flex-basis:80%\"><h2 style=\"padding-top:var(--wp--preset--spacing--10);padding-bottom:var(--wp--preset--spacing--20);\" class=\"wp-block-post-title\">Tomasz Winiarski<\/h2>\n\n<div class=\"entry-content wp-block-post-content is-layout-flow wp-container-core-post-content-is-layout-e3d1c41b wp-block-post-content-is-layout-flow\">\n<p>Pomagam w obszarach, w kt\u00f3rych pomoc jest potrzebna \ud83d\ude09<br><br>Designer. Zawsze nakr\u0119cony pasj\u0105 do estetyki, w ka\u017cdym dzia\u0142aniu. Ulubione narz\u0119dzia? Excel (dzi\u015b Airtable \u2013 wybacz, Microsoft), Adobe InDesign i, oczywi\u015bcie, WordPress. Postawione wiele stron, przetestowane setki motyw\u00f3w i prawdopodobnie miliony wtyczek \u2013 wszystko po to, by zrobi\u0107 wiele nie pracuj\u0105c za du\u017co. Kodowanie? Nie. Klikanie? Zdecydowanie tak. Sprzedaje sw\u00f3j czas, projektuj\u0105c i ucz\u0105c ludzi, jak efektywnie pos\u0142ugiwa\u0107 si\u0119 ulubionymi narz\u0119dziami. I gra w Zeldy, r\u00f3\u017cne.<\/p>\n\n\n\n<p><\/p>\n<\/div><\/div>\n<\/div>\n\n\n\n<hr class=\"wp-block-separator has-css-opacity is-style-wide\" \/>\n\n<\/li><li class=\"wp-block-post post-694 wcb_organizer type-wcb_organizer status-publish hentry\">\n\n<div class=\"wp-block-columns is-layout-flex wp-container-core-columns-is-layout-8d88fe0f wp-block-columns-is-layout-flex\" style=\"padding-top:var(--wp--preset--spacing--20);padding-bottom:var(--wp--preset--spacing--20)\">\n<div class=\"wp-block-column is-layout-flow wp-block-column-is-layout-flow\" style=\"flex-basis:20%\">\n<div style=\"height:35px\" aria-hidden=\"true\" class=\"wp-block-spacer\"><\/div>\n\n\n<figure style=\"width:128px;height:128px;\" class=\"is-style-rounded wp-block-wordcamp-avatar\"><img decoding=\"async\" src=\"https:\/\/secure.gravatar.com\/avatar\/7ab520b56f9d1bb5e7c1e84abda32f452d9fbaea8532ad2b8fc7e215045f11ea?s=128&amp;d=mm&amp;r=g\" alt=\"Patryk Szymulewski\" \/><\/figure><\/div>\n\n\n\n<div class=\"wp-block-column is-layout-flow wp-block-column-is-layout-flow\" style=\"flex-basis:80%\"><h2 style=\"padding-top:var(--wp--preset--spacing--10);padding-bottom:var(--wp--preset--spacing--20);\" class=\"wp-block-post-title\">Patryk Szymulewski<\/h2>\n\n<div class=\"entry-content wp-block-post-content is-layout-flow wp-container-core-post-content-is-layout-e3d1c41b wp-block-post-content-is-layout-flow\">\n<p>Jestem managerem zarz\u0105dzaj\u0105cy Data Center oraz w\u0142a\u015bciciel firmy specjalizuj\u0105cej si\u0119 w hostingu i ochronie przed atakami DDoS dla u\u017cytkownik\u00f3w i przedsi\u0119biorstw. Dzi\u0119ki wieloletniemu do\u015bwiadczeniu w bran\u017cy IT, doskonale orientuje si\u0119 w wyzwaniach zwi\u0105zanych z bezpiecze\u0144stwem serwer\u00f3w i zapewnianiem niezawodnych us\u0142ug hostingowych.<\/p>\n\n\n\n<p>W polskim community WordPress jestem do\u015b\u0107 kr\u00f3tko bo od 2023 roku, lecz wordpressem zajmuje si\u0119 ju\u017c od 2014 roku<\/p>\n\n\n\n<p><\/p>\n<\/div><\/div>\n<\/div>\n\n\n\n<hr class=\"wp-block-separator has-css-opacity is-style-wide\" \/>\n\n<\/li><\/ul><\/div>\n","protected":false},"excerpt":{"rendered":"","protected":false},"author":15890890,"featured_media":0,"parent":0,"menu_order":0,"comment_status":"closed","ping_status":"closed","template":"","meta":{"jetpack_post_was_ever_published":false,"footnotes":""},"class_list":["post-12","page","type-page","status-publish","hentry"],"jetpack_sharing_enabled":true,"_links":{"self":[{"href":"https:\/\/wroclaw.wordcamp.org\/2024\/wp-json\/wp\/v2\/pages\/12","targetHints":{"allow":["GET"]}}],"collection":[{"href":"https:\/\/wroclaw.wordcamp.org\/2024\/wp-json\/wp\/v2\/pages"}],"about":[{"href":"https:\/\/wroclaw.wordcamp.org\/2024\/wp-json\/wp\/v2\/types\/page"}],"author":[{"embeddable":true,"href":"https:\/\/wroclaw.wordcamp.org\/2024\/wp-json\/wp\/v2\/users\/15890890"}],"replies":[{"embeddable":true,"href":"https:\/\/wroclaw.wordcamp.org\/2024\/wp-json\/wp\/v2\/comments?post=12"}],"version-history":[{"count":6,"href":"https:\/\/wroclaw.wordcamp.org\/2024\/wp-json\/wp\/v2\/pages\/12\/revisions"}],"predecessor-version":[{"id":776,"href":"https:\/\/wroclaw.wordcamp.org\/2024\/wp-json\/wp\/v2\/pages\/12\/revisions\/776"}],"wp:attachment":[{"href":"https:\/\/wroclaw.wordcamp.org\/2024\/wp-json\/wp\/v2\/media?parent=12"}],"curies":[{"name":"wp","href":"https:\/\/api.w.org\/{rel}","templated":true}]}}