{"id":11,"date":"2024-07-12T11:12:12","date_gmt":"2024-07-12T09:12:12","guid":{"rendered":"https:\/\/wroclaw.wordcamp.org\/2024\/location\/"},"modified":"2024-11-07T10:29:51","modified_gmt":"2024-11-07T09:29:51","slug":"lokalizacja","status":"publish","type":"page","link":"https:\/\/wroclaw.wordcamp.org\/2024\/lokalizacja\/","title":{"rendered":"Lokalizacja"},"content":{"rendered":"\n<p>W tym roku chcemy Was zaprosi\u0107 do zupe\u0142nie nowej przestrzeni. <\/p>\n\n\n\n<div class=\"wp-block-group is-layout-grid wp-container-core-group-is-layout-fa71e0ec wp-block-group-is-layout-grid\" style=\"padding-right:0px;padding-left:0px\">\n<p><a href=\"https:\/\/www.basecampstudent.com\/pl\/hotel\/wroclaw-hotel\/\">BASECAMP WROC\u0141AW<\/a>, bo tu si\u0119 widzimy pod koniec listopada, to na co dzie\u0144 akademik oraz nowoczesny hotel z dost\u0119pem do imponuj\u0105cych przestrzeni wsp\u00f3lnych. W przestrzeniach tych spotkamy si\u0119 na WordCamp Wroc\u0142aw 2024.<\/p>\n\n\n\n<figure class=\"wp-block-image size-large wp-container-content-b825cd3f\"><img loading=\"lazy\" decoding=\"async\" width=\"1024\" height=\"683\" src=\"https:\/\/wroclaw.wordcamp.org\/2024\/files\/2024\/09\/Exterior-BASECAMP-Student-Accommodation-Wroclaw-copy-1024x683.jpg\" alt=\"\" class=\"wp-image-202\" srcset=\"https:\/\/wroclaw.wordcamp.org\/2024\/files\/2024\/09\/Exterior-BASECAMP-Student-Accommodation-Wroclaw-copy-1024x683.jpg 1024w, https:\/\/wroclaw.wordcamp.org\/2024\/files\/2024\/09\/Exterior-BASECAMP-Student-Accommodation-Wroclaw-copy-300x200.jpg 300w, https:\/\/wroclaw.wordcamp.org\/2024\/files\/2024\/09\/Exterior-BASECAMP-Student-Accommodation-Wroclaw-copy-768x512.jpg 768w, https:\/\/wroclaw.wordcamp.org\/2024\/files\/2024\/09\/Exterior-BASECAMP-Student-Accommodation-Wroclaw-copy-450x300.jpg 450w, https:\/\/wroclaw.wordcamp.org\/2024\/files\/2024\/09\/Exterior-BASECAMP-Student-Accommodation-Wroclaw-copy-1536x1025.jpg 1536w, https:\/\/wroclaw.wordcamp.org\/2024\/files\/2024\/09\/Exterior-BASECAMP-Student-Accommodation-Wroclaw-copy.jpg 1920w\" sizes=\"auto, (max-width: 1024px) 100vw, 1024px\" \/><\/figure>\n\n\n\n<div class=\"googlemaps\">\n\t\t\t\t<iframe loading=\"lazy\" width=\"450\" height=\"400\" frameborder=\"0\" scrolling=\"no\" marginheight=\"0\" marginwidth=\"0\"  src=\"https:\/\/www.google.com\/maps\/embed?pb=!1m16!1m12!1m3!1d2504.5149235897975!2d17.0432165766966!3d51.11740938911856!2m3!1f0!2f0!3f0!3m2!1i1024!2i768!4f13.1!2m1!1sSIENKIEWICZA%2018\/22,%2050-335%20WROC\u0141AW,%20POLAND!5e0!3m2!1spl!2spl!4v1727173063437!5m2!1spl!2spl\"><\/iframe>\n\t\t\t<\/div>\n<\/div>\n\n\n\n<div style=\"height:50px\" aria-hidden=\"true\" class=\"wp-block-spacer\"><\/div>\n\n\n\n<h2 class=\"wp-block-heading\">Jak wykorzystamy t\u0119 przestrze\u0144?<\/h2>\n\n\n\n<p><strong>Contributor day <\/strong>&#8211; ka\u017cda sekcja tematyczna wsp\u00f3\u0142tw\u00f3rc\u00f3w zasi\u0105dzie w wyj\u0105tkowym obr\u0119bie z dost\u0119pem do gniazdek i stolik\u00f3w. Wszyscy b\u0119dziemy na du\u017cej sali, ale nie b\u0119dziemy sobie przeszkadza\u0107.<\/p>\n\n\n\n<p><\/p>\n\n\n\n<p><strong>Networking<\/strong> &#8211; zorganizujemy w przestrzeni na pierwszym pi\u0119trze, tam te\u017c znajdziecie stoiska sponsorskie bufet kawowy i rozrywki takie jak pi\u0142karzyki i minigolf.<\/p>\n\n\n\n<p><\/p>\n\n\n\n<p><strong>\u015acie\u017cka dla zaawansowanych<\/strong> &#8211; dedykowana sala na pierwszym pi\u0119trze, kt\u00f3ra urzeknie Was swoim minimalistycznym designem i historycznymi elementami (chocia\u017c mamy nadziej\u0119 \u017ce nie na tyle \u017ceby rozproszy\u0107 Wasz\u0105 uwag\u0119). <\/p>\n\n\n\n<p><\/p>\n\n\n\n<p><strong>\u015acie\u017cka dla pocz\u0105tkuj\u0105cych<\/strong> &#8211; wielkie betonowe schody, ogromne mi\u0119kkie poduchy, ekran i mikrofon. Tak w skr\u00f3cie b\u0119dzie wygl\u0105da\u0107 przestrze\u0144 na tej \u015bcie\u017cce* <\/p>\n\n\n\n<p><\/p>\n\n\n\n<p><strong>Warsztaty<\/strong> &#8211; ka\u017cdy warsztat odb\u0119dzie si\u0119 w salach umo\u017cliwiaj\u0105cych Wam swobodn\u0105 prac\u0119 zgodnie z instrukcjami prowadz\u0105cego.<\/p>\n\n\n\n<p><\/p>\n\n\n\n<p>*niekt\u00f3re obszary przestrzeni mog\u0105 sprawi\u0107 trudno\u015bci dla os\u00f3b o ograniczonych mo\u017cliwo\u015bciach ruchowych, je\u015bli zastanawiasz si\u0119 czy to mo\u017cesz by\u0107 Ty, daj nam zna\u0107 w uwagach przy zakupie biletu, a my zajmiemy Ci miejsce w dost\u0119pnej cz\u0119\u015bci tej przestrzeni. Chcemy aby ka\u017cdy z Was komfortowo sp\u0119dzi\u0142 ten czas. <\/p>\n\n\n\n<div style=\"height:50px\" aria-hidden=\"true\" class=\"wp-block-spacer\"><\/div>\n\n\n\n\n\n<div style=\"height:50px\" aria-hidden=\"true\" class=\"wp-block-spacer\"><\/div>\n\n\n\n<h2 class=\"wp-block-heading\">Middleparty<\/h2>\n\n\n\n<p>Zostajemy w obr\u0119bie Basecamp i zapraszamy na imprez\u0119.<\/p>\n\n\n\n<div style=\"height:50px\" aria-hidden=\"true\" class=\"wp-block-spacer\"><\/div>\n\n\n\n<h2 class=\"wp-block-heading\">Co je\u015bli nie jeste\u015b z Wroc\u0142awia?<\/h2>\n\n\n\n<p>Basecamp to nie tylko prywatny akademik studencki, ale r\u00f3wnie\u017c pokoje hotelowe, kt\u00f3re mo\u017cecie wynaj\u0105\u0107. Z okazji wydarzenia Basecamp przygotowa\u0142 dla nas specjaln\u0105 ofert\u0119:<\/p>\n\n\n\n<div style=\"height:50px\" aria-hidden=\"true\" class=\"wp-block-spacer\"><\/div>\n\n\n\n<div class=\"wp-block-group alignfull has-accent-4-background-color has-background has-global-padding is-layout-constrained wp-container-core-group-is-layout-7ef1d7ba wp-block-group-is-layout-constrained\" style=\"padding-top:var(--wp--preset--spacing--40);padding-bottom:var(--wp--preset--spacing--40)\">\n<div class=\"wp-block-group has-background has-global-padding is-layout-constrained wp-container-core-group-is-layout-c385debf wp-block-group-is-layout-constrained\" style=\"border-radius:16px;background-color:#00000052;padding-top:var(--wp--preset--spacing--20);padding-right:var(--wp--preset--spacing--20);padding-bottom:var(--wp--preset--spacing--20);padding-left:var(--wp--preset--spacing--20)\">\n<p class=\"has-large-font-size\">Oferta specjalna BaseCamp dla WordCamp Wroc\u0142aw 2024:<\/p>\n\n\n\n<p>240 PLN\/pok\u00f3j 1-os.\/doba* (sko\u0144czy\u0142y si\u0119 1-osobowe w ni\u017cszej cenie)<\/p>\n\n\n\n<p>240 PLN\/pok\u00f3j 2-os. z \u0142\u00f3\u017ckiem ma\u0142\u017ce\u0144skim\/doba*<\/p>\n\n\n\n<p>260 PLN\/pok\u00f3j 2-os. z dwoma \u0142\u00f3\u017ckami pojedynczymi\/doba*<\/p>\n\n\n\n<p>290 PLN\/studio z aneksem kuchennym\/doba*<\/p>\n\n\n\n<p><strong>* cena bez \u015bniadania<\/strong><\/p>\n\n\n\n<div style=\"height:50px\" aria-hidden=\"true\" class=\"wp-block-spacer\"><\/div>\n\n\n\n<div class=\"wp-block-group has-base-color has-contrast-background-color has-text-color has-background has-link-color wp-elements-b022a785834be6f7beddf47fad051329 has-global-padding is-layout-constrained wp-block-group-is-layout-constrained\" style=\"border-radius:16px\">\n<p>Rezerwacja na has\u0142o: <strong>WordCamp 2024<\/strong><\/p>\n\n\n\n<p><strong>Pro\u015bby o rezerwacje kierowa\u0107 na adres:&nbsp;<a href=\"mailto:wroclaw@basecampstudent.com\" target=\"_blank\" rel=\"noreferrer noopener\">wroclaw@basecampstudent.com<\/a><\/strong><\/p>\n<\/div>\n<\/div>\n<\/div>\n\n\n\n<div style=\"height:50px\" aria-hidden=\"true\" class=\"wp-block-spacer\"><\/div>\n\n\n\n<h2 class=\"wp-block-heading\">Pozosta\u0142e zalety tego miejsca<\/h2>\n\n\n\n<ul class=\"wp-block-list\">\n<li>Lokalizacja w samym sercu Wroc\u0142awia<\/li>\n\n\n\n<li>Super szybkie WiFi<\/li>\n\n\n\n<li>Pokoje z prywatnymi \u0142azienkami<\/li>\n\n\n\n<li>Kuchnia dost\u0119pna dla go\u015bci hotelowych<\/li>\n<\/ul>\n\n\n\n<div style=\"height:100px\" aria-hidden=\"true\" class=\"wp-block-spacer\"><\/div>\n","protected":false},"excerpt":{"rendered":"<p>W tym roku chcemy Was zaprosi\u0107 do zupe\u0142nie nowej przestrzeni. BASECAMP WROC\u0141AW, bo tu si\u0119 widzimy pod koniec listopada, to na co dzie\u0144 akademik oraz nowoczesny hotel z dost\u0119pem do imponuj\u0105cych przestrzeni wsp\u00f3lnych. W przestrzeniach tych spotkamy si\u0119 na WordCamp Wroc\u0142aw 2024. Jak wykorzystamy t\u0119 przestrze\u0144? Contributor day &#8211; ka\u017cda sekcja tematyczna wsp\u00f3\u0142tw\u00f3rc\u00f3w zasi\u0105dzie w [&hellip;]<\/p>\n","protected":false},"author":15890890,"featured_media":202,"parent":0,"menu_order":0,"comment_status":"closed","ping_status":"closed","template":"","meta":{"jetpack_post_was_ever_published":false,"footnotes":""},"class_list":["post-11","page","type-page","status-publish","has-post-thumbnail","hentry"],"jetpack_sharing_enabled":true,"_links":{"self":[{"href":"https:\/\/wroclaw.wordcamp.org\/2024\/wp-json\/wp\/v2\/pages\/11","targetHints":{"allow":["GET"]}}],"collection":[{"href":"https:\/\/wroclaw.wordcamp.org\/2024\/wp-json\/wp\/v2\/pages"}],"about":[{"href":"https:\/\/wroclaw.wordcamp.org\/2024\/wp-json\/wp\/v2\/types\/page"}],"author":[{"embeddable":true,"href":"https:\/\/wroclaw.wordcamp.org\/2024\/wp-json\/wp\/v2\/users\/15890890"}],"replies":[{"embeddable":true,"href":"https:\/\/wroclaw.wordcamp.org\/2024\/wp-json\/wp\/v2\/comments?post=11"}],"version-history":[{"count":17,"href":"https:\/\/wroclaw.wordcamp.org\/2024\/wp-json\/wp\/v2\/pages\/11\/revisions"}],"predecessor-version":[{"id":1598,"href":"https:\/\/wroclaw.wordcamp.org\/2024\/wp-json\/wp\/v2\/pages\/11\/revisions\/1598"}],"wp:featuredmedia":[{"embeddable":true,"href":"https:\/\/wroclaw.wordcamp.org\/2024\/wp-json\/wp\/v2\/media\/202"}],"wp:attachment":[{"href":"https:\/\/wroclaw.wordcamp.org\/2024\/wp-json\/wp\/v2\/media?parent=11"}],"curies":[{"name":"wp","href":"https:\/\/api.w.org\/{rel}","templated":true}]}}