{"id":8,"date":"2023-08-04T12:55:22","date_gmt":"2023-08-04T10:55:22","guid":{"rendered":"https:\/\/wroclaw.wordcamp.org\/2023\/speakers\/"},"modified":"2023-10-09T14:15:22","modified_gmt":"2023-10-09T12:15:22","slug":"prelegenci","status":"publish","type":"page","link":"https:\/\/wroclaw.wordcamp.org\/2023\/prelegenci\/","title":{"rendered":"Prelegenci"},"content":{"rendered":"\n<div class=\"wp-block-cover alignfull is-light\" style=\"margin-top:0px;padding-top:48px;padding-right:48px;padding-bottom:48px;padding-left:48px;min-height:46vh;aspect-ratio:unset;\"><span aria-hidden=\"true\" class=\"wp-block-cover__background has-background-dim-10 has-background-dim\"><\/span><img loading=\"lazy\" decoding=\"async\" width=\"2238\" height=\"2560\" class=\"wp-block-cover__image-background wp-image-238\" alt=\"\" src=\"https:\/\/wroclaw.wordcamp.org\/2023\/files\/2023\/08\/IMG_2385-scaled.jpg\" style=\"object-position:57% 43%\" data-object-fit=\"cover\" data-object-position=\"57% 43%\" srcset=\"https:\/\/wroclaw.wordcamp.org\/2023\/files\/2023\/08\/IMG_2385-scaled.jpg 2238w, https:\/\/wroclaw.wordcamp.org\/2023\/files\/2023\/08\/IMG_2385-262x300.jpg 262w, https:\/\/wroclaw.wordcamp.org\/2023\/files\/2023\/08\/IMG_2385-895x1024.jpg 895w, https:\/\/wroclaw.wordcamp.org\/2023\/files\/2023\/08\/IMG_2385-768x878.jpg 768w, https:\/\/wroclaw.wordcamp.org\/2023\/files\/2023\/08\/IMG_2385-1343x1536.jpg 1343w, https:\/\/wroclaw.wordcamp.org\/2023\/files\/2023\/08\/IMG_2385-1791x2048.jpg 1791w\" sizes=\"auto, (max-width: 2238px) 100vw, 2238px\" \/><div class=\"wp-block-cover__inner-container is-layout-flow wp-container-core-cover-is-layout-577fe0e5 wp-block-cover-is-layout-flow\">\n<div class=\"wp-block-group has-global-padding is-content-justification-right is-layout-constrained wp-container-core-group-is-layout-e26d82cb wp-block-group-is-layout-constrained\">\n<h2 class=\"wp-block-heading has-text-align-right has-white-color has-text-color\" style=\"padding-left:25vw;font-size:clamp(2.418rem, 2.418rem + ((1vw - 0.2rem) * 3.785), 4.5rem);font-style:normal;font-weight:700;letter-spacing:0px;line-height:1;text-transform:uppercase\">Chcesz zosta\u0107 prelegentem? <\/h2>\n\n\n\n<h2 class=\"wp-block-heading has-text-align-left has-white-color has-text-color\" style=\"padding-right:25vw;font-size:clamp(2.418rem, 2.418rem + ((1vw - 0.2rem) * 3.785), 4.5rem);font-style:normal;font-weight:700;letter-spacing:0px;line-height:1;text-transform:uppercase\"><br>Uzupe\u0142nij poni\u017cszy formularz<\/h2>\n<\/div>\n\n\n\n<div style=\"height:61px\" aria-hidden=\"true\" class=\"wp-block-spacer\"><\/div>\n\n\n\n<div class=\"wp-block-buttons is-content-justification-left is-nowrap is-layout-flex wp-container-core-buttons-is-layout-92e17da2 wp-block-buttons-is-layout-flex\">\n<div class=\"wp-block-button has-custom-font-size is-style-outline has-large-font-size is-style-outline--1\"><a class=\"wp-block-button__link has-base-color has-text-color has-background has-link-color has-border-color has-base-border-color wp-element-button\" href=\"#form\" style=\"background-color:#00000070\">SPRAWD\u0179<\/a><\/div>\n<\/div>\n<\/div><\/div>\n\n\n\n<div class=\"wp-block-group alignwide has-global-padding is-layout-constrained wp-block-group-is-layout-constrained\">\n<div class=\"wp-block-query alignwide has-global-padding is-layout-constrained wp-block-query-is-layout-constrained\"><h1 style=\"margin-top:var(--wp--preset--spacing--30);margin-bottom:var(--wp--preset--spacing--30);\" class=\"has-text-align-center wp-block-post-title\">Prelegenci<\/h1>\n\n<ul style=\"font-size:clamp(1.25rem, 1.25rem + ((1vw - 0.2rem) * 1.364), 2rem);text-transform:none;\" class=\"columns-3 alignwide wp-block-post-template is-layout-grid wp-container-core-post-template-is-layout-10753265 wp-block-post-template-is-layout-grid\"><li class=\"wp-block-post post-701 wcb_speaker type-wcb_speaker status-publish hentry\">\n\n<div class=\"wp-block-group has-background has-global-padding is-layout-constrained wp-block-group-is-layout-constrained\" style=\"background-color:#060918;padding-top:var(--wp--preset--spacing--30);padding-bottom:var(--wp--preset--spacing--30)\"><figure style=\"width:96px;height:96px;\" class=\"aligncenter is-style-default wp-block-wordcamp-avatar\"><img decoding=\"async\" src=\"https:\/\/secure.gravatar.com\/avatar\/82f8b6f87f741a78784d7453f52734516053272d36325c5cf23b24df0baffe8d?s=96&amp;d=mm&amp;r=g\" alt=\"Adam Zielinski\" \/><\/figure>\n\n<h2 style=\"font-size:clamp(1.066rem, 1.066rem + ((1vw - 0.2rem) * 1.062), 1.65rem);\" class=\"has-text-align-center has-link-color wp-elements-4081d8bc3c921d09997b9d1989d011c1 wp-block-post-title has-text-color has-tertiary-color\"><a href=\"https:\/\/wroclaw.wordcamp.org\/2023\/speaker\/adam-zielinski\/\" target=\"_self\" >Adam Zielinski<\/a><\/h2><\/div>\n\n<\/li><li class=\"wp-block-post post-709 wcb_speaker type-wcb_speaker status-publish has-post-thumbnail hentry\">\n\n<div class=\"wp-block-group has-background has-global-padding is-layout-constrained wp-block-group-is-layout-constrained\" style=\"background-color:#060918;padding-top:var(--wp--preset--spacing--30);padding-bottom:var(--wp--preset--spacing--30)\"><figure style=\"width:96px;height:96px;\" class=\"aligncenter is-style-default wp-block-wordcamp-avatar\"><img loading=\"lazy\" decoding=\"async\" width=\"96\" height=\"96\" src=\"https:\/\/wroclaw.wordcamp.org\/2023\/files\/2023\/09\/Projekt-bez-nazwy-11-150x150.jpg\" class=\"attachment-96x96 size-96x96 wp-post-image\" alt=\"Adrian Ka\u0142amajski\" srcset=\"https:\/\/wroclaw.wordcamp.org\/2023\/files\/2023\/09\/Projekt-bez-nazwy-11-150x150.jpg 150w, https:\/\/wroclaw.wordcamp.org\/2023\/files\/2023\/09\/Projekt-bez-nazwy-11-300x300.jpg 300w, https:\/\/wroclaw.wordcamp.org\/2023\/files\/2023\/09\/Projekt-bez-nazwy-11-1024x1024.jpg 1024w, https:\/\/wroclaw.wordcamp.org\/2023\/files\/2023\/09\/Projekt-bez-nazwy-11-768x768.jpg 768w, https:\/\/wroclaw.wordcamp.org\/2023\/files\/2023\/09\/Projekt-bez-nazwy-11.jpg 1080w\" sizes=\"auto, (max-width: 96px) 100vw, 96px\" \/><\/figure>\n\n<h2 style=\"font-size:clamp(1.066rem, 1.066rem + ((1vw - 0.2rem) * 1.062), 1.65rem);\" class=\"has-text-align-center has-link-color wp-elements-4081d8bc3c921d09997b9d1989d011c1 wp-block-post-title has-text-color has-tertiary-color\"><a href=\"https:\/\/wroclaw.wordcamp.org\/2023\/speaker\/adrian-kalamajski\/\" target=\"_self\" >Adrian Ka\u0142amajski<\/a><\/h2><\/div>\n\n<\/li><li class=\"wp-block-post post-715 wcb_speaker type-wcb_speaker status-publish has-post-thumbnail hentry\">\n\n<div class=\"wp-block-group has-background has-global-padding is-layout-constrained wp-block-group-is-layout-constrained\" style=\"background-color:#060918;padding-top:var(--wp--preset--spacing--30);padding-bottom:var(--wp--preset--spacing--30)\"><figure style=\"width:96px;height:96px;\" class=\"aligncenter is-style-default wp-block-wordcamp-avatar\"><img loading=\"lazy\" decoding=\"async\" width=\"96\" height=\"96\" src=\"https:\/\/wroclaw.wordcamp.org\/2023\/files\/2023\/10\/aga-foto-lin-150x150.jpeg\" class=\"attachment-96x96 size-96x96 wp-post-image\" alt=\"Agnieszka Mali\u0144ska\" srcset=\"https:\/\/wroclaw.wordcamp.org\/2023\/files\/2023\/10\/aga-foto-lin-150x150.jpeg 150w, https:\/\/wroclaw.wordcamp.org\/2023\/files\/2023\/10\/aga-foto-lin-300x300.jpeg 300w, https:\/\/wroclaw.wordcamp.org\/2023\/files\/2023\/10\/aga-foto-lin.jpeg 399w\" sizes=\"auto, (max-width: 96px) 100vw, 96px\" \/><\/figure>\n\n<h2 style=\"font-size:clamp(1.066rem, 1.066rem + ((1vw - 0.2rem) * 1.062), 1.65rem);\" class=\"has-text-align-center has-link-color wp-elements-4081d8bc3c921d09997b9d1989d011c1 wp-block-post-title has-text-color has-tertiary-color\"><a href=\"https:\/\/wroclaw.wordcamp.org\/2023\/speaker\/agnieszka-malinska\/\" target=\"_self\" >Agnieszka Mali\u0144ska<\/a><\/h2><\/div>\n\n<\/li><li class=\"wp-block-post post-949 wcb_speaker type-wcb_speaker status-publish hentry\">\n\n<div class=\"wp-block-group has-background has-global-padding is-layout-constrained wp-block-group-is-layout-constrained\" style=\"background-color:#060918;padding-top:var(--wp--preset--spacing--30);padding-bottom:var(--wp--preset--spacing--30)\"><figure style=\"width:96px;height:96px;\" class=\"aligncenter is-style-default wp-block-wordcamp-avatar\"><img decoding=\"async\" src=\"https:\/\/secure.gravatar.com\/avatar\/3eb68ef9c0ba492267248a9d5b31837d41aba4942a3e8a26d87ff8a8e5297d50?s=96&amp;d=mm&amp;r=g\" alt=\"Dawid Urba\u0144ski\" \/><\/figure>\n\n<h2 style=\"font-size:clamp(1.066rem, 1.066rem + ((1vw - 0.2rem) * 1.062), 1.65rem);\" class=\"has-text-align-center has-link-color wp-elements-4081d8bc3c921d09997b9d1989d011c1 wp-block-post-title has-text-color has-tertiary-color\"><a href=\"https:\/\/wroclaw.wordcamp.org\/2023\/speaker\/dawid-urbanski\/\" target=\"_self\" >Dawid Urba\u0144ski<\/a><\/h2><\/div>\n\n<\/li><li class=\"wp-block-post post-703 wcb_speaker type-wcb_speaker status-publish hentry\">\n\n<div class=\"wp-block-group has-background has-global-padding is-layout-constrained wp-block-group-is-layout-constrained\" style=\"background-color:#060918;padding-top:var(--wp--preset--spacing--30);padding-bottom:var(--wp--preset--spacing--30)\"><figure style=\"width:96px;height:96px;\" class=\"aligncenter is-style-default wp-block-wordcamp-avatar\"><img decoding=\"async\" src=\"https:\/\/secure.gravatar.com\/avatar\/a61af5cd9a78137214c3f0b276a3d07bdb931397f4d7861ce6b818fd062b542d?s=96&amp;d=mm&amp;r=g\" alt=\"Grzegorz Zi\u00f3\u0142kowski\" \/><\/figure>\n\n<h2 style=\"font-size:clamp(1.066rem, 1.066rem + ((1vw - 0.2rem) * 1.062), 1.65rem);\" class=\"has-text-align-center has-link-color wp-elements-4081d8bc3c921d09997b9d1989d011c1 wp-block-post-title has-text-color has-tertiary-color\"><a href=\"https:\/\/wroclaw.wordcamp.org\/2023\/speaker\/grzegorz-ziolkowski\/\" target=\"_self\" >Grzegorz Zi\u00f3\u0142kowski<\/a><\/h2><\/div>\n\n<\/li><li class=\"wp-block-post post-814 wcb_speaker type-wcb_speaker status-publish hentry\">\n\n<div class=\"wp-block-group has-background has-global-padding is-layout-constrained wp-block-group-is-layout-constrained\" style=\"background-color:#060918;padding-top:var(--wp--preset--spacing--30);padding-bottom:var(--wp--preset--spacing--30)\"><figure style=\"width:96px;height:96px;\" class=\"aligncenter is-style-default wp-block-wordcamp-avatar\"><img decoding=\"async\" src=\"https:\/\/secure.gravatar.com\/avatar\/4423d00d3f3507f5aecd23e1f82efbe78bc6ebb516f600db4d7c254b47803edb?s=96&amp;d=mm&amp;r=g\" alt=\"Kasia Aleszczyk\" \/><\/figure>\n\n<h2 style=\"font-size:clamp(1.066rem, 1.066rem + ((1vw - 0.2rem) * 1.062), 1.65rem);\" class=\"has-text-align-center has-link-color wp-elements-4081d8bc3c921d09997b9d1989d011c1 wp-block-post-title has-text-color has-tertiary-color\"><a href=\"https:\/\/wroclaw.wordcamp.org\/2023\/speaker\/kasia-aleszczyk\/\" target=\"_self\" >Kasia Aleszczyk<\/a><\/h2><\/div>\n\n<\/li><li class=\"wp-block-post post-816 wcb_speaker type-wcb_speaker status-publish hentry\">\n\n<div class=\"wp-block-group has-background has-global-padding is-layout-constrained wp-block-group-is-layout-constrained\" style=\"background-color:#060918;padding-top:var(--wp--preset--spacing--30);padding-bottom:var(--wp--preset--spacing--30)\"><figure style=\"width:96px;height:96px;\" class=\"aligncenter is-style-default wp-block-wordcamp-avatar\"><img decoding=\"async\" src=\"https:\/\/secure.gravatar.com\/avatar\/539522d7802394b808b2712e67a7fd0bfb0b7d077aa88f05c9be14b56df89ac8?s=96&amp;d=mm&amp;r=g\" alt=\"Katarzyna Tadaszak\" \/><\/figure>\n\n<h2 style=\"font-size:clamp(1.066rem, 1.066rem + ((1vw - 0.2rem) * 1.062), 1.65rem);\" class=\"has-text-align-center has-link-color wp-elements-4081d8bc3c921d09997b9d1989d011c1 wp-block-post-title has-text-color has-tertiary-color\"><a href=\"https:\/\/wroclaw.wordcamp.org\/2023\/speaker\/katarzyna-tadaszak\/\" target=\"_self\" >Katarzyna Tadaszak<\/a><\/h2><\/div>\n\n<\/li><li class=\"wp-block-post post-711 wcb_speaker type-wcb_speaker status-publish hentry\">\n\n<div class=\"wp-block-group has-background has-global-padding is-layout-constrained wp-block-group-is-layout-constrained\" style=\"background-color:#060918;padding-top:var(--wp--preset--spacing--30);padding-bottom:var(--wp--preset--spacing--30)\"><figure style=\"width:96px;height:96px;\" class=\"aligncenter is-style-default wp-block-wordcamp-avatar\"><img decoding=\"async\" src=\"https:\/\/secure.gravatar.com\/avatar\/60709f9eb327582d21aecfe07bd0663d3574d06fad38aeb223a0fc796aeb89c4?s=96&amp;d=mm&amp;r=g\" alt=\"Krystian W\u00f3jcik\" \/><\/figure>\n\n<h2 style=\"font-size:clamp(1.066rem, 1.066rem + ((1vw - 0.2rem) * 1.062), 1.65rem);\" class=\"has-text-align-center has-link-color wp-elements-4081d8bc3c921d09997b9d1989d011c1 wp-block-post-title has-text-color has-tertiary-color\"><a href=\"https:\/\/wroclaw.wordcamp.org\/2023\/speaker\/krystian-wojcik\/\" target=\"_self\" >Krystian W\u00f3jcik<\/a><\/h2><\/div>\n\n<\/li><li class=\"wp-block-post post-693 wcb_speaker type-wcb_speaker status-publish hentry\">\n\n<div class=\"wp-block-group has-background has-global-padding is-layout-constrained wp-block-group-is-layout-constrained\" style=\"background-color:#060918;padding-top:var(--wp--preset--spacing--30);padding-bottom:var(--wp--preset--spacing--30)\"><figure style=\"width:96px;height:96px;\" class=\"aligncenter is-style-default wp-block-wordcamp-avatar\"><img decoding=\"async\" src=\"https:\/\/secure.gravatar.com\/avatar\/50ad0486a104780d21a068b5b2c2e27faddd48ff4b39ee1d9e4fd8ca87f8cef0?s=96&amp;d=mm&amp;r=g\" alt=\"Krzysiek Dr\u00f3\u017cd\u017c\" \/><\/figure>\n\n<h2 style=\"font-size:clamp(1.066rem, 1.066rem + ((1vw - 0.2rem) * 1.062), 1.65rem);\" class=\"has-text-align-center has-link-color wp-elements-4081d8bc3c921d09997b9d1989d011c1 wp-block-post-title has-text-color has-tertiary-color\"><a href=\"https:\/\/wroclaw.wordcamp.org\/2023\/speaker\/krzysiek-drozdz\/\" target=\"_self\" >Krzysiek Dr\u00f3\u017cd\u017c<\/a><\/h2><\/div>\n\n<\/li><li class=\"wp-block-post post-699 wcb_speaker type-wcb_speaker status-publish hentry\">\n\n<div class=\"wp-block-group has-background has-global-padding is-layout-constrained wp-block-group-is-layout-constrained\" style=\"background-color:#060918;padding-top:var(--wp--preset--spacing--30);padding-bottom:var(--wp--preset--spacing--30)\"><figure style=\"width:96px;height:96px;\" class=\"aligncenter is-style-default wp-block-wordcamp-avatar\"><img decoding=\"async\" src=\"https:\/\/secure.gravatar.com\/avatar\/43dacba6ead4e05bdfa29c0a3b0247ed3f2f031c1572eae667387eb56b6e7089?s=96&amp;d=mm&amp;r=g\" alt=\"Magdalena Paciorek\" \/><\/figure>\n\n<h2 style=\"font-size:clamp(1.066rem, 1.066rem + ((1vw - 0.2rem) * 1.062), 1.65rem);\" class=\"has-text-align-center has-link-color wp-elements-4081d8bc3c921d09997b9d1989d011c1 wp-block-post-title has-text-color has-tertiary-color\"><a href=\"https:\/\/wroclaw.wordcamp.org\/2023\/speaker\/magdalena-paciorek\/\" target=\"_self\" >Magdalena Paciorek<\/a><\/h2><\/div>\n\n<\/li><li class=\"wp-block-post post-713 wcb_speaker type-wcb_speaker status-publish hentry\">\n\n<div class=\"wp-block-group has-background has-global-padding is-layout-constrained wp-block-group-is-layout-constrained\" style=\"background-color:#060918;padding-top:var(--wp--preset--spacing--30);padding-bottom:var(--wp--preset--spacing--30)\"><figure style=\"width:96px;height:96px;\" class=\"aligncenter is-style-default wp-block-wordcamp-avatar\"><img decoding=\"async\" src=\"https:\/\/secure.gravatar.com\/avatar\/0e0021b6612b8558be34cc4138419dd4dd919bc6cb7f2a5cddef2f62222717d2?s=96&amp;d=mm&amp;r=g\" alt=\"Marcin Krzemi\u0144ski\" \/><\/figure>\n\n<h2 style=\"font-size:clamp(1.066rem, 1.066rem + ((1vw - 0.2rem) * 1.062), 1.65rem);\" class=\"has-text-align-center has-link-color wp-elements-4081d8bc3c921d09997b9d1989d011c1 wp-block-post-title has-text-color has-tertiary-color\"><a href=\"https:\/\/wroclaw.wordcamp.org\/2023\/speaker\/marcin-krzeminski\/\" target=\"_self\" >Marcin Krzemi\u0144ski<\/a><\/h2><\/div>\n\n<\/li><li class=\"wp-block-post post-707 wcb_speaker type-wcb_speaker status-publish hentry\">\n\n<div class=\"wp-block-group has-background has-global-padding is-layout-constrained wp-block-group-is-layout-constrained\" style=\"background-color:#060918;padding-top:var(--wp--preset--spacing--30);padding-bottom:var(--wp--preset--spacing--30)\"><figure style=\"width:96px;height:96px;\" class=\"aligncenter is-style-default wp-block-wordcamp-avatar\"><img decoding=\"async\" src=\"https:\/\/secure.gravatar.com\/avatar\/89039169bfff14a07e41f20449ec85607da0b4b8794a0251492c508b9b73ee92?s=96&amp;d=mm&amp;r=g\" alt=\"Marta Domasz\" \/><\/figure>\n\n<h2 style=\"font-size:clamp(1.066rem, 1.066rem + ((1vw - 0.2rem) * 1.062), 1.65rem);\" class=\"has-text-align-center has-link-color wp-elements-4081d8bc3c921d09997b9d1989d011c1 wp-block-post-title has-text-color has-tertiary-color\"><a href=\"https:\/\/wroclaw.wordcamp.org\/2023\/speaker\/marta-domasz\/\" target=\"_self\" >Marta Domasz<\/a><\/h2><\/div>\n\n<\/li><li class=\"wp-block-post post-839 wcb_speaker type-wcb_speaker status-publish hentry\">\n\n<div class=\"wp-block-group has-background has-global-padding is-layout-constrained wp-block-group-is-layout-constrained\" style=\"background-color:#060918;padding-top:var(--wp--preset--spacing--30);padding-bottom:var(--wp--preset--spacing--30)\"><figure style=\"width:96px;height:96px;\" class=\"aligncenter is-style-default wp-block-wordcamp-avatar\"><img decoding=\"async\" src=\"https:\/\/secure.gravatar.com\/avatar\/812c25cf0cdc5dd1cf8ef3a01dce2c6de1d7eded5d33ed8881ef053c4223e1cc?s=96&amp;d=mm&amp;r=g\" alt=\"Piotr Niewiadomski\" \/><\/figure>\n\n<h2 style=\"font-size:clamp(1.066rem, 1.066rem + ((1vw - 0.2rem) * 1.062), 1.65rem);\" class=\"has-text-align-center has-link-color wp-elements-4081d8bc3c921d09997b9d1989d011c1 wp-block-post-title has-text-color has-tertiary-color\"><a href=\"https:\/\/wroclaw.wordcamp.org\/2023\/speaker\/piotr-niewiadomski\/\" target=\"_self\" >Piotr Niewiadomski<\/a><\/h2><\/div>\n\n<\/li><li class=\"wp-block-post post-705 wcb_speaker type-wcb_speaker status-publish hentry\">\n\n<div class=\"wp-block-group has-background has-global-padding is-layout-constrained wp-block-group-is-layout-constrained\" style=\"background-color:#060918;padding-top:var(--wp--preset--spacing--30);padding-bottom:var(--wp--preset--spacing--30)\"><figure style=\"width:96px;height:96px;\" class=\"aligncenter is-style-default wp-block-wordcamp-avatar\"><img decoding=\"async\" src=\"https:\/\/secure.gravatar.com\/avatar\/8e39cf700a732b35ae3138a54cde6c439a4085aa1d89514cb24f1dcac7c5b1fd?s=96&amp;d=mm&amp;r=g\" alt=\"Rafa\u0142 Chrzan\" \/><\/figure>\n\n<h2 style=\"font-size:clamp(1.066rem, 1.066rem + ((1vw - 0.2rem) * 1.062), 1.65rem);\" class=\"has-text-align-center has-link-color wp-elements-4081d8bc3c921d09997b9d1989d011c1 wp-block-post-title has-text-color has-tertiary-color\"><a href=\"https:\/\/wroclaw.wordcamp.org\/2023\/speaker\/rafal-chrzan\/\" target=\"_self\" >Rafa\u0142 Chrzan<\/a><\/h2><\/div>\n\n<\/li><\/ul><\/div>\n<\/div>\n\n\n\n<div style=\"height:100px\" aria-hidden=\"true\" class=\"wp-block-spacer\"><\/div>\n\n\n\n<h2 class=\"wp-block-heading has-text-align-center\">Zosta\u0144 prelegentem<\/h2>\n\n\n\n<p class=\"has-text-align-center\">Nab\u00f3r na prelegent\u00f3w zosta\u0142 zamkni\u0119ty. Zapraszamy za rok!<\/p>\n","protected":false},"excerpt":{"rendered":"<p>Zosta\u0144 prelegentem Nab\u00f3r na prelegent\u00f3w zosta\u0142 zamkni\u0119ty. Zapraszamy za rok!<\/p>\n","protected":false},"author":15890890,"featured_media":238,"parent":0,"menu_order":0,"comment_status":"closed","ping_status":"closed","template":"","meta":{"jetpack_post_was_ever_published":false,"footnotes":""},"class_list":["post-8","page","type-page","status-publish","has-post-thumbnail","hentry"],"jetpack_sharing_enabled":true,"_links":{"self":[{"href":"https:\/\/wroclaw.wordcamp.org\/2023\/wp-json\/wp\/v2\/pages\/8","targetHints":{"allow":["GET"]}}],"collection":[{"href":"https:\/\/wroclaw.wordcamp.org\/2023\/wp-json\/wp\/v2\/pages"}],"about":[{"href":"https:\/\/wroclaw.wordcamp.org\/2023\/wp-json\/wp\/v2\/types\/page"}],"author":[{"embeddable":true,"href":"https:\/\/wroclaw.wordcamp.org\/2023\/wp-json\/wp\/v2\/users\/15890890"}],"replies":[{"embeddable":true,"href":"https:\/\/wroclaw.wordcamp.org\/2023\/wp-json\/wp\/v2\/comments?post=8"}],"version-history":[{"count":32,"href":"https:\/\/wroclaw.wordcamp.org\/2023\/wp-json\/wp\/v2\/pages\/8\/revisions"}],"predecessor-version":[{"id":984,"href":"https:\/\/wroclaw.wordcamp.org\/2023\/wp-json\/wp\/v2\/pages\/8\/revisions\/984"}],"wp:featuredmedia":[{"embeddable":true,"href":"https:\/\/wroclaw.wordcamp.org\/2023\/wp-json\/wp\/v2\/media\/238"}],"wp:attachment":[{"href":"https:\/\/wroclaw.wordcamp.org\/2023\/wp-json\/wp\/v2\/media?parent=8"}],"curies":[{"name":"wp","href":"https:\/\/api.w.org\/{rel}","templated":true}]}}