{"id":7,"date":"2023-08-04T12:55:22","date_gmt":"2023-08-04T10:55:22","guid":{"rendered":"https:\/\/wroclaw.wordcamp.org\/2023\/schedule\/"},"modified":"2023-10-06T10:49:14","modified_gmt":"2023-10-06T08:49:14","slug":"agenda","status":"publish","type":"page","link":"https:\/\/wroclaw.wordcamp.org\/2023\/agenda\/","title":{"rendered":"Agenda"},"content":{"rendered":"\n<div class=\"wp-block-cover alignfull is-light wp-duotone-unset-1\" style=\"margin-top:0px;padding-top:48px;padding-right:48px;padding-bottom:48px;padding-left:48px;min-height:46vh;aspect-ratio:unset;\"><span aria-hidden=\"true\" class=\"wp-block-cover__background has-contrast-background-color has-background-dim-20 has-background-dim\"><\/span><img loading=\"lazy\" decoding=\"async\" width=\"2129\" height=\"2560\" class=\"wp-block-cover__image-background wp-image-455\" alt=\"\" src=\"https:\/\/wroclaw.wordcamp.org\/2023\/files\/2023\/08\/IMG_2382-scaled.jpg\" style=\"object-position:47% 56%\" data-object-fit=\"cover\" data-object-position=\"47% 56%\" srcset=\"https:\/\/wroclaw.wordcamp.org\/2023\/files\/2023\/08\/IMG_2382-scaled.jpg 2129w, https:\/\/wroclaw.wordcamp.org\/2023\/files\/2023\/08\/IMG_2382-249x300.jpg 249w, https:\/\/wroclaw.wordcamp.org\/2023\/files\/2023\/08\/IMG_2382-851x1024.jpg 851w, https:\/\/wroclaw.wordcamp.org\/2023\/files\/2023\/08\/IMG_2382-768x924.jpg 768w, https:\/\/wroclaw.wordcamp.org\/2023\/files\/2023\/08\/IMG_2382-1277x1536.jpg 1277w, https:\/\/wroclaw.wordcamp.org\/2023\/files\/2023\/08\/IMG_2382-1703x2048.jpg 1703w\" sizes=\"auto, (max-width: 2129px) 100vw, 2129px\" \/><div class=\"wp-block-cover__inner-container is-layout-flow wp-container-core-cover-is-layout-577fe0e5 wp-block-cover-is-layout-flow\">\n<h2 class=\"wp-block-heading has-text-align-right has-white-color has-text-color\" style=\"padding-left:0vw;font-size:clamp(2.418rem, 2.418rem + ((1vw - 0.2rem) * 3.785), 4.5rem);font-style:normal;font-weight:700;letter-spacing:0px;line-height:1;text-transform:uppercase\">Jeste\u015b ciekaw co zobaczysz podczas wydarzenia <\/h2>\n\n\n\n<div class=\"wp-block-group has-global-padding is-content-justification-right is-layout-constrained wp-container-core-group-is-layout-e26d82cb wp-block-group-is-layout-constrained\">\n<h2 class=\"wp-block-heading has-text-align-left has-white-color has-text-color\" style=\"padding-right:25vw;font-size:clamp(2.418rem, 2.418rem + ((1vw - 0.2rem) * 3.785), 4.5rem);font-style:normal;font-weight:700;letter-spacing:0px;line-height:1;text-transform:uppercase\"><br>sprawd\u017a<br>Agend\u0119<\/h2>\n<\/div>\n\n\n\n<div style=\"height:61px\" aria-hidden=\"true\" class=\"wp-block-spacer\"><\/div>\n<\/div><\/div>\n\n\n<h2 class=\"has-text-align-center wp-block-post-title\">Agenda<\/h2>\n\n\n<div\n\tclass=\"wp-block-wordcamp-schedule alignwide is-loading\"\n\t\tdata-attributes=\"{&quot;__isStylesPreview&quot;:false,&quot;align&quot;:&quot;wide&quot;,&quot;chooseSpecificDays&quot;:false,&quot;chosenDays&quot;:[&quot;2023-10-21&quot;],&quot;chooseSpecificTracks&quot;:true,&quot;chosenTrackIds&quot;:[26,25],&quot;showCategories&quot;:false,&quot;useClientTimezone&quot;:false}\"\n>\n\tWczytywanie\u2026<\/div>\n\n\n\t<div class=\"email-form fav-session-email-form-hide\">\n\t\t<!-- Tab links -->\n\t\t<div class=\"fav-session-share-tab\">\n\t\t\t\t\t\t\t<div class=\"fav-session-tablinks\" id=\"fav-session-btn-email\">\n\t\t\t\t\tE-mail\t\t\t\t<\/div>\n\t\t\t\n\t\t\t<div class=\"fav-session-tablinks\" id=\"fav-session-btn-link\">\n\t\t\t\tOdno\u015bnik\t\t\t<\/div>\n\n\t\t\t<div class=\"fav-session-tablinks\" id=\"fav-session-btn-print\">\n\t\t\t\tDrukuj\t\t\t<\/div>\n\t\t<\/div>\n\n\t\t<!-- Tab content -->\n\t\t\t\t\t<div id=\"fav-session-tab-email\" class=\"fav-session-share-tabcontent\">\n\t\t\t\t<div id=\"fav-session-email-form\">\n\t\t\t\t\tWy\u015blij mi moj\u0105 ulubion\u0105 sesj\u0119:\n\t\t\t\t\t<form id=\"fav-sessions-form\">\n\t\t\t\t\t\t<input\n\t\t\t\t\t\t\ttype=\"text\"\n\t\t\t\t\t\t\tname=\"email_address\"\n\t\t\t\t\t\t\tid=\"fav-sessions-email-address\"\n\t\t\t\t\t\t\tplaceholder=\"me@protonmail.com\"\n\t\t\t\t\t\t\/>\n\t\t\t\t\t\t<input type=\"submit\" value=\"Wy\u015blij\" \/>\n\t\t\t\t\t<\/form>\n\t\t\t\t<\/div>\n\n\t\t\t\t<div class=\"fav-session-email-wait-spinner\"><\/div>\n\t\t\t\t<div class=\"fav-session-email-result\"><\/div>\n\t\t\t<\/div>\n\t\t\n\t\t<div id=\"fav-session-tab-link\" class=\"fav-session-share-tabcontent\">\n\t\t\t\u0141\u0105cze do udost\u0119pniania:\t\t\t<br \/>\n\t\t\t<a id=\"fav-sessions-link\" href=\"\"><\/a>\n\t\t<\/div>\n\n\t\t<div id=\"fav-session-tab-print\" class=\"fav-session-share-tabcontent\">\n\t\t\t<button id=\"fav-session-print\">\n\t\t\t\tDrukuj ulubione sesje\t\t\t<\/button>\n\t\t<\/div>\n\t<\/div>\n\n\t<a class=\"show-email-form\" href=\"javascript:\">\n\t\t<span class=\"dashicons dashicons-star-filled\"><\/span>\n\t\t<span class=\"dashicons dashicons-email-alt\"><\/span>\n\t<\/a>\n\n\t","protected":false},"excerpt":{"rendered":"","protected":false},"author":20993722,"featured_media":455,"parent":0,"menu_order":0,"comment_status":"closed","ping_status":"closed","template":"","meta":{"jetpack_post_was_ever_published":false,"footnotes":""},"class_list":["post-7","page","type-page","status-publish","has-post-thumbnail","hentry"],"jetpack_sharing_enabled":true,"_links":{"self":[{"href":"https:\/\/wroclaw.wordcamp.org\/2023\/wp-json\/wp\/v2\/pages\/7","targetHints":{"allow":["GET"]}}],"collection":[{"href":"https:\/\/wroclaw.wordcamp.org\/2023\/wp-json\/wp\/v2\/pages"}],"about":[{"href":"https:\/\/wroclaw.wordcamp.org\/2023\/wp-json\/wp\/v2\/types\/page"}],"author":[{"embeddable":true,"href":"https:\/\/wroclaw.wordcamp.org\/2023\/wp-json\/wp\/v2\/users\/20993722"}],"replies":[{"embeddable":true,"href":"https:\/\/wroclaw.wordcamp.org\/2023\/wp-json\/wp\/v2\/comments?post=7"}],"version-history":[{"count":6,"href":"https:\/\/wroclaw.wordcamp.org\/2023\/wp-json\/wp\/v2\/pages\/7\/revisions"}],"predecessor-version":[{"id":866,"href":"https:\/\/wroclaw.wordcamp.org\/2023\/wp-json\/wp\/v2\/pages\/7\/revisions\/866"}],"wp:featuredmedia":[{"embeddable":true,"href":"https:\/\/wroclaw.wordcamp.org\/2023\/wp-json\/wp\/v2\/media\/455"}],"wp:attachment":[{"href":"https:\/\/wroclaw.wordcamp.org\/2023\/wp-json\/wp\/v2\/media?parent=7"}],"curies":[{"name":"wp","href":"https:\/\/api.w.org\/{rel}","templated":true}]}}