{"id":12,"date":"2023-08-04T12:55:22","date_gmt":"2023-08-04T10:55:22","guid":{"rendered":"https:\/\/wroclaw.wordcamp.org\/2023\/organizers\/"},"modified":"2023-10-09T09:16:03","modified_gmt":"2023-10-09T07:16:03","slug":"organizatorzy","status":"publish","type":"page","link":"https:\/\/wroclaw.wordcamp.org\/2023\/organizatorzy\/","title":{"rendered":"Organizatorzy"},"content":{"rendered":"\n<div class=\"wp-block-cover alignfull is-light\" style=\"margin-top:0px;padding-top:48px;padding-right:48px;padding-bottom:48px;padding-left:48px;min-height:46vh;aspect-ratio:unset;\"><span aria-hidden=\"true\" class=\"wp-block-cover__background has-background-dim-10 has-background-dim\"><\/span><img loading=\"lazy\" decoding=\"async\" width=\"2560\" height=\"1873\" class=\"wp-block-cover__image-background wp-image-973\" alt=\"\" src=\"https:\/\/wroclaw.wordcamp.org\/2023\/files\/2023\/10\/wroclaw-tramwaj-scaled.jpg\" data-object-fit=\"cover\" srcset=\"https:\/\/wroclaw.wordcamp.org\/2023\/files\/2023\/10\/wroclaw-tramwaj-scaled.jpg 2560w, https:\/\/wroclaw.wordcamp.org\/2023\/files\/2023\/10\/wroclaw-tramwaj-300x219.jpg 300w, https:\/\/wroclaw.wordcamp.org\/2023\/files\/2023\/10\/wroclaw-tramwaj-1024x749.jpg 1024w, https:\/\/wroclaw.wordcamp.org\/2023\/files\/2023\/10\/wroclaw-tramwaj-768x562.jpg 768w, https:\/\/wroclaw.wordcamp.org\/2023\/files\/2023\/10\/wroclaw-tramwaj-410x300.jpg 410w, https:\/\/wroclaw.wordcamp.org\/2023\/files\/2023\/10\/wroclaw-tramwaj-1536x1124.jpg 1536w, https:\/\/wroclaw.wordcamp.org\/2023\/files\/2023\/10\/wroclaw-tramwaj-2048x1498.jpg 2048w\" sizes=\"auto, (max-width: 2560px) 100vw, 2560px\" \/><div class=\"wp-block-cover__inner-container is-layout-flow wp-container-core-cover-is-layout-577fe0e5 wp-block-cover-is-layout-flow\">\n<div class=\"wp-block-group has-global-padding is-content-justification-right is-layout-constrained wp-container-core-group-is-layout-e26d82cb wp-block-group-is-layout-constrained\">\n<h2 class=\"wp-block-heading has-text-align-right has-white-color has-text-color\" style=\"padding-left:25vw;font-size:clamp(2.418rem, 2.418rem + ((1vw - 0.2rem) * 3.785), 4.5rem);font-style:normal;font-weight:700;letter-spacing:0px;line-height:1;text-transform:uppercase\">Organizujemy WordCamp <\/h2>\n\n\n\n<h2 class=\"wp-block-heading has-text-align-left has-white-color has-text-color\" style=\"padding-right:25vw;font-size:clamp(2.418rem, 2.418rem + ((1vw - 0.2rem) * 3.785), 4.5rem);font-style:normal;font-weight:700;letter-spacing:0px;line-height:1;text-transform:uppercase\">Ch\u0119tnie odpowiemy na pytania<\/h2>\n<\/div>\n\n\n\n<div style=\"height:61px\" aria-hidden=\"true\" class=\"wp-block-spacer\"><\/div>\n<\/div><\/div>\n\n\n\n<div class=\"wp-block-query is-layout-flow wp-block-query-is-layout-flow\"><ul class=\"wp-block-post-template is-layout-flow wp-block-post-template-is-layout-flow\"><li class=\"wp-block-post post-560 wcb_organizer type-wcb_organizer status-publish hentry\">\n\n<div class=\"wp-block-columns is-layout-flex wp-container-core-columns-is-layout-28f84493 wp-block-columns-is-layout-flex\">\n<div class=\"wp-block-column is-layout-flow wp-block-column-is-layout-flow\" style=\"flex-basis:20%\">\n<div style=\"height:35px\" aria-hidden=\"true\" class=\"wp-block-spacer\"><\/div>\n\n\n<figure style=\"width:96px;height:96px;\" class=\"is-style-rounded wp-block-wordcamp-avatar\"><img decoding=\"async\" src=\"https:\/\/secure.gravatar.com\/avatar\/c6dfca70b44338af46f16c9b8f931f51b496affe632550b34a62ce415bdef7e6?s=96&amp;d=mm&amp;r=g\" alt=\"Ewa Iwa\u0144ska\" \/><\/figure><\/div>\n\n\n\n<div class=\"wp-block-column is-layout-flow wp-block-column-is-layout-flow\" style=\"flex-basis:80%\"><h2 class=\"wp-block-post-title\">Ewa Iwa\u0144ska<\/h2>\n\n<div class=\"entry-content wp-block-post-content is-layout-flow wp-block-post-content-is-layout-flow\">\n<p>Odpowiadam za sponsor\u00f3w i b\u0119d\u0119 w\u0142ada\u0142a scen\u0105 podczas prelekcji.<\/p>\n\n\n\n<p>Je\u015bli na konferencji us\u0142yszycie dono\u015bny, zara\u017aliwy \u015bmiech, to pod\u0105\u017cajcie za nim, a dotrzecie do mnie \ud83d\ude09 Zapraszam na mi\u0142\u0105 rozmow\u0119 (o \u017cyciu lub marketingu, albo jednym i drugim \ud83d\ude09 ) oraz pozytywn\u0105 dawk\u0119 energii \ud83d\ude42 <\/p>\n<\/div><\/div>\n<\/div>\n\n\n\n<div style=\"height:40px\" aria-hidden=\"true\" class=\"wp-block-spacer\"><\/div>\n\n\n\n<hr class=\"wp-block-separator has-css-opacity is-style-wide\" \/>\n\n<\/li><li class=\"wp-block-post post-556 wcb_organizer type-wcb_organizer status-publish hentry\">\n\n<div class=\"wp-block-columns is-layout-flex wp-container-core-columns-is-layout-28f84493 wp-block-columns-is-layout-flex\">\n<div class=\"wp-block-column is-layout-flow wp-block-column-is-layout-flow\" style=\"flex-basis:20%\">\n<div style=\"height:35px\" aria-hidden=\"true\" class=\"wp-block-spacer\"><\/div>\n\n\n<figure style=\"width:96px;height:96px;\" class=\"is-style-rounded wp-block-wordcamp-avatar\"><img decoding=\"async\" src=\"https:\/\/secure.gravatar.com\/avatar\/a1515ccd70da1128042c26d05bbfa3aa78b78b34dd0da697a1b1fc8b26e60c2a?s=96&amp;d=mm&amp;r=g\" alt=\"Joanna Ragin\" \/><\/figure><\/div>\n\n\n\n<div class=\"wp-block-column is-layout-flow wp-block-column-is-layout-flow\" style=\"flex-basis:80%\"><h2 class=\"wp-block-post-title\">Joanna Ragin<\/h2>\n\n<div class=\"entry-content wp-block-post-content is-layout-flow wp-block-post-content-is-layout-flow\">\n<p>Odpowiadam za stron\u0119 internetow\u0105, bilety, koordynacj\u0119 w dzie\u0144 WordCampu.<\/p>\n\n\n\n<p>Cze\u015b\u0107, nazywam si\u0119 Joanna, z WordPressem zwi\u0105zana jestem od 2019r. i od pocz\u0105tku specjalizuje si\u0119 w instalacjach Multisite. Zaczyna\u0142am jako tzw. &#8222;klikacz&#8221;, nast\u0119pnie jako konsultant prowadzi\u0142am wdro\u017cenia system\u00f3w w urz\u0119dach oraz na uczelniach. Obecnie pracuj\u0119 jako Product Manager (przy tematach r\u00f3wnie\u017c \u015bci\u015ble zwi\u0105zanych z WordPressem). Na co dzie\u0144 interesuj\u0119 si\u0119 sztuk\u0105 i astrologi\u0105.<\/p>\n<\/div><\/div>\n<\/div>\n\n\n\n<div style=\"height:40px\" aria-hidden=\"true\" class=\"wp-block-spacer\"><\/div>\n\n\n\n<hr class=\"wp-block-separator has-css-opacity is-style-wide\" \/>\n\n<\/li><li class=\"wp-block-post post-1044 wcb_organizer type-wcb_organizer status-publish hentry\">\n\n<div class=\"wp-block-columns is-layout-flex wp-container-core-columns-is-layout-28f84493 wp-block-columns-is-layout-flex\">\n<div class=\"wp-block-column is-layout-flow wp-block-column-is-layout-flow\" style=\"flex-basis:20%\">\n<div style=\"height:35px\" aria-hidden=\"true\" class=\"wp-block-spacer\"><\/div>\n\n\n<figure style=\"width:96px;height:96px;\" class=\"is-style-rounded wp-block-wordcamp-avatar\"><img decoding=\"async\" src=\"https:\/\/secure.gravatar.com\/avatar\/0c5bc5cd2cc95191b24cf7f881255cf7eed522f6793f495f8b8a3cccdc3d191d?s=96&amp;d=mm&amp;r=g\" alt=\"Jola Horudko\" \/><\/figure><\/div>\n\n\n\n<div class=\"wp-block-column is-layout-flow wp-block-column-is-layout-flow\" style=\"flex-basis:80%\"><h2 class=\"wp-block-post-title\">Jola Horudko<\/h2>\n\n<div class=\"entry-content wp-block-post-content is-layout-flow wp-block-post-content-is-layout-flow\">\n<p>Odpowiadam za lokalizacj\u0119 WordCampa, dbam o Wasze pe\u0142ne brzuszki :), komunikacj\u0119 w social mediach.<\/p>\n\n\n\n<p>Entuzjastka WordPress, mi\u0142o\u015bniczka kwiat\u00f3w, ceramiki i wszelkich zaj\u0119\u0107 tw\u00f3rczych. Pracowa\u0142am jako wdro\u017ceniowiec portali WP (dalej t\u0119skni\u0119 za jedyn\u0105 w swoim rodzaju Kasi\u0105 w roli szefowej), p\u00f3\u017aniej project manager, a obecnie delivery lead w korpo. Mo\u017cesz wyci\u0105gn\u0105\u0107 cz\u0142owieka z WP, ale WP z cz\u0142owieka ju\u017c nie?<\/p>\n\n\n\n<p><\/p>\n<\/div><\/div>\n<\/div>\n\n\n\n<div style=\"height:40px\" aria-hidden=\"true\" class=\"wp-block-spacer\"><\/div>\n\n\n\n<hr class=\"wp-block-separator has-css-opacity is-style-wide\" \/>\n\n<\/li><li class=\"wp-block-post post-564 wcb_organizer type-wcb_organizer status-publish hentry\">\n\n<div class=\"wp-block-columns is-layout-flex wp-container-core-columns-is-layout-28f84493 wp-block-columns-is-layout-flex\">\n<div class=\"wp-block-column is-layout-flow wp-block-column-is-layout-flow\" style=\"flex-basis:20%\">\n<div style=\"height:35px\" aria-hidden=\"true\" class=\"wp-block-spacer\"><\/div>\n\n\n<figure style=\"width:96px;height:96px;\" class=\"is-style-rounded wp-block-wordcamp-avatar\"><img decoding=\"async\" src=\"https:\/\/secure.gravatar.com\/avatar\/e948f2745514265744cac780a1767b53588f3c88d957ef08ce5e42be7bf97d83?s=96&amp;d=mm&amp;r=g\" alt=\"Kamil Kucharski\" \/><\/figure><\/div>\n\n\n\n<div class=\"wp-block-column is-layout-flow wp-block-column-is-layout-flow\" style=\"flex-basis:80%\"><h2 class=\"wp-block-post-title\">Kamil Kucharski<\/h2>\n\n<div class=\"entry-content wp-block-post-content is-layout-flow wp-block-post-content-is-layout-flow\">\n<p>Odpowiadam za gr\u0119 konferencyjn\u0105.<\/p>\n\n\n\n<p>Kamil Igor Kucharski, Full Stack Developer. Z WordPressem jestem zwi\u0105zany od ponad dekady. Poza prac\u0105 najwi\u0119cej czasu sp\u0119dzam na deskorolce i si\u0142owni.<\/p>\n<\/div><\/div>\n<\/div>\n\n\n\n<div style=\"height:40px\" aria-hidden=\"true\" class=\"wp-block-spacer\"><\/div>\n\n\n\n<hr class=\"wp-block-separator has-css-opacity is-style-wide\" \/>\n\n<\/li><li class=\"wp-block-post post-558 wcb_organizer type-wcb_organizer status-publish hentry\">\n\n<div class=\"wp-block-columns is-layout-flex wp-container-core-columns-is-layout-28f84493 wp-block-columns-is-layout-flex\">\n<div class=\"wp-block-column is-layout-flow wp-block-column-is-layout-flow\" style=\"flex-basis:20%\">\n<div style=\"height:35px\" aria-hidden=\"true\" class=\"wp-block-spacer\"><\/div>\n\n\n<figure style=\"width:96px;height:96px;\" class=\"is-style-rounded wp-block-wordcamp-avatar\"><img decoding=\"async\" src=\"https:\/\/secure.gravatar.com\/avatar\/539522d7802394b808b2712e67a7fd0bfb0b7d077aa88f05c9be14b56df89ac8?s=96&amp;d=mm&amp;r=g\" alt=\"Katarzyna Tadaszak\" \/><\/figure><\/div>\n\n\n\n<div class=\"wp-block-column is-layout-flow wp-block-column-is-layout-flow\" style=\"flex-basis:80%\"><h2 class=\"wp-block-post-title\">Katarzyna Tadaszak<\/h2>\n\n<div class=\"entry-content wp-block-post-content is-layout-flow wp-block-post-content-is-layout-flow\">\n<p>Jestem g\u0142\u00f3wnym organizatorem, odpowiem na pytania og\u00f3lne, rozwi\u0105zuj\u0119 spory, przyjmuj\u0119 skargi, robi\u0119 wszystko na co nikt inny nie ma ochoty.<\/p>\n\n\n\n<p>Pracuj\u0119 z lud\u017ami i pracuj\u0119 z WordPressem oraz z lud\u017ami w WordPressie w BonaSoft. Uwielbiam wolno\u015b\u0107 i kreatywno\u015b\u0107, kt\u00f3r\u0105 umo\u017cliwia WordPress i wybaczam mu wszystkie problemy, kt\u00f3re mi sprawia. Od 2019 r. jestem fank\u0105 kolorowej wordpressowej spo\u0142eczno\u015bci i staram si\u0119, jak mog\u0119, by\u0107 jej godn\u0105 cz\u0119\u015bci\u0105.<\/p>\n<\/div><\/div>\n<\/div>\n\n\n\n<div style=\"height:40px\" aria-hidden=\"true\" class=\"wp-block-spacer\"><\/div>\n\n\n\n<hr class=\"wp-block-separator has-css-opacity is-style-wide\" \/>\n\n<\/li><li class=\"wp-block-post post-562 wcb_organizer type-wcb_organizer status-publish hentry\">\n\n<div class=\"wp-block-columns is-layout-flex wp-container-core-columns-is-layout-28f84493 wp-block-columns-is-layout-flex\">\n<div class=\"wp-block-column is-layout-flow wp-block-column-is-layout-flow\" style=\"flex-basis:20%\">\n<div style=\"height:35px\" aria-hidden=\"true\" class=\"wp-block-spacer\"><\/div>\n\n\n<figure style=\"width:96px;height:96px;\" class=\"is-style-rounded wp-block-wordcamp-avatar\"><img decoding=\"async\" src=\"https:\/\/secure.gravatar.com\/avatar\/812c25cf0cdc5dd1cf8ef3a01dce2c6de1d7eded5d33ed8881ef053c4223e1cc?s=96&amp;d=mm&amp;r=g\" alt=\"Piotr Niewiadomski\" \/><\/figure><\/div>\n\n\n\n<div class=\"wp-block-column is-layout-flow wp-block-column-is-layout-flow\" style=\"flex-basis:80%\"><h2 class=\"wp-block-post-title\">Piotr Niewiadomski<\/h2>\n\n<div class=\"entry-content wp-block-post-content is-layout-flow wp-block-post-content-is-layout-flow\">\n<p>Odpowiadam za rekrutacj\u0119 prelegent\u00f3w i ogranizacj\u0119 prelekcji.<\/p>\n\n\n\n<p>Tech Lead i WordPress Jedi w Piwik PRO. Z WordPressa \u017cyje od 2010 roku. Wielokrotny prelegent lokalnych WordUp\u00f3w jak i og\u00f3lnopolskich WordCamp\u00f3w. Autor ponad 20 wtyczek udost\u0119pnionych w oficjalnym repozytorium WordPressa.<\/p>\n<\/div><\/div>\n<\/div>\n\n\n\n<div style=\"height:40px\" aria-hidden=\"true\" class=\"wp-block-spacer\"><\/div>\n\n\n\n<hr class=\"wp-block-separator has-css-opacity is-style-wide\" \/>\n\n<\/li><\/ul><\/div>\n","protected":false},"excerpt":{"rendered":"","protected":false},"author":20993722,"featured_media":0,"parent":0,"menu_order":0,"comment_status":"closed","ping_status":"closed","template":"","meta":{"jetpack_post_was_ever_published":false,"footnotes":""},"class_list":["post-12","page","type-page","status-publish","hentry"],"jetpack_sharing_enabled":true,"_links":{"self":[{"href":"https:\/\/wroclaw.wordcamp.org\/2023\/wp-json\/wp\/v2\/pages\/12","targetHints":{"allow":["GET"]}}],"collection":[{"href":"https:\/\/wroclaw.wordcamp.org\/2023\/wp-json\/wp\/v2\/pages"}],"about":[{"href":"https:\/\/wroclaw.wordcamp.org\/2023\/wp-json\/wp\/v2\/types\/page"}],"author":[{"embeddable":true,"href":"https:\/\/wroclaw.wordcamp.org\/2023\/wp-json\/wp\/v2\/users\/20993722"}],"replies":[{"embeddable":true,"href":"https:\/\/wroclaw.wordcamp.org\/2023\/wp-json\/wp\/v2\/comments?post=12"}],"version-history":[{"count":2,"href":"https:\/\/wroclaw.wordcamp.org\/2023\/wp-json\/wp\/v2\/pages\/12\/revisions"}],"predecessor-version":[{"id":974,"href":"https:\/\/wroclaw.wordcamp.org\/2023\/wp-json\/wp\/v2\/pages\/12\/revisions\/974"}],"wp:attachment":[{"href":"https:\/\/wroclaw.wordcamp.org\/2023\/wp-json\/wp\/v2\/media?parent=12"}],"curies":[{"name":"wp","href":"https:\/\/api.w.org\/{rel}","templated":true}]}}