{"id":11,"date":"2023-08-04T12:55:22","date_gmt":"2023-08-04T10:55:22","guid":{"rendered":"https:\/\/wroclaw.wordcamp.org\/2023\/location\/"},"modified":"2023-10-06T12:27:00","modified_gmt":"2023-10-06T10:27:00","slug":"lokalizacja","status":"publish","type":"page","link":"https:\/\/wroclaw.wordcamp.org\/2023\/lokalizacja\/","title":{"rendered":"Lokalizacja"},"content":{"rendered":"\n<div class=\"wp-block-media-text alignfull is-stacked-on-mobile is-vertically-aligned-top has-text-color has-background has-link-color wp-elements-19e6b05ebd1295ea91d117611b94fa78\" style=\"color:#fffdc7;background-color:#060918;grid-template-columns:53% auto\"><figure class=\"wp-block-media-text__media\"><img loading=\"lazy\" decoding=\"async\" width=\"1024\" height=\"683\" src=\"https:\/\/wroclaw.wordcamp.org\/2023\/files\/2023\/08\/283857485.jpg\" alt=\"\" class=\"wp-image-295 size-full\" srcset=\"https:\/\/wroclaw.wordcamp.org\/2023\/files\/2023\/08\/283857485.jpg 1024w, https:\/\/wroclaw.wordcamp.org\/2023\/files\/2023\/08\/283857485-300x200.jpg 300w, https:\/\/wroclaw.wordcamp.org\/2023\/files\/2023\/08\/283857485-768x512.jpg 768w, https:\/\/wroclaw.wordcamp.org\/2023\/files\/2023\/08\/283857485-450x300.jpg 450w\" sizes=\"auto, (max-width: 1024px) 100vw, 1024px\" \/><\/figure><div class=\"wp-block-media-text__content\">\n<div class=\"wp-block-group has-link-color wp-elements-a52fbc24124db63f6e705e5683aaa70a is-layout-flow wp-block-group-is-layout-flow\" style=\"padding-top:2em;padding-right:0em;padding-bottom:2em;padding-left:0em\">\n<h2 class=\"wp-block-heading has-base-color has-text-color has-link-color wp-elements-127af24372e056bcd57a21b359d7eb98\">SCANDIC Wroc\u0142aw<\/h2>\n\n\n\n<p class=\"has-text-align-left has-base-color has-text-color has-link-color has-extra-small-font-size wp-elements-2b6e4a6da0c1b2b9012e3ea3bf77cc44\">Pi\u0142sudskiego 53-57,<br>50-032 Wroc\u0142aw, Polska<\/p>\n\n\n\n<p class=\"has-base-color has-text-color has-link-color wp-elements-d2d7de25be06f56db67cf7c1f6c492db\">*z kodem: <strong>WordCamp Wroc\u0142aw<\/strong> mamy dla was 15% zni\u017cki na noclegi.<\/p>\n<\/div>\n<\/div><\/div>\n\n\n\n<div class=\"wp-block-media-text alignfull has-media-on-the-right is-stacked-on-mobile is-vertically-aligned-top has-text-color has-background has-link-color wp-elements-383d19b2eeafd41a75a5fb676c37ad4c\" style=\"color:#fffdc7;background-color:#060918;margin-top:0;margin-bottom:0;grid-template-columns:auto 60%\"><div class=\"wp-block-media-text__content\">\n<div class=\"wp-block-group has-link-color wp-elements-64a5e37ecbbe5abf3cf250af6cd096e6 is-layout-flow wp-block-group-is-layout-flow\" style=\"padding-top:2em;padding-right:0em;padding-bottom:2em;padding-left:0em\">\n<div style=\"height:10px\" aria-hidden=\"true\" class=\"wp-block-spacer\"><\/div>\n\n\n\n<h2 class=\"wp-block-heading has-base-color has-text-color has-link-color wp-elements-854f1fc7d7254e4a21d97c4b22a06a9d\" style=\"font-size:clamp(27.894px, 1.743rem + ((1vw - 3.2px) * 2.285), 48px);font-weight:700;line-height:1.15\">Beforeparty<\/h2>\n\n\n\n<p class=\"has-base-color has-text-color has-link-color wp-elements-0eec5f65b2e5528077f7b43e0aa3b022\">Zapraszamy pod wroc\u0142awski nasyp kolejowy, kilka krok\u00f3w od hotelu Scandic do Mistrza i Ma\u0142gorzaty (godz. 20:00)<\/p>\n\n\n\n<div style=\"height:10px\" aria-hidden=\"true\" class=\"wp-block-spacer\"><\/div>\n\n\n\n<h2 class=\"wp-block-heading has-base-color has-text-color has-link-color wp-elements-1ca250c17a39fb125a21cfceaf1d390c\" style=\"font-size:clamp(27.894px, 1.743rem + ((1vw - 3.2px) * 2.285), 48px);font-weight:700;line-height:1.15\">Afterparty<\/h2>\n\n\n\n<p class=\"has-base-color has-text-color has-link-color wp-elements-1c30404c2aaed961c3a1248f26ee8dfb\">Kontynuujemy zwiedzanie nasypu i networking w FARM SPOT (godz. 20:00) <a href=\"https:\/\/maps.app.goo.gl\/FedBk1eNzRPqqqHV6?g_st=ic\">https:\/\/maps.app.goo.gl\/FedBk1eNzRPqqqHV6?g_st=ic<\/a><\/p>\n\n\n\n<p class=\"has-base-color has-text-color has-link-color wp-elements-7768dd3ad57b9f1079ad19ee41c00b8d\">tutaj kilka ciekawostek: <a href=\"https:\/\/www.tuwroclaw.com\/wiadomosci,odkrywamy-wroclaw-nasyp-przy-boguslawskiego,wia5-3266-3685.html\">Odkrywamy nasyp<\/a><\/p>\n<\/div>\n\n\n\n<p class=\"has-base-color has-text-color has-link-color wp-elements-d08852002d681d372def433e24fd7cf0\">fot. @asieka77 (Instagram)<\/p>\n\n\n\n<p><\/p>\n<\/div><figure class=\"wp-block-media-text__media\"><img loading=\"lazy\" decoding=\"async\" width=\"960\" height=\"960\" src=\"https:\/\/wroclaw.wordcamp.org\/2023\/files\/2023\/10\/14292404_607903686084987_6349929701158759353_n.jpg\" alt=\"\" class=\"wp-image-901 size-full\" srcset=\"https:\/\/wroclaw.wordcamp.org\/2023\/files\/2023\/10\/14292404_607903686084987_6349929701158759353_n.jpg 960w, https:\/\/wroclaw.wordcamp.org\/2023\/files\/2023\/10\/14292404_607903686084987_6349929701158759353_n-300x300.jpg 300w, https:\/\/wroclaw.wordcamp.org\/2023\/files\/2023\/10\/14292404_607903686084987_6349929701158759353_n-150x150.jpg 150w, https:\/\/wroclaw.wordcamp.org\/2023\/files\/2023\/10\/14292404_607903686084987_6349929701158759353_n-768x768.jpg 768w\" sizes=\"auto, (max-width: 960px) 100vw, 960px\" \/><\/figure><\/div>\n\n\n\n<h2 class=\"wp-block-heading\">Jak dotrze\u0107 do miejsca konferencji?<\/h2>\n\n\n\n<p>Scandic Hotel znajduje si\u0119 w zasi\u0119gu kr\u00f3tkiego spaceru (10 minut) od Dworca G\u0142\u00f3wnego PKP i Dworca autobusowego. <\/p>\n\n\n\n<h3 class=\"wp-block-heading\">Komunikacja miejska<\/h3>\n\n\n\n<p>Najbli\u017cszym przystankiem w miejscu konferencji jest <strong>Arkady (Capitol)<\/strong>. Po wyj\u015bciu z tramwaju czy autobusu czeka Ci\u0119 ok 3-minutowy spacer do miejsca konferencji. W wyznaczeniu trasy pomo\u017ce wam serwis jakdojade.pl, a za bilet zap\u0142acicie kart\u0105 w automatach znajduj\u0105cych si\u0119 wewn\u0105trz pojazd\u00f3w.<\/p>\n\n\n\n<h3 class=\"wp-block-heading\">Hulajnogi i rowery<\/h3>\n\n\n\n<p>Zach\u0119camy do korzystania z komunikacji rowerowej we Wroc\u0142awiu. https:\/\/wroclawskirower.pl\/<\/p>\n\n\n\n<h3 class=\"wp-block-heading\">Taks\u00f3wki<\/h3>\n\n\n\n<p>We Wroc\u0142awiu skorzystasz z us\u0142ug licznych korporacji taxi oraz aplikacji Uber, Bold, Freenow. Zach\u0119camy jednak do zapoznania si\u0119 ze \u015bwietnie zorganizowan\u0105 komunikacj\u0105 miejsk\u0105 naszego miasta.<\/p>\n\n\n\n<h3 class=\"wp-block-heading\">Samochody<\/h3>\n\n\n\n<p>Miejsce konferencji znajduje si\u0119 w centrum Wroc\u0142awia w zwi\u0105zku z czym w pobli\u017cu nie ma zbyt wielu miejsc parkingowych. Dlatego te\u017c zalecamy dotarcie na miejsce komunikacj\u0105 miejsk\u0105 lub taks\u00f3wk\u0105.<\/p>\n\n\n\n<p>Je\u015bli jednak zdecydujesz si\u0119 na podr\u00f3\u017c w\u0142asnym samochodem:<\/p>\n\n\n\n<ul class=\"wp-block-list\">\n<li>w weekend przy nasypie kolejowym mo\u017cna znale\u017a\u0107 wolne miejsca parkingowe<\/li>\n\n\n\n<li>parking hotelowy jest p\u0142atny zgodnie z cennikiem https:\/\/www.scandichotels.com\/hotels\/poland\/wroclaw\/scandic-wroclaw\/parking<\/li>\n\n\n\n<li>kolejny du\u017cy p\u0142atny parking znajdziesz nieopodal w centrum handlowym Arkady Wroc\u0142awskie http:\/\/www.arkadywroclawskie.pl\/o-centrum\/parking<\/li>\n<\/ul>\n\n\n\n<p><\/p>\n\n\n\n<h3 class=\"wp-block-heading\">Samolot<\/h3>\n\n\n\n<p>Najbli\u017csze lotnisko to Port Lotniczy Wroc\u0142aw S.A. znajduj\u0105cy si\u0119 pod adresem ul. Graniczna 190, 54-530 Wroc\u0142aw.  <\/p>\n\n\n\n<p><\/p>\n\n\n\n<div class=\"wp-block-group alignfull has-global-padding is-layout-constrained wp-container-core-group-is-layout-61150e08 wp-block-group-is-layout-constrained\" style=\"margin-top:0px;margin-bottom:0px;padding-right:30px;padding-left:0px\">\n<div data-map-provider=\"mapbox\" data-api-key=\"pk.eyJ1Ijoia3RhZGFzemFrIiwiYSI6ImNsbHc2dWY0ejF6YzMzZHB2aHRjczF4YTkifQ.UTp8ZYegFLuIRXHgOW4DpQ\" class=\"wp-block-jetpack-map is-style-black_and_white\" data-map-style=\"black_and_white\" data-map-details=\"true\" data-points=\"[{&quot;placeTitle&quot;:&quot;Scandic Wroclaw&quot;,&quot;title&quot;:&quot;Scandic Wroclaw&quot;,&quot;caption&quot;:&quot;Scandic Wroclaw, Marsza\u0142ka J\u00f3zefa Pi\u0142sudskiego 49-57, Wroc\u0142aw, Lower Silesian Voivodeship 50-032, Poland&quot;,&quot;id&quot;:&quot;poi.996432417355&quot;,&quot;coordinates&quot;:{&quot;longitude&quot;:17.028234,&quot;latitude&quot;:51.101408}}]\" data-zoom=\"15\" data-map-center=\"{&quot;lng&quot;:17.028234,&quot;lat&quot;:51.101408}\" data-marker-color=\"#475476\" data-scroll-to-zoom=\"true\" data-map-height=\"400\" data-show-fullscreen-button=\"true\"><ul><li><a href=\"https:\/\/www.google.com\/maps\/search\/?api=1&amp;query=51.101408,17.028234\">Scandic Wroclaw<\/a><\/li><\/ul><\/div>\n<\/div>\n","protected":false},"excerpt":{"rendered":"<p>Jak dotrze\u0107 do miejsca konferencji? Scandic Hotel znajduje si\u0119 w zasi\u0119gu kr\u00f3tkiego spaceru (10 minut) od Dworca G\u0142\u00f3wnego PKP i Dworca autobusowego. Komunikacja miejska Najbli\u017cszym przystankiem w miejscu konferencji jest Arkady (Capitol). Po wyj\u015bciu z tramwaju czy autobusu czeka Ci\u0119 ok 3-minutowy spacer do miejsca konferencji. W wyznaczeniu trasy pomo\u017ce wam serwis jakdojade.pl, a za [&hellip;]<\/p>\n","protected":false},"author":20993722,"featured_media":0,"parent":0,"menu_order":0,"comment_status":"closed","ping_status":"closed","template":"","meta":{"jetpack_post_was_ever_published":false,"footnotes":""},"class_list":["post-11","page","type-page","status-publish","hentry"],"jetpack_sharing_enabled":true,"_links":{"self":[{"href":"https:\/\/wroclaw.wordcamp.org\/2023\/wp-json\/wp\/v2\/pages\/11","targetHints":{"allow":["GET"]}}],"collection":[{"href":"https:\/\/wroclaw.wordcamp.org\/2023\/wp-json\/wp\/v2\/pages"}],"about":[{"href":"https:\/\/wroclaw.wordcamp.org\/2023\/wp-json\/wp\/v2\/types\/page"}],"author":[{"embeddable":true,"href":"https:\/\/wroclaw.wordcamp.org\/2023\/wp-json\/wp\/v2\/users\/20993722"}],"replies":[{"embeddable":true,"href":"https:\/\/wroclaw.wordcamp.org\/2023\/wp-json\/wp\/v2\/comments?post=11"}],"version-history":[{"count":32,"href":"https:\/\/wroclaw.wordcamp.org\/2023\/wp-json\/wp\/v2\/pages\/11\/revisions"}],"predecessor-version":[{"id":961,"href":"https:\/\/wroclaw.wordcamp.org\/2023\/wp-json\/wp\/v2\/pages\/11\/revisions\/961"}],"wp:attachment":[{"href":"https:\/\/wroclaw.wordcamp.org\/2023\/wp-json\/wp\/v2\/media?parent=11"}],"curies":[{"name":"wp","href":"https:\/\/api.w.org\/{rel}","templated":true}]}}