{"id":10,"date":"2023-08-04T12:55:22","date_gmt":"2023-08-04T10:55:22","guid":{"rendered":"https:\/\/wroclaw.wordcamp.org\/2023\/sponsors\/"},"modified":"2023-10-25T10:20:23","modified_gmt":"2023-10-25T08:20:23","slug":"sponsorzy","status":"publish","type":"page","link":"https:\/\/wroclaw.wordcamp.org\/2023\/sponsorzy\/","title":{"rendered":"Sponsorzy"},"content":{"rendered":"\n<div class=\"wp-block-cover alignfull is-light\" style=\"margin-top:0;padding-top:48px;padding-right:48px;padding-bottom:48px;padding-left:48px;min-height:66vh;aspect-ratio:unset;\"><span aria-hidden=\"true\" class=\"wp-block-cover__background has-contrast-background-color has-background-dim-10 has-background-dim\"><\/span><img loading=\"lazy\" decoding=\"async\" width=\"2560\" height=\"1514\" class=\"wp-block-cover__image-background wp-image-383\" alt=\"\" src=\"https:\/\/wroclaw.wordcamp.org\/2023\/files\/2023\/08\/IMG_2389-scaled.jpg\" data-object-fit=\"cover\" srcset=\"https:\/\/wroclaw.wordcamp.org\/2023\/files\/2023\/08\/IMG_2389-scaled.jpg 2560w, https:\/\/wroclaw.wordcamp.org\/2023\/files\/2023\/08\/IMG_2389-300x177.jpg 300w, https:\/\/wroclaw.wordcamp.org\/2023\/files\/2023\/08\/IMG_2389-1024x606.jpg 1024w, https:\/\/wroclaw.wordcamp.org\/2023\/files\/2023\/08\/IMG_2389-768x454.jpg 768w, https:\/\/wroclaw.wordcamp.org\/2023\/files\/2023\/08\/IMG_2389-500x296.jpg 500w, https:\/\/wroclaw.wordcamp.org\/2023\/files\/2023\/08\/IMG_2389-1536x908.jpg 1536w, https:\/\/wroclaw.wordcamp.org\/2023\/files\/2023\/08\/IMG_2389-2048x1211.jpg 2048w\" sizes=\"auto, (max-width: 2560px) 100vw, 2560px\" \/><div class=\"wp-block-cover__inner-container is-layout-flow wp-block-cover-is-layout-flow\">\n<div class=\"wp-block-group has-global-padding is-content-justification-left is-layout-constrained wp-container-core-group-is-layout-0b562c1c wp-block-group-is-layout-constrained\">\n<h2 class=\"wp-block-heading alignfull has-text-align-right has-white-color has-text-color\" style=\"font-size:clamp(3.037em, 3.037rem + ((1vw - 0.2em) * 5.387), 6em);font-style:normal;font-weight:700;letter-spacing:0px;line-height:1;text-transform:uppercase\">Chcesz wesprze\u0107 nasze wydarzenie?<\/h2>\n<\/div>\n\n\n\n<div style=\"height:72px\" aria-hidden=\"true\" class=\"wp-block-spacer\"><\/div>\n\n\n\n<div class=\"wp-block-buttons is-content-justification-right is-nowrap is-layout-flex wp-container-core-buttons-is-layout-5355fa85 wp-block-buttons-is-layout-flex\">\n<div class=\"wp-block-button has-custom-font-size is-style-outline is-style-outline--1\" style=\"font-size:clamp(1.039em, 1.039rem + ((1vw - 0.2em) * 1.02), 1.6em);font-style:normal;font-weight:600;letter-spacing:0px;text-transform:uppercase\"><a class=\"wp-block-button__link has-white-color has-text-color has-background has-text-align-right wp-element-button\" href=\"https:\/\/wroclaw.wordcamp.org\/2023\/sponsorzy-poszukiwani\/\" style=\"background-color:#00000070;padding-top:24px;padding-right:48px;padding-bottom:24px;padding-left:48px\">Zg\u0141O\u015a SI\u0118<\/a><\/div>\n<\/div>\n<\/div><\/div>\n\n\n<h1 class=\"has-text-align-center wp-block-post-title\">Sponsorzy<\/h1>\n\n\n<div class=\"wp-block-group alignfull has-background has-global-padding is-layout-constrained wp-block-group-is-layout-constrained\" style=\"background-color:#e5cd6f;padding-top:var(--wp--preset--spacing--30);padding-bottom:var(--wp--preset--spacing--30)\">\n<h2 class=\"wp-block-heading has-text-align-center\">Z\u0141OCI SPONSORZY<\/h2>\n\n\n\n<div class=\"wp-block-query is-layout-flow wp-block-query-is-layout-flow\">\n<div class=\"wp-block-columns has-base-background-color has-background is-layout-flex wp-container-core-columns-is-layout-638d446c wp-block-columns-is-layout-flex\" style=\"margin-top:0;margin-bottom:0;padding-right:var(--wp--preset--spacing--30);padding-left:var(--wp--preset--spacing--30)\">\n<div class=\"wp-block-column is-layout-flow wp-block-column-is-layout-flow\" style=\"flex-basis:100%\"><ul class=\"columns-3 wp-block-post-template has-background has-base-background-color is-layout-grid wp-container-core-post-template-is-layout-f537f8cf wp-block-post-template-is-layout-grid\"><li class=\"wp-block-post post-27 wcb_sponsor type-wcb_sponsor status-publish has-post-thumbnail hentry wcb_sponsor_level-zloty\">\n<figure style=\"aspect-ratio:16\/9; padding-right:0;padding-left:0;margin-right:0;margin-left:0;\" class=\"wp-block-post-featured-image\"><a href=\"https:\/\/wroclaw.wordcamp.org\/2023\/sponsor\/bluehost\/\" target=\"_self\"  ><img loading=\"lazy\" decoding=\"async\" width=\"651\" height=\"137\" src=\"https:\/\/wroclaw.wordcamp.org\/2023\/files\/2023\/08\/bh_logo_2015.png\" class=\"attachment-post-thumbnail size-post-thumbnail wp-post-image\" alt=\"Bluehost\" style=\"width:100%;height:100%;object-fit:contain;\" srcset=\"https:\/\/wroclaw.wordcamp.org\/2023\/files\/2023\/08\/bh_logo_2015.png 651w, https:\/\/wroclaw.wordcamp.org\/2023\/files\/2023\/08\/bh_logo_2015-300x63.png 300w, https:\/\/wroclaw.wordcamp.org\/2023\/files\/2023\/08\/bh_logo_2015-500x105.png 500w\" sizes=\"auto, (max-width: 651px) 100vw, 651px\" \/><\/a><\/figure>\n<\/li><li class=\"wp-block-post post-538 wcb_sponsor type-wcb_sponsor status-publish has-post-thumbnail hentry wcb_sponsor_level-zloty\">\n<figure style=\"aspect-ratio:16\/9; padding-right:0;padding-left:0;margin-right:0;margin-left:0;\" class=\"wp-block-post-featured-image\"><a href=\"https:\/\/wroclaw.wordcamp.org\/2023\/sponsor\/cyber_folks\/\" target=\"_self\"  ><img loading=\"lazy\" decoding=\"async\" width=\"1341\" height=\"369\" src=\"https:\/\/wroclaw.wordcamp.org\/2023\/files\/2023\/09\/cyber_Folks.jpg\" class=\"attachment-post-thumbnail size-post-thumbnail wp-post-image\" alt=\"cyber_Folks\" style=\"width:100%;height:100%;object-fit:contain;\" srcset=\"https:\/\/wroclaw.wordcamp.org\/2023\/files\/2023\/09\/cyber_Folks.jpg 1341w, https:\/\/wroclaw.wordcamp.org\/2023\/files\/2023\/09\/cyber_Folks-300x83.jpg 300w, https:\/\/wroclaw.wordcamp.org\/2023\/files\/2023\/09\/cyber_Folks-1024x282.jpg 1024w, https:\/\/wroclaw.wordcamp.org\/2023\/files\/2023\/09\/cyber_Folks-768x211.jpg 768w, https:\/\/wroclaw.wordcamp.org\/2023\/files\/2023\/09\/cyber_Folks-500x138.jpg 500w\" sizes=\"auto, (max-width: 1341px) 100vw, 1341px\" \/><\/a><\/figure>\n<\/li><li class=\"wp-block-post post-25 wcb_sponsor type-wcb_sponsor status-publish has-post-thumbnail hentry wcb_sponsor_level-zloty\">\n<figure style=\"aspect-ratio:16\/9; padding-right:0;padding-left:0;margin-right:0;margin-left:0;\" class=\"wp-block-post-featured-image\"><a href=\"https:\/\/wroclaw.wordcamp.org\/2023\/sponsor\/godaddy\/\" target=\"_self\"  ><img loading=\"lazy\" decoding=\"async\" width=\"480\" height=\"198\" src=\"https:\/\/wroclaw.wordcamp.org\/2023\/files\/2023\/08\/Copy-of-gd-logo-480x360-1-480x198.png\" class=\"attachment-post-thumbnail size-post-thumbnail wp-post-image\" alt=\"GoDaddy\" style=\"width:100%;height:100%;object-fit:contain;\" \/><\/a><\/figure>\n<\/li><li class=\"wp-block-post post-23 wcb_sponsor type-wcb_sponsor status-publish has-post-thumbnail hentry wcb_sponsor_level-zloty\">\n<figure style=\"aspect-ratio:16\/9; padding-right:0;padding-left:0;margin-right:0;margin-left:0;\" class=\"wp-block-post-featured-image\"><a href=\"https:\/\/wroclaw.wordcamp.org\/2023\/sponsor\/automattic\/\" target=\"_self\"  ><img loading=\"lazy\" decoding=\"async\" width=\"728\" height=\"222\" src=\"https:\/\/wroclaw.wordcamp.org\/2023\/files\/2023\/08\/jetpack-logo-horizontal-color-1.png\" class=\"attachment-post-thumbnail size-post-thumbnail wp-post-image\" alt=\"Jetpack\" style=\"width:100%;height:100%;object-fit:contain;\" srcset=\"https:\/\/wroclaw.wordcamp.org\/2023\/files\/2023\/08\/jetpack-logo-horizontal-color-1.png 728w, https:\/\/wroclaw.wordcamp.org\/2023\/files\/2023\/08\/jetpack-logo-horizontal-color-1-300x91.png 300w, https:\/\/wroclaw.wordcamp.org\/2023\/files\/2023\/08\/jetpack-logo-horizontal-color-1-500x152.png 500w\" sizes=\"auto, (max-width: 728px) 100vw, 728px\" \/><\/a><\/figure>\n<\/li><li class=\"wp-block-post post-21 wcb_sponsor type-wcb_sponsor status-publish has-post-thumbnail hentry wcb_sponsor_level-zloty\">\n<figure style=\"aspect-ratio:16\/9; padding-right:0;padding-left:0;margin-right:0;margin-left:0;\" class=\"wp-block-post-featured-image\"><a href=\"https:\/\/wroclaw.wordcamp.org\/2023\/sponsor\/siteground\/\" target=\"_self\"  ><img loading=\"lazy\" decoding=\"async\" width=\"400\" height=\"81\" src=\"https:\/\/wroclaw.wordcamp.org\/2023\/files\/2023\/08\/siteground-logo-black-transparent-400x81-2.png\" class=\"attachment-post-thumbnail size-post-thumbnail wp-post-image\" alt=\"SiteGround\" style=\"width:100%;height:100%;object-fit:contain;\" srcset=\"https:\/\/wroclaw.wordcamp.org\/2023\/files\/2023\/08\/siteground-logo-black-transparent-400x81-2.png 400w, https:\/\/wroclaw.wordcamp.org\/2023\/files\/2023\/08\/siteground-logo-black-transparent-400x81-2-300x61.png 300w\" sizes=\"auto, (max-width: 400px) 100vw, 400px\" \/><\/a><\/figure>\n<\/li><li class=\"wp-block-post post-29 wcb_sponsor type-wcb_sponsor status-publish has-post-thumbnail hentry wcb_sponsor_level-zloty\">\n<figure style=\"aspect-ratio:16\/9; padding-right:0;padding-left:0;margin-right:0;margin-left:0;\" class=\"wp-block-post-featured-image\"><a href=\"https:\/\/wroclaw.wordcamp.org\/2023\/sponsor\/weglot\/\" target=\"_self\"  ><img loading=\"lazy\" decoding=\"async\" width=\"940\" height=\"198\" src=\"https:\/\/wroclaw.wordcamp.org\/2023\/files\/2023\/08\/Weglot-CPT-logo-940x198.png\" class=\"attachment-post-thumbnail size-post-thumbnail wp-post-image\" alt=\"Weglot\" style=\"width:100%;height:100%;object-fit:contain;\" \/><\/a><\/figure>\n<\/li><\/ul><\/div>\n<\/div>\n<\/div>\n<\/div>\n\n\n\n<div class=\"wp-block-group alignfull has-cyan-bluish-gray-background-color has-background has-global-padding is-layout-constrained wp-block-group-is-layout-constrained\" style=\"padding-top:var(--wp--preset--spacing--30);padding-bottom:var(--wp--preset--spacing--30)\">\n<h2 class=\"wp-block-heading has-text-align-center\">SREBRNI SPONSORZY<\/h2>\n\n\n\n<div class=\"wp-block-query is-layout-flow wp-block-query-is-layout-flow\">\n<div class=\"wp-block-columns has-base-background-color has-background is-layout-flex wp-container-core-columns-is-layout-1a2ddb66 wp-block-columns-is-layout-flex\" style=\"padding-right:var(--wp--preset--spacing--30);padding-left:var(--wp--preset--spacing--30)\">\n<div class=\"wp-block-column is-layout-flow wp-block-column-is-layout-flow\" style=\"flex-basis:100%\"><ul class=\"columns-3 wp-block-post-template has-background has-base-background-color is-layout-grid wp-container-core-post-template-is-layout-6d3fbd8f wp-block-post-template-is-layout-grid\"><li class=\"wp-block-post post-796 wcb_sponsor type-wcb_sponsor status-publish has-post-thumbnail hentry wcb_sponsor_level-srebrny\">\n<figure style=\"aspect-ratio:16\/9; margin-right:0;margin-left:0;\" class=\"wp-block-post-featured-image\"><a href=\"https:\/\/wroclaw.wordcamp.org\/2023\/sponsor\/bonasoft\/\" target=\"_self\"  ><img loading=\"lazy\" decoding=\"async\" width=\"2086\" height=\"452\" src=\"https:\/\/wroclaw.wordcamp.org\/2023\/files\/2023\/10\/bslogo.jpg\" class=\"attachment-post-thumbnail size-post-thumbnail wp-post-image\" alt=\"BonaSoft\" style=\"width:100%;height:100%;object-fit:contain;\" srcset=\"https:\/\/wroclaw.wordcamp.org\/2023\/files\/2023\/10\/bslogo.jpg 2086w, https:\/\/wroclaw.wordcamp.org\/2023\/files\/2023\/10\/bslogo-300x65.jpg 300w, https:\/\/wroclaw.wordcamp.org\/2023\/files\/2023\/10\/bslogo-1024x222.jpg 1024w, https:\/\/wroclaw.wordcamp.org\/2023\/files\/2023\/10\/bslogo-768x166.jpg 768w, https:\/\/wroclaw.wordcamp.org\/2023\/files\/2023\/10\/bslogo-500x108.jpg 500w, https:\/\/wroclaw.wordcamp.org\/2023\/files\/2023\/10\/bslogo-1536x333.jpg 1536w, https:\/\/wroclaw.wordcamp.org\/2023\/files\/2023\/10\/bslogo-2048x444.jpg 2048w\" sizes=\"auto, (max-width: 2086px) 100vw, 2086px\" \/><\/a><\/figure>\n<\/li><li class=\"wp-block-post post-1040 wcb_sponsor type-wcb_sponsor status-publish has-post-thumbnail hentry wcb_sponsor_level-srebrny\">\n<figure style=\"aspect-ratio:16\/9; margin-right:0;margin-left:0;\" class=\"wp-block-post-featured-image\"><a href=\"https:\/\/wroclaw.wordcamp.org\/2023\/sponsor\/wp-appointments\/\" target=\"_self\"  ><img loading=\"lazy\" decoding=\"async\" width=\"2468\" height=\"538\" src=\"https:\/\/wroclaw.wordcamp.org\/2023\/files\/2023\/10\/wpappointments.jpg\" class=\"attachment-post-thumbnail size-post-thumbnail wp-post-image\" alt=\"WP Appointments\" style=\"width:100%;height:100%;object-fit:contain;\" srcset=\"https:\/\/wroclaw.wordcamp.org\/2023\/files\/2023\/10\/wpappointments.jpg 2468w, https:\/\/wroclaw.wordcamp.org\/2023\/files\/2023\/10\/wpappointments-300x65.jpg 300w, https:\/\/wroclaw.wordcamp.org\/2023\/files\/2023\/10\/wpappointments-1024x223.jpg 1024w, https:\/\/wroclaw.wordcamp.org\/2023\/files\/2023\/10\/wpappointments-768x167.jpg 768w, https:\/\/wroclaw.wordcamp.org\/2023\/files\/2023\/10\/wpappointments-500x109.jpg 500w, https:\/\/wroclaw.wordcamp.org\/2023\/files\/2023\/10\/wpappointments-1536x335.jpg 1536w, https:\/\/wroclaw.wordcamp.org\/2023\/files\/2023\/10\/wpappointments-2048x446.jpg 2048w\" sizes=\"auto, (max-width: 2468px) 100vw, 2468px\" \/><\/a><\/figure>\n<\/li><\/ul><\/div>\n<\/div>\n<\/div>\n<\/div>\n\n\n\n<div class=\"wp-block-group alignfull has-background has-global-padding is-layout-constrained wp-block-group-is-layout-constrained\" style=\"background-color:#a1937b;padding-top:var(--wp--preset--spacing--30);padding-bottom:var(--wp--preset--spacing--30)\">\n<h2 class=\"wp-block-heading has-text-align-center\">BR\u0104ZOWI SPONSORZY<\/h2>\n\n\n\n<div class=\"wp-block-query is-layout-flow wp-block-query-is-layout-flow\">\n<div class=\"wp-block-columns has-base-background-color has-background is-layout-flex wp-container-core-columns-is-layout-1a2ddb66 wp-block-columns-is-layout-flex\" style=\"padding-right:var(--wp--preset--spacing--30);padding-left:var(--wp--preset--spacing--30)\">\n<div class=\"wp-block-column is-layout-flow wp-block-column-is-layout-flow\" style=\"flex-basis:100%\"><ul class=\"columns-3 wp-block-post-template has-background has-base-background-color is-layout-grid wp-container-core-post-template-is-layout-6d3fbd8f wp-block-post-template-is-layout-grid\"><li class=\"wp-block-post post-968 wcb_sponsor type-wcb_sponsor status-publish has-post-thumbnail hentry wcb_sponsor_level-brazowy\">\n<figure style=\"aspect-ratio:16\/9; margin-right:0;margin-left:0;\" class=\"wp-block-post-featured-image\"><a href=\"https:\/\/wroclaw.wordcamp.org\/2023\/sponsor\/lh\/\" target=\"_self\"  ><img loading=\"lazy\" decoding=\"async\" width=\"1498\" height=\"638\" src=\"https:\/\/wroclaw.wordcamp.org\/2023\/files\/2023\/10\/lh.jpg\" class=\"attachment-post-thumbnail size-post-thumbnail wp-post-image\" alt=\"LH\" style=\"width:100%;height:100%;object-fit:contain;\" srcset=\"https:\/\/wroclaw.wordcamp.org\/2023\/files\/2023\/10\/lh.jpg 1498w, https:\/\/wroclaw.wordcamp.org\/2023\/files\/2023\/10\/lh-300x128.jpg 300w, https:\/\/wroclaw.wordcamp.org\/2023\/files\/2023\/10\/lh-1024x436.jpg 1024w, https:\/\/wroclaw.wordcamp.org\/2023\/files\/2023\/10\/lh-768x327.jpg 768w, https:\/\/wroclaw.wordcamp.org\/2023\/files\/2023\/10\/lh-500x213.jpg 500w\" sizes=\"auto, (max-width: 1498px) 100vw, 1498px\" \/><\/a><\/figure>\n<\/li><li class=\"wp-block-post post-31 wcb_sponsor type-wcb_sponsor status-publish has-post-thumbnail hentry wcb_sponsor_level-brazowy\">\n<figure style=\"aspect-ratio:16\/9; margin-right:0;margin-left:0;\" class=\"wp-block-post-featured-image\"><a href=\"https:\/\/wroclaw.wordcamp.org\/2023\/sponsor\/woocommerce\/\" target=\"_self\"  ><img loading=\"lazy\" decoding=\"async\" width=\"940\" height=\"198\" src=\"https:\/\/wroclaw.wordcamp.org\/2023\/files\/2023\/08\/Copy-of-woocommerce-logo-color-black@2x-2-940x198.png\" class=\"attachment-post-thumbnail size-post-thumbnail wp-post-image\" alt=\"WooCommerce\" style=\"width:100%;height:100%;object-fit:contain;\" \/><\/a><\/figure>\n<\/li><\/ul><\/div>\n<\/div>\n<\/div>\n<\/div>\n\n\n\n<h2 class=\"wp-block-heading has-text-align-center\">MIKROSPONSORZY<\/h2>\n\n\n\n<div class=\"wp-block-query is-layout-flow wp-block-query-is-layout-flow\">\n<div class=\"wp-block-columns has-base-background-color has-background is-layout-flex wp-container-core-columns-is-layout-1a2ddb66 wp-block-columns-is-layout-flex\" style=\"padding-right:var(--wp--preset--spacing--30);padding-left:var(--wp--preset--spacing--30)\">\n<div class=\"wp-block-column is-layout-flow wp-block-column-is-layout-flow\" style=\"flex-basis:50%\"><ul class=\"columns-1 wp-block-post-template has-background has-base-background-color is-layout-grid wp-container-core-post-template-is-layout-19505109 wp-block-post-template-is-layout-grid\"><li class=\"wp-block-post post-1014 wcb_sponsor type-wcb_sponsor status-publish has-post-thumbnail hentry wcb_sponsor_level-mikro\">\n<figure style=\"aspect-ratio:16\/9; margin-right:0;margin-left:0;\" class=\"wp-block-post-featured-image\"><a href=\"https:\/\/wroclaw.wordcamp.org\/2023\/sponsor\/seoprofi\/\" target=\"_self\"  ><img loading=\"lazy\" decoding=\"async\" width=\"380\" height=\"100\" src=\"https:\/\/wroclaw.wordcamp.org\/2023\/files\/2023\/10\/logo-seo-profi-1.png\" class=\"attachment-post-thumbnail size-post-thumbnail wp-post-image\" alt=\"SEOProfi\" style=\"width:100%;height:100%;object-fit:contain;\" srcset=\"https:\/\/wroclaw.wordcamp.org\/2023\/files\/2023\/10\/logo-seo-profi-1.png 380w, https:\/\/wroclaw.wordcamp.org\/2023\/files\/2023\/10\/logo-seo-profi-1-300x79.png 300w\" sizes=\"auto, (max-width: 380px) 100vw, 380px\" \/><\/a><\/figure>\n<\/li><\/ul><\/div>\n\n\n\n<div class=\"wp-block-column is-layout-flow wp-block-column-is-layout-flow\" style=\"flex-basis:50%\"><ul class=\"columns-3 wp-block-post-template has-background has-base-background-color is-layout-grid wp-container-core-post-template-is-layout-125c70a0 wp-block-post-template-is-layout-grid\"><li class=\"wp-block-post post-1014 wcb_sponsor type-wcb_sponsor status-publish has-post-thumbnail hentry wcb_sponsor_level-mikro\">\n\n<figure class=\"wp-block-image size-full is-resized\"><img loading=\"lazy\" decoding=\"async\" width=\"440\" height=\"114\" src=\"https:\/\/wroclaw.wordcamp.org\/2023\/files\/2023\/10\/korbank.png\" alt=\"\" class=\"wp-image-1229\" style=\"width:227px;height:auto\" srcset=\"https:\/\/wroclaw.wordcamp.org\/2023\/files\/2023\/10\/korbank.png 440w, https:\/\/wroclaw.wordcamp.org\/2023\/files\/2023\/10\/korbank-300x78.png 300w\" sizes=\"auto, (max-width: 440px) 100vw, 440px\" \/><\/figure>\n\n<\/li><\/ul><\/div>\n<\/div>\n<\/div>\n\n\n\n<h2 class=\"wp-block-heading has-text-align-center\">PARTNERZY<\/h2>\n\n\n\n<div class=\"wp-block-columns is-layout-flex wp-container-core-columns-is-layout-28f84493 wp-block-columns-is-layout-flex\">\n<div class=\"wp-block-column is-layout-flow wp-block-column-is-layout-flow\">\n<figure class=\"wp-block-image size-full\"><a href=\"https:\/\/wroclaw.wordcamp.org\/2023\/sponsor\/fundacja-www\/\"><img loading=\"lazy\" decoding=\"async\" width=\"940\" height=\"458\" src=\"https:\/\/wroclaw.wordcamp.org\/2023\/files\/2023\/10\/fundacjaWWW.png\" alt=\"\" class=\"wp-image-1159\" srcset=\"https:\/\/wroclaw.wordcamp.org\/2023\/files\/2023\/10\/fundacjaWWW.png 940w, https:\/\/wroclaw.wordcamp.org\/2023\/files\/2023\/10\/fundacjaWWW-300x146.png 300w, https:\/\/wroclaw.wordcamp.org\/2023\/files\/2023\/10\/fundacjaWWW-768x374.png 768w, https:\/\/wroclaw.wordcamp.org\/2023\/files\/2023\/10\/fundacjaWWW-500x244.png 500w\" sizes=\"auto, (max-width: 940px) 100vw, 940px\" \/><\/a><\/figure>\n<\/div>\n\n\n\n<div class=\"wp-block-column is-layout-flow wp-block-column-is-layout-flow\"><\/div>\n\n\n\n<div class=\"wp-block-column is-layout-flow wp-block-column-is-layout-flow\"><\/div>\n<\/div>\n\n\n\n<div style=\"height:100px\" aria-hidden=\"true\" class=\"wp-block-spacer\"><\/div>\n\n\n\n<div id=\"call-for\" class=\"wp-block-group has-global-padding is-layout-constrained wp-block-group-is-layout-constrained\">\n<h2 class=\"wp-block-heading\">ZOSTA\u0143 SPONSOREM<\/h2>\n\n\n\n<p>Sprawd\u017a <a href=\"https:\/\/wroclaw.wordcamp.org\/2023\/sponsorzy-poszukiwani\">Sponsorzy poszukiwani<\/a> a dowiesz si\u0119 jak mo\u017cesz nas wesprze\u0107 \u017ceby WordCamp Wroc\u0142aw by\u0142 jak najlepszy!<\/p>\n<\/div>\n","protected":false},"excerpt":{"rendered":"<p>Z\u0141OCI SPONSORZY SREBRNI SPONSORZY BR\u0104ZOWI SPONSORZY MIKROSPONSORZY PARTNERZY ZOSTA\u0143 SPONSOREM Sprawd\u017a Sponsorzy poszukiwani a dowiesz si\u0119 jak mo\u017cesz nas wesprze\u0107 \u017ceby WordCamp Wroc\u0142aw by\u0142 jak najlepszy!<\/p>\n","protected":false},"author":15890890,"featured_media":0,"parent":0,"menu_order":0,"comment_status":"closed","ping_status":"closed","template":"","meta":{"jetpack_post_was_ever_published":false,"footnotes":""},"class_list":["post-10","page","type-page","status-publish","hentry"],"jetpack_sharing_enabled":true,"_links":{"self":[{"href":"https:\/\/wroclaw.wordcamp.org\/2023\/wp-json\/wp\/v2\/pages\/10","targetHints":{"allow":["GET"]}}],"collection":[{"href":"https:\/\/wroclaw.wordcamp.org\/2023\/wp-json\/wp\/v2\/pages"}],"about":[{"href":"https:\/\/wroclaw.wordcamp.org\/2023\/wp-json\/wp\/v2\/types\/page"}],"author":[{"embeddable":true,"href":"https:\/\/wroclaw.wordcamp.org\/2023\/wp-json\/wp\/v2\/users\/15890890"}],"replies":[{"embeddable":true,"href":"https:\/\/wroclaw.wordcamp.org\/2023\/wp-json\/wp\/v2\/comments?post=10"}],"version-history":[{"count":25,"href":"https:\/\/wroclaw.wordcamp.org\/2023\/wp-json\/wp\/v2\/pages\/10\/revisions"}],"predecessor-version":[{"id":1230,"href":"https:\/\/wroclaw.wordcamp.org\/2023\/wp-json\/wp\/v2\/pages\/10\/revisions\/1230"}],"wp:attachment":[{"href":"https:\/\/wroclaw.wordcamp.org\/2023\/wp-json\/wp\/v2\/media?parent=10"}],"curies":[{"name":"wp","href":"https:\/\/api.w.org\/{rel}","templated":true}]}}