{"id":599243,"date":"2013-12-11T20:37:03","date_gmt":"2013-12-11T20:37:03","guid":{"rendered":"https:\/\/2013.wroclaw.wordcamp.org\/?page_id=599243"},"modified":"2013-12-15T09:24:56","modified_gmt":"2013-12-15T09:24:56","slug":"regulamin","status":"publish","type":"page","link":"https:\/\/wroclaw.wordcamp.org\/2013\/konkurs\/regulamin\/","title":{"rendered":"Regulamin konkursu"},"content":{"rendered":"<div class=\"page-index\">\n<h2>Spis tre\u015bci<\/h2>\n<ul>\n<li><a href=\"https:\/\/2013.wroclaw.wordcamp.org\/konkurs#przedmiot\">Przedmiot konkursu<\/a><\/li>\n<li><a href=\"https:\/\/2013.wroclaw.wordcamp.org\/konkurs#motyw\">Motyw przewodni<\/a>\n<ul>\n<li><a href=\"https:\/\/2013.wroclaw.wordcamp.org\/konkurs\/przyklady\">Przyk\u0142ady<\/a><\/li>\n<\/ul>\n<\/li>\n<li><a href=\"https:\/\/2013.wroclaw.wordcamp.org\/konkurs#wymagania\">Wymagania og\u00f3lne<\/a>\n<ul>\n<li><a href=\"https:\/\/2013.wroclaw.wordcamp.org\/konkurs\/zgloszenia\">Zg\u0142oszenia<\/a><\/li>\n<li><a href=\"https:\/\/2013.wroclaw.wordcamp.org\/konkurs\/faq\">FAQ<\/a><\/li>\n<li><a href=\"https:\/\/2013.wroclaw.wordcamp.org\/konkurs\/regulamin\">Regulamin<\/a><\/li>\n<\/ul>\n<\/li>\n<li><a href=\"https:\/\/2013.wroclaw.wordcamp.org\/konkurs#nagrody\">Nagrody<\/a><\/li>\n<li><a href=\"https:\/\/2013.wroclaw.wordcamp.org\/konkurs#terminy\">Terminy<\/a><\/li>\n<li><a href=\"https:\/\/2013.wroclaw.wordcamp.org\/konkurs#kryteria\">Co b\u0119dzie oceniane<\/a><\/li>\n<li><a href=\"https:\/\/2013.wroclaw.wordcamp.org\/konkurs#kody\">Kody dost\u0119powe<\/a><\/li>\n<\/ul>\n<\/div>\n<p>Pobierz: <a href=\"https:\/\/2013.wroclaw.wordcamp.org\/files\/2013\/12\/Regulamin.pdf\">Regulamin<\/a> (plik pdf).<\/p>\n","protected":false},"excerpt":{"rendered":"<p>Spis tre\u015bci Przedmiot konkursu Motyw przewodni Przyk\u0142ady Wymagania og\u00f3lne Zg\u0142oszenia FAQ Regulamin Nagrody Terminy Co b\u0119dzie oceniane Kody dost\u0119powe Pobierz: Regulamin (plik pdf).<\/p>\n","protected":false},"author":8679195,"featured_media":0,"parent":420138,"menu_order":0,"comment_status":"open","ping_status":"open","template":"","meta":{"_crdt_document":"","jetpack_post_was_ever_published":false,"footnotes":""},"class_list":["post-599243","page","type-page","status-publish","hentry"],"jetpack_sharing_enabled":true,"_links":{"self":[{"href":"https:\/\/wroclaw.wordcamp.org\/2013\/wp-json\/wp\/v2\/pages\/599243","targetHints":{"allow":["GET"]}}],"collection":[{"href":"https:\/\/wroclaw.wordcamp.org\/2013\/wp-json\/wp\/v2\/pages"}],"about":[{"href":"https:\/\/wroclaw.wordcamp.org\/2013\/wp-json\/wp\/v2\/types\/page"}],"author":[{"embeddable":true,"href":"https:\/\/wroclaw.wordcamp.org\/2013\/wp-json\/wp\/v2\/users\/8679195"}],"replies":[{"embeddable":true,"href":"https:\/\/wroclaw.wordcamp.org\/2013\/wp-json\/wp\/v2\/comments?post=599243"}],"version-history":[{"count":2,"href":"https:\/\/wroclaw.wordcamp.org\/2013\/wp-json\/wp\/v2\/pages\/599243\/revisions"}],"predecessor-version":[{"id":614994,"href":"https:\/\/wroclaw.wordcamp.org\/2013\/wp-json\/wp\/v2\/pages\/599243\/revisions\/614994"}],"up":[{"embeddable":true,"href":"https:\/\/wroclaw.wordcamp.org\/2013\/wp-json\/wp\/v2\/pages\/420138"}],"wp:attachment":[{"href":"https:\/\/wroclaw.wordcamp.org\/2013\/wp-json\/wp\/v2\/media?parent=599243"}],"curies":[{"name":"wp","href":"https:\/\/api.w.org\/{rel}","templated":true}]}}