{"id":420719,"date":"2013-10-31T13:30:26","date_gmt":"2013-10-31T13:30:26","guid":{"rendered":"https:\/\/2013.wroclaw.wordcamp.org\/?page_id=420719"},"modified":"2013-11-12T10:59:59","modified_gmt":"2013-11-12T10:59:59","slug":"przyklady","status":"publish","type":"page","link":"https:\/\/wroclaw.wordcamp.org\/2013\/konkurs\/przyklady\/","title":{"rendered":"Przyk\u0142ady"},"content":{"rendered":"<div class=\"page-index\">\n<h2>Spis tre\u015bci<\/h2>\n<ul>\n<li><a href=\"https:\/\/2013.wroclaw.wordcamp.org\/konkurs#przedmiot\">Przedmiot konkursu<\/a><\/li>\n<li><a href=\"https:\/\/2013.wroclaw.wordcamp.org\/konkurs#motyw\">Motyw przewodni<\/a>\n<ul>\n<li><a href=\"https:\/\/2013.wroclaw.wordcamp.org\/konkurs\/przyklady\">Przyk\u0142ady<\/a><\/li>\n<\/ul>\n<\/li>\n<li><a href=\"https:\/\/2013.wroclaw.wordcamp.org\/konkurs#wymagania\">Wymagania og\u00f3lne<\/a>\n<ul>\n<li><a href=\"https:\/\/2013.wroclaw.wordcamp.org\/konkurs\/zgloszenia\">Zg\u0142oszenia<\/a><\/li>\n<li><a href=\"https:\/\/2013.wroclaw.wordcamp.org\/konkurs\/faq\">FAQ<\/a><\/li>\n<li><a href=\"https:\/\/2013.wroclaw.wordcamp.org\/konkurs\/regulamin\">Regulamin<\/a><\/li>\n<\/ul>\n<\/li>\n<li><a href=\"https:\/\/2013.wroclaw.wordcamp.org\/konkurs#nagrody\">Nagrody<\/a><\/li>\n<li><a href=\"https:\/\/2013.wroclaw.wordcamp.org\/konkurs#terminy\">Terminy<\/a><\/li>\n<li><a href=\"https:\/\/2013.wroclaw.wordcamp.org\/konkurs#kryteria\">Co b\u0119dzie oceniane<\/a><\/li>\n<\/ul>\n<\/div>\n<p>Poni\u017cej prezentujemy hipotetyczne (nie istniej\u0105ce) przyk\u0142ady witryn, kt\u00f3re mog\u0142yby by\u0107 zg\u0142oszone do konkursu i kt\u00f3re spe\u0142niaj\u0105 warunek zgodno\u015bci z motywem przewodnim konkursu &#8222;Zr\u00f3bmy to inaczej&#8221;.<\/p>\n<h2>Przyk\u0142ad 1 \u2013 przeniesienie w chmur\u0119 istniej\u0105cej strony<\/h2>\n<p><strong>Witryna zg\u0142oszona do konkursu:<\/strong> Blog kulinarny pt. \u201eZabiegany cz\u0142owiek gotuje\u201d.<\/p>\n<p>Istniej\u0105cy od 3 lat blog, kt\u00f3ry na potrzeby konkursu zosta\u0142 przeniesiony w chmur\u0119. <strong>Blog spe\u0142nia za\u0142o\u017cenie \u201eZr\u00f3bmy to inaczej\u201d<\/strong>, gdy\u017c r\u00f3\u017cni si\u0119 od innych blog\u00f3w kulinarnych tym, \u017ce wszystkie przepisy s\u0105 do zrealizowania w poni\u017cej 30 minut.<\/p>\n<h2>Przyk\u0142ad 2 \u2013 zupe\u0142nie nowa strona zak\u0142adana w chmurze<\/h2>\n<p><strong>Witryna zg\u0142oszona do konkursu:<\/strong> \u201eDo\u0142owanie na weso\u0142o\u201d.<\/p>\n<p>Witryna w kt\u00f3rej internauci w maksymalnie 200 s\u0142owach opisuj\u0105 swoje wpadki i pechowe wydarzenia, kt\u00f3rych do\u015bwiadczyli w ci\u0105gu danego dnia. Codziennie odbywa si\u0119 g\u0142osowanie na najciekawszy pechowy dzie\u0144. <strong>Portal spe\u0142nia za\u0142o\u017cenie \u201eZr\u00f3bmy to inaczej\u201d<\/strong>, gdy\u017c ma\u0142o kto potrafi do\u0142owa\u0107 si\u0119 na weso\u0142o.<\/p>\n<h2>Przyk\u0142ad 3 \u2013 zupe\u0142nie nowa strona zak\u0142adana w chmurze<\/h2>\n<p><strong>Witryna zg\u0142oszona do konkursu:<\/strong> WordPress case study. Portal wymiany do\u015bwiadcze\u0144 zwi\u0105zanych z wykorzystaniem WordPressa.<\/p>\n<p>W portalu ka\u017cdy mo\u017ce opublikowa\u0107 artyku\u0142. Autor artyku\u0142u opisuje konkretny przypadek z \u017cycia wzi\u0119ty. Np. realizacj\u0119 jakiego\u015b zlecenia z WordPress, albo zrobienie wtyczki, za\u0142o\u017cenie ciekawego bloga. Z jakimi problemami si\u0119 spotka\u0142, jak przebiega\u0142y prace, jakie ciekawe rozwi\u0105zania zastosowa\u0142.. Z ka\u017cdym autorem prezentowana jest jego nota bio i link do strony. W ten spos\u00f3b autor promuje siebie, a my tworzymy centrum wiedzy o WordPressie.<\/p>\n<p><strong>Portal spe\u0142nia za\u0142o\u017cenie \u201eZr\u00f3bmy to inaczej\u201d<\/strong>, bo wszystkie blogi o WordPressie zwykle s\u0105 informacjami o nowo\u015bciach, gotowych wtyczkach, ewentualnie zbiorem tutoriali, a nie ma serwisu, kt\u00f3ry pokazuje real life.<\/p>\n","protected":false},"excerpt":{"rendered":"<p>Spis tre\u015bci Przedmiot konkursu Motyw przewodni Przyk\u0142ady Wymagania og\u00f3lne Zg\u0142oszenia FAQ Regulamin Nagrody Terminy Co b\u0119dzie oceniane Poni\u017cej prezentujemy hipotetyczne (nie istniej\u0105ce) przyk\u0142ady witryn, kt\u00f3re mog\u0142yby by\u0107 zg\u0142oszone do konkursu i kt\u00f3re spe\u0142niaj\u0105 warunek zgodno\u015bci z motywem przewodnim konkursu &#8222;Zr\u00f3bmy &hellip; <a href=\"https:\/\/wroclaw.wordcamp.org\/2013\/konkurs\/przyklady\/\">Czytaj dalej <span class=\"screen-reader-text\">Przyk\u0142ady<\/span>  <span class=\"meta-nav\">&rarr;<\/span><\/a><\/p>\n","protected":false},"author":7318500,"featured_media":0,"parent":420138,"menu_order":0,"comment_status":"open","ping_status":"open","template":"","meta":{"_crdt_document":"","jetpack_post_was_ever_published":false,"footnotes":""},"class_list":["post-420719","page","type-page","status-publish","hentry"],"jetpack_sharing_enabled":true,"_links":{"self":[{"href":"https:\/\/wroclaw.wordcamp.org\/2013\/wp-json\/wp\/v2\/pages\/420719","targetHints":{"allow":["GET"]}}],"collection":[{"href":"https:\/\/wroclaw.wordcamp.org\/2013\/wp-json\/wp\/v2\/pages"}],"about":[{"href":"https:\/\/wroclaw.wordcamp.org\/2013\/wp-json\/wp\/v2\/types\/page"}],"author":[{"embeddable":true,"href":"https:\/\/wroclaw.wordcamp.org\/2013\/wp-json\/wp\/v2\/users\/7318500"}],"replies":[{"embeddable":true,"href":"https:\/\/wroclaw.wordcamp.org\/2013\/wp-json\/wp\/v2\/comments?post=420719"}],"version-history":[{"count":9,"href":"https:\/\/wroclaw.wordcamp.org\/2013\/wp-json\/wp\/v2\/pages\/420719\/revisions"}],"predecessor-version":[{"id":471137,"href":"https:\/\/wroclaw.wordcamp.org\/2013\/wp-json\/wp\/v2\/pages\/420719\/revisions\/471137"}],"up":[{"embeddable":true,"href":"https:\/\/wroclaw.wordcamp.org\/2013\/wp-json\/wp\/v2\/pages\/420138"}],"wp:attachment":[{"href":"https:\/\/wroclaw.wordcamp.org\/2013\/wp-json\/wp\/v2\/media?parent=420719"}],"curies":[{"name":"wp","href":"https:\/\/api.w.org\/{rel}","templated":true}]}}