{"id":220481,"date":"2013-09-11T13:01:52","date_gmt":"2013-09-11T13:01:52","guid":{"rendered":"https:\/\/2013.wroclaw.wordcamp.org\/?page_id=220481"},"modified":"2013-10-07T17:52:36","modified_gmt":"2013-10-07T17:52:36","slug":"agenda","status":"publish","type":"page","link":"https:\/\/wroclaw.wordcamp.org\/2013\/agenda\/","title":{"rendered":"Agenda"},"content":{"rendered":"<table width=\"100%\" border=\"0\" cellspacing=\"10\" cellpadding=\"10\" class=\"agenda\">\n<tr>\n<th scope=\"col\">&nbsp;<\/th>\n<th scope=\"col\">Dzie\u0144 1 \u2013 28. 09. 2013<br \/><small>Code Track<\/small><\/th>\n<th scope=\"col\">Dzie\u0144 2 \u2013 29. 09. 2013<br \/><small>Chillout Track<\/small><\/th>\n<\/tr>\n<tr>\n<th scope=\"row\">9:00<\/th>\n<td rowspan=\"2\" class=\"org\">Rejestracja<\/td>\n<td rowspan=\"2\" class=\"org\">Rozpocz\u0119cie i \u015bniadanie<\/td>\n<\/tr>\n<tr>\n<th scope=\"row\" class=\"minuty\"><small>9:15<\/small><\/th>\n<\/tr>\n<tr>\n<th scope=\"row\" class=\"minuty\"><small>9:30<\/small><\/th>\n<td class=\"org\">Rozpocz\u0119cie konferencji<\/td>\n<td rowspan=\"2\">\n<p><a href=\"https:\/\/2013.wroclaw.wordcamp.org\/session\/crowdsourcing-wlacz-sie-w-rozwoj\/\">Crowdsourcing \u2013 w\u0142\u0105cz si\u0119 w rozw\u00f3j!<\/a><\/p>\n<p><small>Marcin &prime;sirmacik&prime; Karpez<\/small><\/p>\n<\/td>\n<\/tr>\n<tr>\n<th scope=\"row\" class=\"minuty\"><small>9:45<\/small><\/th>\n<td rowspan=\"3\">\n<p><a href=\"https:\/\/2013.wroclaw.wordcamp.org\/session\/za-darmo-nie-umarlo\/\">Za darmo nie umar\u0142o<\/a><\/p>\n<p><small>Tomasz Dziuda<\/small><\/p>\n<\/td>\n<\/tr>\n<tr>\n<th scope=\"row\">10:00<\/th>\n<td rowspan=\"4\">\n<p><a href=\"https:\/\/2013.wroclaw.wordcamp.org\/session\/wordpress-w-chmurze-microsoft-czyli-windows-azure-do-uslug\/\">WordPress w chmurze Microsoft \u2013 czyli Windows Azure do us\u0142ug<\/a><\/p>\n<p><small>Ryszard Da\u0142kowski<\/small><\/p>\n<\/td>\n<\/tr>\n<tr>\n<th scope=\"row\" class=\"minuty\"><small>10:15<\/small><\/th>\n<\/tr>\n<tr>\n<th scope=\"row\" class=\"minuty\"><small>10:30<\/small><\/th>\n<td rowspan=\"3\">\n<p><a href=\"https:\/\/2013.wroclaw.wordcamp.org\/session\/wordpress-in-da-cloud\/\">WordPress in da cloud<\/a><\/p>\n<p><small>Micha\u0142 Smereczy\u0144ski<\/small><\/p>\n<\/td>\n<\/tr>\n<tr>\n<th scope=\"row\" class=\"minuty\"><small>10:45<\/small><\/th>\n<\/tr>\n<tr>\n<th scope=\"row\">11:00<\/th>\n<td class=\"przerwa\">Przerwa<\/td>\n<\/tr>\n<tr>\n<th scope=\"row\" class=\"minuty\"><small>11:15<\/small><\/th>\n<td class=\"przerwa\">Przerwa<\/td>\n<td rowspan=\"2\">\n<p><a href=\"https:\/\/2013.wroclaw.wordcamp.org\/session\/a-ty-ile-bierzesz-za-godzine\/\">A Ty ile bierzesz za godzin\u0119?<\/a><\/p>\n<p><small>Pawe\u0142 Wawrzyniak<\/small><\/p>\n<\/td>\n<\/tr>\n<tr>\n<th scope=\"row\" class=\"minuty\"><small>11:30<\/small><\/th>\n<td rowspan=\"2\">\n<p><a href=\"https:\/\/2013.wroclaw.wordcamp.org\/session\/zrob-wszystko-nie-niszcz-niczego\/\">Zr\u00f3b wszystko, nie niszcz niczego<\/a><\/p>\n<p><small>Marcin Pietrzak<\/small><\/p>\n<\/td>\n<\/tr>\n<tr>\n<th scope=\"row\" class=\"minuty\"><small>11:45<\/small><\/th>\n<td rowspan=\"2\">\n<p><a href=\"https:\/\/2013.wroclaw.wordcamp.org\/session\/klient-tez-czlowiek-czyli-jak-przystepnie-rozbudowac-backend\/\">Klient te\u017c cz\u0142owiek, czyli jak przyst\u0119pnie rozbudowa\u0107 backend<\/a><\/p>\n<p><small>Katarzyna Karus<\/small><\/p>\n<\/td>\n<\/tr>\n<tr>\n<th scope=\"row\">12:00<\/th>\n<td rowspan=\"2\">\n<p><a href=\"https:\/\/2013.wroclaw.wordcamp.org\/session\/budujemy-fabryke-blogow-na-wp-multisite\/\">Budujemy fabryk\u0119 blog\u00f3w na WP Multisite<\/a><\/p>\n<p><small>Marcin Kosedowski<\/small><\/p>\n<\/td>\n<\/tr>\n<tr>\n<th scope=\"row\" class=\"minuty\"><small>12:15<\/small><\/th>\n<td class=\"przerwa\">Przerwa<\/td>\n<\/tr>\n<tr>\n<th scope=\"row\" class=\"minuty\"><small>12:30<\/small><\/th>\n<td rowspan=\"2\" class=\"przerwa\">Przerwa<\/td>\n<td rowspan=\"3\">\n<p><a href=\"https:\/\/2013.wroclaw.wordcamp.org\/session\/umowa-nie-dla-freelancera\/\">Umowa nie dla freelancera<\/a><\/p>\n<p><small>Zuzanna Doli\u0144ska<\/small><\/p>\n<\/td>\n<\/tr>\n<tr>\n<th scope=\"row\" class=\"minuty\"><small>12:45<\/small><\/th>\n<\/tr>\n<tr>\n<th scope=\"row\">13:00<\/th>\n<td rowspan=\"2\">\n<p><a href=\"https:\/\/2013.wroclaw.wordcamp.org\/session\/jesli-nie-wp-multisite-to-co\/\">Je\u015bli nie WP MultiSite to co?<\/a><\/p>\n<p><small>Jakub M. Milczarek<\/small><\/p>\n<\/td>\n<\/tr>\n<tr>\n<th scope=\"row\" class=\"minuty\"><small>13:15<\/small><\/th>\n<td rowspan=\"4\" class=\"przerwa\">\n<p>Obiad<\/p>\n<p><small>strawa\/lunch ;)<\/small><\/p>\n<\/td>\n<\/tr>\n<tr>\n<th scope=\"row\" class=\"minuty\"><small>13:30<\/small><\/th>\n<td rowspan=\"4\" class=\"przerwa\">\n<p>Obiad<\/p>\n<p><small>strawa\/lunch ;)<\/small><\/p>\n<\/td>\n<\/tr>\n<tr>\n<th scope=\"row\" class=\"minuty\"><small>13:45<\/small><\/th>\n<\/tr>\n<tr>\n<th scope=\"row\">14:00<\/th>\n<\/tr>\n<tr>\n<th scope=\"row\" class=\"minuty\"><small>14:15<\/small><\/th>\n<td rowspan=\"3\">\n<p><a href=\"https:\/\/2013.wroclaw.wordcamp.org\/session\/seo-po-pandzie-i-pingwinie-dzialaj-efektywnie\/\">SEO po pandzie i pingwinie \u2013 dzia\u0142aj efektywnie!<\/a><\/p>\n<p><small>Magdalena Br\u00f3d<\/small><\/p>\n<\/td>\n<\/tr>\n<tr>\n<th scope=\"row\" class=\"minuty\"><small>14:30<\/small><\/th>\n<td rowspan=\"4\">\n<p><a href=\"https:\/\/2013.wroclaw.wordcamp.org\/session\/wielojezycznosc-w-wordpressie-porownanie-roznych-podejsc\/\">Wieloj\u0119zyczno\u015b\u0107 w WordPressie \u2013 por\u00f3wnanie r\u00f3\u017cnych podej\u015b\u0107<\/a><\/p>\n<p><small>Agnieszka Bury<\/small><\/p>\n<\/td>\n<\/tr>\n<tr>\n<th scope=\"row\" class=\"minuty\"><small>14:45<\/small><\/th>\n<\/tr>\n<tr>\n<th scope=\"row\">15:00<\/th>\n<td rowspan=\"2\">\n<p><a href=\"https:\/\/2013.wroclaw.wordcamp.org\/session\/views-wordpress-dla-niephp-ujacych\/\">Views \u2013 WordPress dla niePHP-uj\u0105cych<\/a><\/p>\n<p><small>Cezary Buliszek<\/small><\/p>\n<\/td>\n<\/tr>\n<tr>\n<th scope=\"row\" class=\"minuty\"><small>15:15<\/small><\/th>\n<\/tr>\n<tr>\n<th scope=\"row\" class=\"minuty\"><small>15:30<\/small><\/th>\n<td class=\"przerwa\">Przerwa<\/td>\n<td rowspan=\"4\" class=\"konkurs\">Konkursy, nagrody, wywiady, wizyty w zak\u0142adach pracy ;).<\/td>\n<\/tr>\n<tr>\n<th scope=\"row\" class=\"minuty\"><small>15:45<\/small><\/th>\n<td rowspan=\"3\">\n<p><a href=\"https:\/\/2013.wroclaw.wordcamp.org\/session\/wp-ajax-zrobmy-to-na-czysto\/\">WP &amp; AJAX \u2013 zr\u00f3bmy to na czysto!<\/a><\/p>\n<p><small>Marcin Wolak<\/small><\/p>\n<\/td>\n<\/tr>\n<tr>\n<th scope=\"row\">16:00<\/th>\n<\/tr>\n<tr>\n<th scope=\"row\" class=\"minuty\"><small>16:15<\/small><\/th>\n<\/tr>\n<tr>\n<th scope=\"row\" class=\"minuty\"><small>16:30<\/small><\/th>\n<td rowspan=\"2\">\n<p><a href=\"https:\/\/2013.wroclaw.wordcamp.org\/session\/skuteczna-ochrona-przed-wykradaniem-hasel-uwierzytelnianie-dwuskladnikowe-rublon\/\">Skuteczna ochrona przed wykradaniem hase\u0142 \u2013 uwierzytelnianie dwusk\u0142adnikowe Rublon<\/a><\/p>\n<p><small>Micha\u0142 Wendrowski<\/small><\/p>\n<\/td>\n<td rowspan=\"2\" class=\"org\">Koniec konferencji ;(<\/td>\n<\/tr>\n<tr>\n<th scope=\"row\" class=\"minuty\"><small>16:45<\/small><\/th>\n<\/tr>\n<tr>\n<th scope=\"row\">17:00<\/th>\n<td rowspan=\"3\">\n<p><a href=\"https:\/\/2013.wroclaw.wordcamp.org\/session\/w3-total-cache-skuteczne-przyspieszanie-wordpressa\/\">W3 Total Cache \u2013 skuteczne przy\u015bpieszanie WordPressa<\/a><\/p>\n<p><small>Bartosz Romanowski<\/small><\/p>\n<\/td>\n<td rowspan=\"4\" class=\"koniec\">&nbsp;<\/td>\n<\/tr>\n<tr>\n<th scope=\"row\" class=\"minuty\"><small>17:15<\/small><\/th>\n<\/tr>\n<tr>\n<th scope=\"row\" class=\"minuty\"><small>17:30<\/small><\/th>\n<\/tr>\n<tr>\n<th scope=\"row\"><small>17:45<\/small><\/th>\n<td class=\"org\">Zako\u0144czenie pierwszego dnia<\/td>\n<\/tr>\n<\/table>\n<div style=\"margin-left:250px\">\n<h3>middle party!<br \/>20:00<\/h3>\n<p><img decoding=\"async\" alt=\"Ggeek Girls Carrots Wroclove\" src=\"https:\/\/2013.wroclaw.wordcamp.org\/files\/2013\/09\/after.png\"><br \/>\n<strong>Klub Muzyczny Szklana \u0106ma<\/strong><br \/>\nul. Ofiar O\u015bwi\u0119cimskich 17<\/p>\n<\/div>\n","protected":false},"excerpt":{"rendered":"<p>&nbsp; Dzie\u0144 1 \u2013 28. 09. 2013Code Track Dzie\u0144 2 \u2013 29. 09. 2013Chillout Track 9:00 Rejestracja Rozpocz\u0119cie i \u015bniadanie 9:15 9:30 Rozpocz\u0119cie konferencji Crowdsourcing \u2013 w\u0142\u0105cz si\u0119 w rozw\u00f3j! Marcin &prime;sirmacik&prime; Karpez 9:45 Za darmo nie umar\u0142o Tomasz Dziuda &hellip; <a href=\"https:\/\/wroclaw.wordcamp.org\/2013\/agenda\/\">Czytaj dalej <span class=\"screen-reader-text\">Agenda<\/span>  <span class=\"meta-nav\">&rarr;<\/span><\/a><\/p>\n","protected":false},"author":12896307,"featured_media":0,"parent":0,"menu_order":0,"comment_status":"open","ping_status":"open","template":"","meta":{"_crdt_document":"","jetpack_post_was_ever_published":false,"footnotes":""},"class_list":["post-220481","page","type-page","status-publish","hentry"],"jetpack_sharing_enabled":true,"_links":{"self":[{"href":"https:\/\/wroclaw.wordcamp.org\/2013\/wp-json\/wp\/v2\/pages\/220481","targetHints":{"allow":["GET"]}}],"collection":[{"href":"https:\/\/wroclaw.wordcamp.org\/2013\/wp-json\/wp\/v2\/pages"}],"about":[{"href":"https:\/\/wroclaw.wordcamp.org\/2013\/wp-json\/wp\/v2\/types\/page"}],"author":[{"embeddable":true,"href":"https:\/\/wroclaw.wordcamp.org\/2013\/wp-json\/wp\/v2\/users\/12896307"}],"replies":[{"embeddable":true,"href":"https:\/\/wroclaw.wordcamp.org\/2013\/wp-json\/wp\/v2\/comments?post=220481"}],"version-history":[{"count":34,"href":"https:\/\/wroclaw.wordcamp.org\/2013\/wp-json\/wp\/v2\/pages\/220481\/revisions"}],"predecessor-version":[{"id":323232,"href":"https:\/\/wroclaw.wordcamp.org\/2013\/wp-json\/wp\/v2\/pages\/220481\/revisions\/323232"}],"wp:attachment":[{"href":"https:\/\/wroclaw.wordcamp.org\/2013\/wp-json\/wp\/v2\/media?parent=220481"}],"curies":[{"name":"wp","href":"https:\/\/api.w.org\/{rel}","templated":true}]}}