{"id":197634,"date":"2013-09-05T12:48:16","date_gmt":"2013-09-05T12:48:16","guid":{"rendered":"https:\/\/2013.wroclaw.wordcamp.org\/?page_id=197634"},"modified":"2013-09-05T12:48:16","modified_gmt":"2013-09-05T12:48:16","slug":"nocleg","status":"publish","type":"page","link":"https:\/\/wroclaw.wordcamp.org\/2013\/nocleg\/","title":{"rendered":"Nocleg"},"content":{"rendered":"<p>Dla uczestnik\u00f3w konferencji, kt\u00f3rzy zarezerwuj\u0105 nocleg w <a href=\"http:\/\/hostel-centrum.wroclaw.pl\/\">Corner Hostel<\/a> i podadz\u0105 has\u0142o &#8222;WordCamp&#8221; jest przewidziana zni\u017cka. A ponadto, je\u015bli ju\u017c zrobicie teraz rezerwacje to b\u0119d\u0105 wi\u0119ksze szanse, \u017ce wszyscy b\u0119dziemy na tym samym pi\u0119trze i razem w pokojach.<\/p>\n<p>Baza noclegowa we Wroc\u0142awiu jest du\u017ca. W samym Rynku i okolicach jest wiele hosteli, a tak\u017ce kilka hoteli. Z Rynku jest najlepszy i najszybszy dojazd na miejsce konferencji komunikacj\u0105 miejsk\u0105, wi\u0119c najlepiej rezerwowa\u0107 noclegi w\u0142a\u015bnie tam. <\/p>\n","protected":false},"excerpt":{"rendered":"<p>Dla uczestnik\u00f3w konferencji, kt\u00f3rzy zarezerwuj\u0105 nocleg w Corner Hostel i podadz\u0105 has\u0142o &#8222;WordCamp&#8221; jest przewidziana zni\u017cka. A ponadto, je\u015bli ju\u017c zrobicie teraz rezerwacje to b\u0119d\u0105 wi\u0119ksze szanse, \u017ce wszyscy b\u0119dziemy na tym samym pi\u0119trze i razem w pokojach. Baza noclegowa &hellip; <a href=\"https:\/\/wroclaw.wordcamp.org\/2013\/nocleg\/\">Czytaj dalej <span class=\"screen-reader-text\">Nocleg<\/span>  <span class=\"meta-nav\">&rarr;<\/span><\/a><\/p>\n","protected":false},"author":8679195,"featured_media":0,"parent":0,"menu_order":0,"comment_status":"open","ping_status":"open","template":"template-full-width.php","meta":{"_crdt_document":"","jetpack_post_was_ever_published":false,"footnotes":""},"class_list":["post-197634","page","type-page","status-publish","hentry"],"jetpack_sharing_enabled":true,"_links":{"self":[{"href":"https:\/\/wroclaw.wordcamp.org\/2013\/wp-json\/wp\/v2\/pages\/197634","targetHints":{"allow":["GET"]}}],"collection":[{"href":"https:\/\/wroclaw.wordcamp.org\/2013\/wp-json\/wp\/v2\/pages"}],"about":[{"href":"https:\/\/wroclaw.wordcamp.org\/2013\/wp-json\/wp\/v2\/types\/page"}],"author":[{"embeddable":true,"href":"https:\/\/wroclaw.wordcamp.org\/2013\/wp-json\/wp\/v2\/users\/8679195"}],"replies":[{"embeddable":true,"href":"https:\/\/wroclaw.wordcamp.org\/2013\/wp-json\/wp\/v2\/comments?post=197634"}],"version-history":[{"count":1,"href":"https:\/\/wroclaw.wordcamp.org\/2013\/wp-json\/wp\/v2\/pages\/197634\/revisions"}],"predecessor-version":[{"id":197795,"href":"https:\/\/wroclaw.wordcamp.org\/2013\/wp-json\/wp\/v2\/pages\/197634\/revisions\/197795"}],"wp:attachment":[{"href":"https:\/\/wroclaw.wordcamp.org\/2013\/wp-json\/wp\/v2\/media?parent=197634"}],"curies":[{"name":"wp","href":"https:\/\/api.w.org\/{rel}","templated":true}]}}