{"id":197183,"date":"2013-09-05T09:40:30","date_gmt":"2013-09-05T09:40:30","guid":{"rendered":"https:\/\/2013.wroclaw.wordcamp.org\/?page_id=197183"},"modified":"2013-09-20T20:41:20","modified_gmt":"2013-09-20T20:41:20","slug":"lokalizacja","status":"publish","type":"page","link":"https:\/\/wroclaw.wordcamp.org\/2013\/lokalizacja\/","title":{"rendered":"Lokalizacja"},"content":{"rendered":"<p><strong>Centrum Konferencyjne WPP<\/strong><br \/>\n<a href=\"http:\/\/www.konferencje.wpp.wroc.pl\" title=\"Centrum Konferencyjne WPP\">http:\/\/www.konferencje.wpp.wroc.pl<\/a><\/p>\n<div class=\"googlemaps\">\n\t\t\t\t<iframe loading=\"lazy\" width=\"900\" height=\"550\" frameborder=\"0\" scrolling=\"no\" marginheight=\"0\" marginwidth=\"0\"  src=\"https:\/\/maps.google.com\/maps?client=safari&#038;q=Centrum%20Konferencyjne%20WPP&#038;oe=UTF-8&#038;ie=UTF8&#038;hnear=&#038;t=m&#038;cid=875751539218537388&#038;ll=51.120011,16.99173&#038;spn=0.029631,0.077162&#038;z=14&#038;iwloc=A&#038;output=embed\"><\/iframe>\n\t\t\t<\/div>\n<p>Jak wygl\u0105da Centrum Konferencyjne:<\/p>\n<p><a href=\"https:\/\/2013.wroclaw.wordcamp.org\/files\/2013\/09\/wpt.png\"><img loading=\"lazy\" decoding=\"async\" src=\"https:\/\/2013.wroclaw.wordcamp.org\/files\/2013\/09\/wpt.png\" alt=\"wpt\" width=\"877\" height=\"487\" class=\"alignnone size-full wp-image-256593\" srcset=\"https:\/\/wroclaw.wordcamp.org\/2013\/files\/2013\/09\/wpt.png 877w, https:\/\/wroclaw.wordcamp.org\/2013\/files\/2013\/09\/wpt-300x166.png 300w\" sizes=\"auto, (max-width: 877px) 100vw, 877px\" \/><\/a><\/p>\n<p>Jak dojecha\u0107 z Rynku:<\/p>\n<p><a href=\"http:\/\/jakdojade.pl?fn=przyst.+Rynek&amp;fs=Rynek&amp;fc=51.111:17.02716&amp;tn=Fabryczna+&amp;tc=51.11223:16.98811&amp;d=21.09.13&amp;h=08:00&amp;ia=false&amp;t=0&amp;n=0&amp;ri=0&amp;cid=2000&amp;as=true&amp;aro=1\" title=\"Rynek - Centrum Konferencyjne\">Rynek &#8211; Centrum Konferencyjne<\/a><\/p>\n<p>Jak dojecha\u0107 z Dworca PKS:<\/p>\n<p><a href=\"http:\/\/jakdojade.pl?fn=Dworzec+PKS+Wroc%C5%82aw+G%C5%82%C3%B3wny&amp;fc=51.09656:17.03395&amp;tn=Fabryczna+&amp;tc=51.11223:16.98811&amp;d=21.09.13&amp;h=08:00&amp;ia=false&amp;t=0&amp;n=0&amp;ri=0&amp;cid=2000&amp;as=true&amp;aro=1\" title=\"Dworzec PKS - Centrum Konferencyjne\">Dworzec PKS &#8211; Centrum Konferencyjne<\/a><\/p>\n<p>Jak dojecha\u0107 z Dworca PKP:<\/p>\n<p><a href=\"http:\/\/jakdojade.pl?fn=Dworzec+PKP+Wroc%C5%82aw+G%C5%82%C3%B3wny&amp;fc=51.09894:17.03655&amp;tn=Fabryczna+&amp;tc=51.11223:16.98811&amp;d=21.09.13&amp;h=08:00&amp;ia=false&amp;t=0&amp;n=0&amp;ri=0&amp;cid=2000&amp;as=true&amp;aro=1\" title=\"Dworzec PKP - Centrum Konferencyjne\">Dworzec PKP &#8211; Centrum Konferencyjne<\/a><\/p>\n<p>Mapa miejsc wa\u017cnych:<\/p>\n<p><a href=\"https:\/\/mapsengine.google.com\/map\/edit?mid=zbwH_a7kiwRk.kbvmTN9F7aaU\" title=\"Punkty na mapie wroc\u0142awskiego WordCampa\">Punkty na mapie wroc\u0142awskiego WordCampa<\/a><\/p>\n<p>Informacje o komunikacji miejskiej<\/p>\n<p>Bilety mo\u017cna kupi\u0107 w ka\u017cdym tramwaju i autobusie &#8211; we wszystkich s\u0105 automaty, ale tylko na kart\u0119. Na przystankach s\u0105 automaty na karty i got\u00f3wk\u0119.<br \/>\n30 minutowy bilet kosztuje 3 z\u0142. <\/p>\n","protected":false},"excerpt":{"rendered":"<p>Centrum Konferencyjne WPP http:\/\/www.konferencje.wpp.wroc.pl Jak wygl\u0105da Centrum Konferencyjne: Jak dojecha\u0107 z Rynku: Rynek &#8211; Centrum Konferencyjne Jak dojecha\u0107 z Dworca PKS: Dworzec PKS &#8211; Centrum Konferencyjne Jak dojecha\u0107 z Dworca PKP: Dworzec PKP &#8211; Centrum Konferencyjne Mapa miejsc wa\u017cnych: Punkty &hellip; <a href=\"https:\/\/wroclaw.wordcamp.org\/2013\/lokalizacja\/\">Czytaj dalej <span class=\"screen-reader-text\">Lokalizacja<\/span>  <span class=\"meta-nav\">&rarr;<\/span><\/a><\/p>\n","protected":false},"author":12896307,"featured_media":0,"parent":0,"menu_order":0,"comment_status":"open","ping_status":"open","template":"template-full-width.php","meta":{"_crdt_document":"","jetpack_post_was_ever_published":false,"footnotes":""},"class_list":["post-197183","page","type-page","status-publish","hentry"],"jetpack_sharing_enabled":true,"_links":{"self":[{"href":"https:\/\/wroclaw.wordcamp.org\/2013\/wp-json\/wp\/v2\/pages\/197183","targetHints":{"allow":["GET"]}}],"collection":[{"href":"https:\/\/wroclaw.wordcamp.org\/2013\/wp-json\/wp\/v2\/pages"}],"about":[{"href":"https:\/\/wroclaw.wordcamp.org\/2013\/wp-json\/wp\/v2\/types\/page"}],"author":[{"embeddable":true,"href":"https:\/\/wroclaw.wordcamp.org\/2013\/wp-json\/wp\/v2\/users\/12896307"}],"replies":[{"embeddable":true,"href":"https:\/\/wroclaw.wordcamp.org\/2013\/wp-json\/wp\/v2\/comments?post=197183"}],"version-history":[{"count":5,"href":"https:\/\/wroclaw.wordcamp.org\/2013\/wp-json\/wp\/v2\/pages\/197183\/revisions"}],"predecessor-version":[{"id":256595,"href":"https:\/\/wroclaw.wordcamp.org\/2013\/wp-json\/wp\/v2\/pages\/197183\/revisions\/256595"}],"wp:attachment":[{"href":"https:\/\/wroclaw.wordcamp.org\/2013\/wp-json\/wp\/v2\/media?parent=197183"}],"curies":[{"name":"wp","href":"https:\/\/api.w.org\/{rel}","templated":true}]}}