{"id":194358,"date":"2013-09-04T16:10:09","date_gmt":"2013-09-04T16:10:09","guid":{"rendered":"https:\/\/2013.wroclaw.wordcamp.org\/?page_id=194358"},"modified":"2013-09-27T08:29:24","modified_gmt":"2013-09-27T08:29:24","slug":"bilety","status":"publish","type":"page","link":"https:\/\/wroclaw.wordcamp.org\/2013\/bilety\/","title":{"rendered":"Bilety"},"content":{"rendered":"<div id=\"wtyczka\" class=\"bilety\">\n<p>Kupujesz bilet? Wiesz, \u017ce mo\u017cesz nam pom\u00f3c jeszcze bardziej?<br \/><small>Umie\u015b\u0107 u siebie <a href=\"https:\/\/2013.wroclaw.wordcamp.org\/dodatki\/\" title=\"Dodatki\">jeden z baner\u00f3w<\/a> lub wykorzystaj do tego wtyczk\u0119 \u201e<a href=\"http:\/\/iworks.pl\/2013\/09\/05\/widget-na-wordcamp\/\">Widget na WordCamp<\/a>\u201d.<\/small><\/p>\n<\/div>\n<p>W tej chwili ju\u017c nie mo\u017cna naby\u0107 bilet\u00f3w.<\/p>\n<p>Je\u015bli wygra\u0142e\u015b wej\u015bci\u00f3wk\u0119 w konkursie organizowanym przez Made in Wro, GGC lub Pogaduchy Bloger\u00f3w prosz\u0119, skontaktuj si\u0119 nami mailowo (wroclaw@wordcamp.org) do 27 wrze\u015bnia do godziny 17:00.<\/p>\n","protected":false},"excerpt":{"rendered":"<p>Kupujesz bilet? Wiesz, \u017ce mo\u017cesz nam pom\u00f3c jeszcze bardziej?Umie\u015b\u0107 u siebie jeden z baner\u00f3w lub wykorzystaj do tego wtyczk\u0119 \u201eWidget na WordCamp\u201d. W tej chwili ju\u017c nie mo\u017cna naby\u0107 bilet\u00f3w. Je\u015bli wygra\u0142e\u015b wej\u015bci\u00f3wk\u0119 w konkursie organizowanym przez Made in Wro, &hellip; <a href=\"https:\/\/wroclaw.wordcamp.org\/2013\/bilety\/\">Czytaj dalej <span class=\"screen-reader-text\">Bilety<\/span>  <span class=\"meta-nav\">&rarr;<\/span><\/a><\/p>\n","protected":false},"author":8679195,"featured_media":0,"parent":0,"menu_order":0,"comment_status":"open","ping_status":"open","template":"","meta":{"_crdt_document":"","jetpack_post_was_ever_published":false,"footnotes":""},"class_list":["post-194358","page","type-page","status-publish","hentry"],"jetpack_sharing_enabled":true,"_links":{"self":[{"href":"https:\/\/wroclaw.wordcamp.org\/2013\/wp-json\/wp\/v2\/pages\/194358","targetHints":{"allow":["GET"]}}],"collection":[{"href":"https:\/\/wroclaw.wordcamp.org\/2013\/wp-json\/wp\/v2\/pages"}],"about":[{"href":"https:\/\/wroclaw.wordcamp.org\/2013\/wp-json\/wp\/v2\/types\/page"}],"author":[{"embeddable":true,"href":"https:\/\/wroclaw.wordcamp.org\/2013\/wp-json\/wp\/v2\/users\/8679195"}],"replies":[{"embeddable":true,"href":"https:\/\/wroclaw.wordcamp.org\/2013\/wp-json\/wp\/v2\/comments?post=194358"}],"version-history":[{"count":8,"href":"https:\/\/wroclaw.wordcamp.org\/2013\/wp-json\/wp\/v2\/pages\/194358\/revisions"}],"predecessor-version":[{"id":282104,"href":"https:\/\/wroclaw.wordcamp.org\/2013\/wp-json\/wp\/v2\/pages\/194358\/revisions\/282104"}],"wp:attachment":[{"href":"https:\/\/wroclaw.wordcamp.org\/2013\/wp-json\/wp\/v2\/media?parent=194358"}],"curies":[{"name":"wp","href":"https:\/\/api.w.org\/{rel}","templated":true}]}}