{"id":189589,"date":"2013-09-03T10:20:21","date_gmt":"2013-09-03T10:20:21","guid":{"rendered":"https:\/\/2013.wroclaw.wordcamp.org\/?page_id=189589"},"modified":"2013-09-03T10:21:23","modified_gmt":"2013-09-03T10:21:23","slug":"prelekcje","status":"publish","type":"page","link":"https:\/\/wroclaw.wordcamp.org\/2013\/prelekcje\/","title":{"rendered":"Prelekcje"},"content":{"rendered":"\n\t\t<div class=\"cpt-loop sessions\">\n\t\t\t\n\t\t\t<div class=\"grid_6 alpha\">\n\t\t\t\t\n\t\t\t\t\t\n\t\t\t\t\t<div id=\"post-217973\" class=\"session odd post-217973 wcb_session type-wcb_session status-publish hentry wcb_track-chillout-track\" >\n\t\t\t\t\t\t<h3 class=\"entry-title session-title\">\n\t\t\t\t\t\t\t<a href=\"https:\/\/wroclaw.wordcamp.org\/2013\/session\/seo-po-pandzie-i-pingwinie-dzialaj-efektywnie\/\">\n\t\t\t\t\t\t\t\tSEO po pandzie i pingwinie &#8211; dzia\u0142aj efektywnie!\t\t\t\t\t\t\t<\/a>\n\t\t\t\t\t\t<\/h3>\n\n\t\t\t\t\t\t<div class=\"entry-meta session-speakers session-meta\">Prezentowane przez: Magdalena Brod  <span class=\"meta-sep meta-sep-bull\">&bull;<\/span> <a href=\"https:\/\/wroclaw.wordcamp.org\/2013\/track\/chillout-track\/\">\u015acie\u017cka Chillout Track<\/a><\/div>\n\t\t\t\t\t\t<div class=\"entry-content session-description\">\n\t\t\t\t\t\t\t\t\t\t\t\t\t\t<p>WordPress sam w sobie jest \u015bwietnie zoptymalizowany pod k\u0105tem SEO. Dobrze by by\u0142o tego nie zepsu\u0107 \u017ale modyfikuj\u0105c szablon czy spamuj\u0105c linkami na prawo i lewo &#8211; trzeba znale\u017a\u0107 z\u0142oty \u015brodek, a algorytmy, takie jak Panda i Pingwin, nie u\u0142atwiaj\u0105 zadania.<\/p>\n<p><a href=\"http:\/\/www.slideshare.net\/bunitas\/prezentacja-magda-brod\">Link do prezentacji &raquo;<\/a><\/p>\n\t\t\t\t\t\t<\/div>\n\t\t\t\t\t<\/div>\n\n\t\t\t\t\n\t\t\t\t\t\n\t\t\t\t\t<div id=\"post-217968\" class=\"session even post-217968 wcb_session type-wcb_session status-publish hentry wcb_track-code-track\" >\n\t\t\t\t\t\t<h3 class=\"entry-title session-title\">\n\t\t\t\t\t\t\t<a href=\"https:\/\/wroclaw.wordcamp.org\/2013\/session\/w3-total-cache-skuteczne-przyspieszanie-wordpressa\/\">\n\t\t\t\t\t\t\t\tW3 Total Cache &#8211; skuteczne przy\u015bpieszanie WordPressa\t\t\t\t\t\t\t<\/a>\n\t\t\t\t\t\t<\/h3>\n\n\t\t\t\t\t\t<div class=\"entry-meta session-speakers session-meta\">Prezentowane przez: Bartosz Romanowski <span class=\"meta-sep meta-sep-bull\">&bull;<\/span> <a href=\"https:\/\/wroclaw.wordcamp.org\/2013\/track\/code-track\/\">\u015acie\u017cka Code Track<\/a><\/div>\n\t\t\t\t\t\t<div class=\"entry-content session-description\">\n\t\t\t\t\t\t\t\t\t\t\t\t\t\t<p>Wtyczka W3 Total Cache to pot\u0119\u017cne narz\u0119dzie, za pomoc\u0105 kt\u00f3rego mo\u017cna znacz\u0105co przy\u015bpieszy\u0107 dzia\u0142anie naszego serwisu. Warto wiedzie\u0107 jak u\u017cywa\u0107 r\u00f3\u017cnych mechanizm\u00f3w cache, ograniczy\u0107 ilo\u015b\u0107 \u017c\u0105da\u0144 wysy\u0142anych do serwera, zmniejszy\u0107 rozmiar strony czy korzysta\u0107 z CDN.<\/p>\n<p><a href=\"http:\/\/wpzen.pl\/wp-content\/uploads\/2013\/09\/w3-total-cache-wordcamp-wroclaw-2013.pdf\">Link do prezentacji &raquo;<\/a><\/p>\n\t\t\t\t\t\t<\/div>\n\t\t\t\t\t<\/div>\n\n\t\t\t\t\n\t\t\t\t\t\n\t\t\t\t\t<div id=\"post-217327\" class=\"session odd post-217327 wcb_session type-wcb_session status-publish hentry wcb_track-chillout-track\" >\n\t\t\t\t\t\t<h3 class=\"entry-title session-title\">\n\t\t\t\t\t\t\t<a href=\"https:\/\/wroclaw.wordcamp.org\/2013\/session\/views-wordpress-dla-niephp-ujacych\/\">\n\t\t\t\t\t\t\t\tViews \u2013 WordPress dla niePHP-uj\u0105cych\t\t\t\t\t\t\t<\/a>\n\t\t\t\t\t\t<\/h3>\n\n\t\t\t\t\t\t<div class=\"entry-meta session-speakers session-meta\">Prezentowane przez: Cezary Buliszak <span class=\"meta-sep meta-sep-bull\">&bull;<\/span> <a href=\"https:\/\/wroclaw.wordcamp.org\/2013\/track\/chillout-track\/\">\u015acie\u017cka Chillout Track<\/a><\/div>\n\t\t\t\t\t\t<div class=\"entry-content session-description\">\n\t\t\t\t\t\t\t\t\t\t\t\t\t\t<p>Wielu z nas nauk\u0119 PHP zacz\u0119\u0142o od modyfikacji gotowych motyw\u00f3w, studiuj\u0105c przy okazji WordPress Codex, a pisanie kodu traktuje jako z\u0142o konieczne. Wtyczka Views pozwala na wy\u015bwietlanie w\u0142asnych typ\u00f3w post\u00f3w, taksonomii oraz w\u0142asnych p\u00f3l bez pisania kodu PHP \u2013 bezpo\u015brednio z poziomu kokpitu WordPress.<\/p>\n<p><a href=\"https:\/\/2013.wroclaw.wordcamp.org\/files\/2013\/10\/wordpress-dla-niephpuja\u0328cych.pdf\">Link do prezentacji &raquo;<\/a><\/p>\n\t\t\t\t\t\t<\/div>\n\t\t\t\t\t<\/div>\n\n\t\t\t\t\n\t\t\t\t\t\n\t\t\t\t\t<div id=\"post-207091\" class=\"session even post-207091 wcb_session type-wcb_session status-publish hentry wcb_track-chillout-track\" >\n\t\t\t\t\t\t<h3 class=\"entry-title session-title\">\n\t\t\t\t\t\t\t<a href=\"https:\/\/wroclaw.wordcamp.org\/2013\/session\/wordpress-w-chmurze-microsoft-czyli-windows-azure-do-uslug\/\">\n\t\t\t\t\t\t\t\tWordPress w chmurze Microsoft \u2013 czyli Windows Azure do us\u0142ug\t\t\t\t\t\t\t<\/a>\n\t\t\t\t\t\t<\/h3>\n\n\t\t\t\t\t\t<div class=\"entry-meta session-speakers session-meta\">Prezentowane przez: Ryszard Da\u0142kowski <span class=\"meta-sep meta-sep-bull\">&bull;<\/span> <a href=\"https:\/\/wroclaw.wordcamp.org\/2013\/track\/chillout-track\/\">\u015acie\u017cka Chillout Track<\/a><\/div>\n\t\t\t\t\t\t<div class=\"entry-content session-description\">\n\t\t\t\t\t\t\t\t\t\t\t\t\t\t<p>Tw\u00f3j WordPress w chmurze czy u lokalnego hostera \u2013 korzy\u015bci i wady. Kr\u00f3tki przegl\u0105d mo\u017cliwo\u015bci uruchomienia WP w chmurze Microsoft. Czym dysponujemy, jakie narz\u0119dzia konfiguracji i programowania stron dost\u0119pne s\u0105 bezp\u0142atnie. Jakie us\u0142ugi s\u0105 dost\u0119pne, ile to kosztuje i dlaczego mo\u017ce by\u0107 nawet za darmo. Czy warto o tym pomy\u015ble\u0107 (czyli jak zrobi\u0107, \u017ceby Microsoft zap\u0142aci\u0142 za Twoj\u0105 reklam\u0119)?<\/p>\n<p><a href=\"http:\/\/sdrv.ms\/16DuHSd\">Link do prezentacji &raquo;<\/p>\n\t\t\t\t\t\t<\/div>\n\t\t\t\t\t<\/div>\n\n\t\t\t\t\n\t\t\t\t\t\n\t\t\t\t\t<div id=\"post-201099\" class=\"session odd post-201099 wcb_session type-wcb_session status-publish hentry wcb_track-code-track\" >\n\t\t\t\t\t\t<h3 class=\"entry-title session-title\">\n\t\t\t\t\t\t\t<a href=\"https:\/\/wroclaw.wordcamp.org\/2013\/session\/jesli-nie-wp-multisite-to-co\/\">\n\t\t\t\t\t\t\t\tJe\u015bli nie WP MultiSite to co?\t\t\t\t\t\t\t<\/a>\n\t\t\t\t\t\t<\/h3>\n\n\t\t\t\t\t\t<div class=\"entry-meta session-speakers session-meta\">Prezentowane przez: Jakub M. Milczarek <span class=\"meta-sep meta-sep-bull\">&bull;<\/span> <a href=\"https:\/\/wroclaw.wordcamp.org\/2013\/track\/code-track\/\">\u015acie\u017cka Code Track<\/a><\/div>\n\t\t\t\t\t\t<div class=\"entry-content session-description\">\n\t\t\t\t\t\t\t\t\t\t\t\t\t\t<p>Wi\u0119kszo\u015b\u0107 u\u017cytkownik\u00f3w WordPressa posiada zazwyczaj jedn\u0105 stron\u0119 internetow\u0105. Je\u015bli ju\u017c decydujemy si\u0119 na kolejne, to w najlepszym przypadku uruchamiamy sie\u0107, czyli opcj\u0119 MultiSite. Co jednak zrobi\u0107, je\u015bli postawili\u015bmy wiele oddzielnych instancji WordPressa i chcieliby\u015bmy zarz\u0105dza\u0107 nimi w prosty spos\u00f3b, jednak bez integrowania ca\u0142o\u015bci jako WordPress MultiSite?<\/p>\n<p><a href=\"http:\/\/milczarek.eu\/dydaktyka\/wordpress\/jesli-nie-wordpress-multisite-to-co\/\">Link do prezentacji &raquo;<\/a><\/p>\n\t\t\t\t\t\t<\/div>\n\t\t\t\t\t<\/div>\n\n\t\t\t\t\n\t\t\t\t\t\n\t\t\t\t\t<div id=\"post-197615\" class=\"session even post-197615 wcb_session type-wcb_session status-publish hentry wcb_track-chillout-track\" >\n\t\t\t\t\t\t<h3 class=\"entry-title session-title\">\n\t\t\t\t\t\t\t<a href=\"https:\/\/wroclaw.wordcamp.org\/2013\/session\/crowdsourcing-wlacz-sie-w-rozwoj\/\">\n\t\t\t\t\t\t\t\tCrowdsourcing \u2013 w\u0142\u0105cz si\u0119 w rozw\u00f3j!\t\t\t\t\t\t\t<\/a>\n\t\t\t\t\t\t<\/h3>\n\n\t\t\t\t\t\t<div class=\"entry-meta session-speakers session-meta\">Prezentowane przez: Marcin &quot;sirmacik&quot; Karpezo <span class=\"meta-sep meta-sep-bull\">&bull;<\/span> <a href=\"https:\/\/wroclaw.wordcamp.org\/2013\/track\/chillout-track\/\">\u015acie\u017cka Chillout Track<\/a><\/div>\n\t\t\t\t\t\t<div class=\"entry-content session-description\">\n\t\t\t\t\t\t\t\t\t\t\t\t\t\t<p>Dzi\u0119ki ci\u0105g\u0142emu rozwojowi technologii mo\u017cemy efektywnie wp\u0142ywa\u0107 na kszta\u0142t otaczaj\u0105cego nas \u015bwiata; bra\u0107 udzia\u0142 w dalszym rozwoju technologii i kultury. Dzia\u0142ania te skutecznie podnosz\u0105 nasze kompetencje i pomagaj\u0105 nam radzi\u0107 sobie w cyfrowym \u015bwiecie, zar\u00f3wno w sferze prywatnej jak i zawodowej.<\/p>\n<p><a href=\"http:\/\/dl.sirmacik.net\/wordcamp2013.pdf\">Link do prezentacji &raquo;<\/a><\/p>\n\t\t\t\t\t\t<\/div>\n\t\t\t\t\t<\/div>\n\n\t\t\t\t\n\t\t\t\t\t\n\t\t\t\t\t<div id=\"post-215690\" class=\"session odd post-215690 wcb_session type-wcb_session status-publish hentry wcb_track-chillout-track\" >\n\t\t\t\t\t\t<h3 class=\"entry-title session-title\">\n\t\t\t\t\t\t\t<a href=\"https:\/\/wroclaw.wordcamp.org\/2013\/session\/skuteczna-ochrona-przed-wykradaniem-hasel-uwierzytelnianie-dwuskladnikowe-rublon\/\">\n\t\t\t\t\t\t\t\tSkuteczna ochrona przed wykradaniem hase\u0142 &#8211; uwierzytelnianie dwusk\u0142adnikowe Rublon\t\t\t\t\t\t\t<\/a>\n\t\t\t\t\t\t<\/h3>\n\n\t\t\t\t\t\t<div class=\"entry-meta session-speakers session-meta\">Prezentowane przez: Micha\u0142 Wendrowski <span class=\"meta-sep meta-sep-bull\">&bull;<\/span> <a href=\"https:\/\/wroclaw.wordcamp.org\/2013\/track\/chillout-track\/\">\u015acie\u017cka Chillout Track<\/a><\/div>\n\t\t\t\t\t\t<div class=\"entry-content session-description\">\n\t\t\t\t\t\t\t\t\t\t\t\t\t\t<p>Same has\u0142a ju\u017c nie wystarczaj\u0105, by zagwarantowa\u0107 nam bezpiecze\u0144stwo. W ci\u0105gu ostatnich lat mocno nasili\u0142o si\u0119 zjawisko ich wykradania. Hakerzy zdobywaj\u0105 dane logowania bez wiedzy u\u017cytkownik\u00f3w w\u0142amuj\u0105c si\u0119 na serwery i wydobywaj\u0105c bazy danych, jak te\u017c bezpo\u015brednio od ofiary poprzez phishing, keyloggery b\u0105d\u017a odgadywanie. Nie do\u015b\u0107, \u017ce 60% internaut\u00f3w ma identyczne has\u0142o na wi\u0119kszo\u015bci portali, to na dodatek korzysta przy jego tworzeniu z prostych fraz, gdy\u017c nie mo\u017ce lub nie chce pami\u0119ta\u0107 trudniejszych kombinacji znak\u00f3w. Skutecznym rozwi\u0105zaniem tego problemu jest zabezpieczenie kont u\u017cytkownik\u00f3w poprzez uwierzytelnianie dwusk\u0142adnikowe.<\/p>\n<p><a href=\"https:\/\/2013.wroclaw.wordcamp.org\/files\/2013\/10\/WordCamp-WRO-2013-Presentation.pdf\">Link do prezentacji &raquo;<\/a><\/p>\n\t\t\t\t\t\t<\/div>\n\t\t\t\t\t<\/div>\n\n\t\t\t\t\n\t\t\t\t\t<\/div><div class=\"grid_6 omega\">\n\t\t\t\t\t<div id=\"post-193423\" class=\"session even post-193423 wcb_session type-wcb_session status-publish hentry wcb_track-code-track\" >\n\t\t\t\t\t\t<h3 class=\"entry-title session-title\">\n\t\t\t\t\t\t\t<a href=\"https:\/\/wroclaw.wordcamp.org\/2013\/session\/zrob-wszystko-nie-niszcz-niczego\/\">\n\t\t\t\t\t\t\t\tZr\u00f3b wszystko, nie niszcz niczego\t\t\t\t\t\t\t<\/a>\n\t\t\t\t\t\t<\/h3>\n\n\t\t\t\t\t\t<div class=\"entry-meta session-speakers session-meta\">Prezentowane przez: Marcin Pietrzak <span class=\"meta-sep meta-sep-bull\">&bull;<\/span> <a href=\"https:\/\/wroclaw.wordcamp.org\/2013\/track\/code-track\/\">\u015acie\u017cka Code Track<\/a><\/div>\n\t\t\t\t\t\t<div class=\"entry-content session-description\">\n\t\t\t\t\t\t\t\t\t\t\t\t\t\t<p>&#8222;Twoim celem musi by\u0107 zdobycie wszystkiego bez zniszczenia czegokolwiek.&#8221; Czyli Sztuka Wojny, kt\u00f3ra da nam wiedz\u0119 jak rozpozna\u0107 problem, jak znale\u017a\u0107 s\u0142abe i mocne strony oraz jak zwyci\u0119\u017cy\u0107 bez walki, korzystaj\u0105c z mechanizm\u00f3w filtr\u00f3w i akcji. Wyk\u0142ad przeznaczony dla \u015brednio-zaawansowanych programist\u00f3w WordPress.<\/p>\n<p><a href=\"http:\/\/iworks.pl\/2013\/09\/28\/wordcamp-wroclaw-2013-moja-prezentacja\/\">Link do prezentacji &raquo;<\/a><\/p>\n\t\t\t\t\t\t<\/div>\n\t\t\t\t\t<\/div>\n\n\t\t\t\t\n\t\t\t\t\t\n\t\t\t\t\t<div id=\"post-193421\" class=\"session odd post-193421 wcb_session type-wcb_session status-publish hentry wcb_track-code-track\" >\n\t\t\t\t\t\t<h3 class=\"entry-title session-title\">\n\t\t\t\t\t\t\t<a href=\"https:\/\/wroclaw.wordcamp.org\/2013\/session\/wordpress-in-da-cloud\/\">\n\t\t\t\t\t\t\t\tWordPress in da cloud\t\t\t\t\t\t\t<\/a>\n\t\t\t\t\t\t<\/h3>\n\n\t\t\t\t\t\t<div class=\"entry-meta session-speakers session-meta\">Prezentowane przez: Micha\u0142 Smereczy\u0144ski <span class=\"meta-sep meta-sep-bull\">&bull;<\/span> <a href=\"https:\/\/wroclaw.wordcamp.org\/2013\/track\/code-track\/\">\u015acie\u017cka Code Track<\/a><\/div>\n\t\t\t\t\t\t<div class=\"entry-content session-description\">\n\t\t\t\t\t\t\t\t\t\t\t\t\t\t<p>Uruchomienie WordPressa w chmurze niesie ze sob\u0105 wiele korzy\u015bci &#8211; od skalowania aplikacji i baz danych, przez storage, po wygodne sposoby rozliczania. Czas rzuci\u0107 nieco \u015bwiat\u0142a na ten temat i zamiast u\u017cywa\u0107 s\u0142owa &#8222;chmura&#8221; jako wytrychu, przej\u015b\u0107 do konkret\u00f3w.<\/p>\n<p><a href=\"http:\/\/brandoo.blob.core.windows.net\/wordcamp\/brandoo_wordpress_wordcamp.pdf\">Link do prezentacji &raquo;<\/a><\/p>\n\t\t\t\t\t\t<\/div>\n\t\t\t\t\t<\/div>\n\n\t\t\t\t\n\t\t\t\t\t\n\t\t\t\t\t<div id=\"post-190933\" class=\"session even post-190933 wcb_session type-wcb_session status-publish hentry wcb_track-code-track\" >\n\t\t\t\t\t\t<h3 class=\"entry-title session-title\">\n\t\t\t\t\t\t\t<a href=\"https:\/\/wroclaw.wordcamp.org\/2013\/session\/budujemy-fabryke-blogow-na-wp-multisite\/\">\n\t\t\t\t\t\t\t\tBudujemy fabryk\u0119 blog\u00f3w na WP Multisite\t\t\t\t\t\t\t<\/a>\n\t\t\t\t\t\t<\/h3>\n\n\t\t\t\t\t\t<div class=\"entry-meta session-speakers session-meta\">Prezentowane przez: Marcin Kosedowski <span class=\"meta-sep meta-sep-bull\">&bull;<\/span> <a href=\"https:\/\/wroclaw.wordcamp.org\/2013\/track\/code-track\/\">\u015acie\u017cka Code Track<\/a><\/div>\n\t\t\t\t\t\t<div class=\"entry-content session-description\">\n\t\t\t\t\t\t\t\t\t\t\t\t\t\t<p>Czy blogerzy naprawd\u0119 musz\u0105 zajmowa\u0107 si\u0119 domenami, bazami danych i reszt\u0105 nudnych rzeczy? Mo\u017ce pora utworzy\u0107 sie\u0107 blog\u00f3w dla leniwych bloger\u00f3w? Na przyk\u0142adzie realnego wdro\u017cenia Multisite&#8217;a zobaczysz jak obej\u015b\u0107 problemy z prac\u0105 na jednej domenie (za\u0142o\u017cy\u0107 wiele), jak filtrowa\u0107 spam, do kogo nale\u017c\u0105 tre\u015bci strony i jak unikn\u0105\u0107 strat w ludziach w trakcie poprawek (lub je ograniczy\u0107). Uwaga! Na prelekcji nie b\u0119dzie ani jednej linijki nudnego kodu!<\/p>\n<p><a href=\"http:\/\/like-a-geek.pl\/miniblog\/wordcamp-wroclaw-2013-prezentacja\/\">Link do prezentacji &raquo;<\/a><\/p>\n\t\t\t\t\t\t<\/div>\n\t\t\t\t\t<\/div>\n\n\t\t\t\t\n\t\t\t\t\t\n\t\t\t\t\t<div id=\"post-190308\" class=\"session odd post-190308 wcb_session type-wcb_session status-publish hentry wcb_track-chillout-track\" >\n\t\t\t\t\t\t<h3 class=\"entry-title session-title\">\n\t\t\t\t\t\t\t<a href=\"https:\/\/wroclaw.wordcamp.org\/2013\/session\/klient-tez-czlowiek-czyli-jak-przystepnie-rozbudowac-backend\/\">\n\t\t\t\t\t\t\t\tKlient te\u017c cz\u0142owiek, czyli jak przyst\u0119pnie rozbudowa\u0107 backend\t\t\t\t\t\t\t<\/a>\n\t\t\t\t\t\t<\/h3>\n\n\t\t\t\t\t\t<div class=\"entry-meta session-speakers session-meta\">Prezentowane przez: Katarzyna Karus <span class=\"meta-sep meta-sep-bull\">&bull;<\/span> <a href=\"https:\/\/wroclaw.wordcamp.org\/2013\/track\/chillout-track\/\">\u015acie\u017cka Chillout Track<\/a><\/div>\n\t\t\t\t\t\t<div class=\"entry-content session-description\">\n\t\t\t\t\t\t\t\t\t\t\t\t\t\t<p>Cz\u0119sto osoby\/firmy zajmuj\u0105ce si\u0119 wdra\u017caniem WordPressa zapominaj\u0105 o komforcie pracy administrator\u00f3w (czy edytor\u00f3w) dlatego opowiem o dobrych praktykach przy tworzeniu rozwi\u0105za\u0144 spersonalizowanych w WordPress. Spojrzenie UXa na przyk\u0142adach \u201ez \u017cycia\u201d.<\/p>\n<p><a href=\"http:\/\/www.slideshare.net\/katarzynakarus\/klient-tez-czlowiek\">Link do prezentacji &raquo;<\/a><\/p>\n\t\t\t\t\t\t<\/div>\n\t\t\t\t\t<\/div>\n\n\t\t\t\t\n\t\t\t\t\t\n\t\t\t\t\t<div id=\"post-190095\" class=\"session even post-190095 wcb_session type-wcb_session status-publish hentry wcb_track-chillout-track\" >\n\t\t\t\t\t\t<h3 class=\"entry-title session-title\">\n\t\t\t\t\t\t\t<a href=\"https:\/\/wroclaw.wordcamp.org\/2013\/session\/wielojezycznosc-w-wordpressie-porownanie-roznych-podejsc\/\">\n\t\t\t\t\t\t\t\tWieloj\u0119zyczno\u015b\u0107 w WordPressie &#8211; por\u00f3wnanie r\u00f3\u017cnych podej\u015b\u0107\t\t\t\t\t\t\t<\/a>\n\t\t\t\t\t\t<\/h3>\n\n\t\t\t\t\t\t<div class=\"entry-meta session-speakers session-meta\">Prezentowane przez: Agnieszka Bury <span class=\"meta-sep meta-sep-bull\">&bull;<\/span> <a href=\"https:\/\/wroclaw.wordcamp.org\/2013\/track\/chillout-track\/\">\u015acie\u017cka Chillout Track<\/a><\/div>\n\t\t\t\t\t\t<div class=\"entry-content session-description\">\n\t\t\t\t\t\t\t\t\t\t\t\t\t\t<p>Bez wtyczek? Z wtyczk\u0105? Kt\u00f3r\u0105 wybra\u0107? Wady i zalety r\u00f3\u017cnych metod. Na czym polega dostosowanie WP do wielu wersji j\u0119zykowych. Dlaczego warto mie\u0107 to w ofercie. Przyk\u0142ady z \u017cycia wzi\u0119te. <\/p>\n<p><a href=\"http:\/\/webfaces.pl\/blog\/downloads\/wcwro\/wp-wielojezycznosc.pdf\">Link do prezentacji &raquo;<\/a><\/p>\n\t\t\t\t\t\t<\/div>\n\t\t\t\t\t<\/div>\n\n\t\t\t\t\n\t\t\t\t\t\n\t\t\t\t\t<div id=\"post-189586\" class=\"session odd post-189586 wcb_session type-wcb_session status-publish hentry wcb_track-code-track\" >\n\t\t\t\t\t\t<h3 class=\"entry-title session-title\">\n\t\t\t\t\t\t\t<a href=\"https:\/\/wroclaw.wordcamp.org\/2013\/session\/wp-ajax-zrobmy-to-na-czysto\/\">\n\t\t\t\t\t\t\t\tWP &amp; AJAX &#8211; zr\u00f3bmy to na czysto!\t\t\t\t\t\t\t<\/a>\n\t\t\t\t\t\t<\/h3>\n\n\t\t\t\t\t\t<div class=\"entry-meta session-speakers session-meta\">Prezentowane przez: Marcin Wolak <span class=\"meta-sep meta-sep-bull\">&bull;<\/span> <a href=\"https:\/\/wroclaw.wordcamp.org\/2013\/track\/code-track\/\">\u015acie\u017cka Code Track<\/a><\/div>\n\t\t\t\t\t\t<div class=\"entry-content session-description\">\n\t\t\t\t\t\t\t\t\t\t\t\t\t\t<p>B\u0119dzie dynamicznie i asynchronicznie &#8211; bardziej programistycznie ni\u017c pluginowo, ale za to ze spokojn\u0105 g\u0142ow\u0105 przyjrzymy si\u0119 tematowi wolniej i szerzej ni\u017c na krakowskim WordUpie.  <\/p>\n<p><a href=\"http:\/\/marcinwolak.pl\/ajax\/\">Link do prezentacji &raquo;<\/a><\/p>\n\t\t\t\t\t\t<\/div>\n\t\t\t\t\t<\/div>\n\n\t\t\t\t\n\t\t\t\t\t\n\t\t\t\t\t<div id=\"post-189584\" class=\"session even post-189584 wcb_session type-wcb_session status-publish hentry wcb_track-chillout-track\" >\n\t\t\t\t\t\t<h3 class=\"entry-title session-title\">\n\t\t\t\t\t\t\t<a href=\"https:\/\/wroclaw.wordcamp.org\/2013\/session\/a-ty-ile-bierzesz-za-godzine\/\">\n\t\t\t\t\t\t\t\tA Ty ile bierzesz za godzin\u0119?\t\t\t\t\t\t\t<\/a>\n\t\t\t\t\t\t<\/h3>\n\n\t\t\t\t\t\t<div class=\"entry-meta session-speakers session-meta\">Prezentowane przez: Pawe\u0142 Wawrzyniak <span class=\"meta-sep meta-sep-bull\">&bull;<\/span> <a href=\"https:\/\/wroclaw.wordcamp.org\/2013\/track\/chillout-track\/\">\u015acie\u017cka Chillout Track<\/a><\/div>\n\t\t\t\t\t\t<div class=\"entry-content session-description\">\n\t\t\t\t\t\t\t\t\t\t\t\t\t\t<p>Kilka s\u0142\u00f3w o tym, dlaczego ka\u017cdy freelancer powinien zna\u0107 SWOJ\u0104 stawk\u0119 za godzin\u0119 i jak tak\u0105 stawk\u0119 mo\u017cna wyznaczy\u0107.<\/p>\n<p><a href=\"http:\/\/wpsamurai.pl\/moja-prezentacja-wordcamp-wroclaw-2013\/\">Link do prezentacji &raquo;<\/a><\/p>\n\t\t\t\t\t\t<\/div>\n\t\t\t\t\t<\/div>\n\n\t\t\t\t\n\t\t\t\t\t\n\t\t\t\t\t<div id=\"post-189582\" class=\"session odd post-189582 wcb_session type-wcb_session status-publish hentry wcb_track-chillout-track\" >\n\t\t\t\t\t\t<h3 class=\"entry-title session-title\">\n\t\t\t\t\t\t\t<a href=\"https:\/\/wroclaw.wordcamp.org\/2013\/session\/umowa-nie-dla-freelancera\/\">\n\t\t\t\t\t\t\t\tUmowa nie dla freelancera\t\t\t\t\t\t\t<\/a>\n\t\t\t\t\t\t<\/h3>\n\n\t\t\t\t\t\t<div class=\"entry-meta session-speakers session-meta\">Prezentowane przez: Mateusz Tu\u0144ski <span class=\"meta-sep meta-sep-bull\">&bull;<\/span> <a href=\"https:\/\/wroclaw.wordcamp.org\/2013\/track\/chillout-track\/\">\u015acie\u017cka Chillout Track<\/a><\/div>\n\t\t\t\t\t\t<div class=\"entry-content session-description\">\n\t\t\t\t\t\t\t\t\t\t\t\t\t\t<p>Dlaczego freelancerzy nie podpisuj\u0105 um\u00f3w + jakie umowy warto podpisywa\u0107 b\u0119d\u0105c wykonawc\u0105 stron internetowych &#8211; dla os\u00f3b kt\u00f3re tworz\u0105 strony internetowe.<\/p>\n<p><a href=\"https:\/\/2013.wroclaw.wordcamp.org\/files\/2013\/10\/umowa-nie-dla-freelancera.pdf\">Link do prezentacji &raquo;<\/a><\/p>\n\t\t\t\t\t\t<\/div>\n\t\t\t\t\t<\/div>\n\n\t\t\t\t\n\t\t\t\t\t\n\t\t\t\t\t<div id=\"post-189580\" class=\"session even post-189580 wcb_session type-wcb_session status-publish hentry wcb_track-code-track\" >\n\t\t\t\t\t\t<h3 class=\"entry-title session-title\">\n\t\t\t\t\t\t\t<a href=\"https:\/\/wroclaw.wordcamp.org\/2013\/session\/za-darmo-nie-umarlo\/\">\n\t\t\t\t\t\t\t\tZa darmo nie umar\u0142o\t\t\t\t\t\t\t<\/a>\n\t\t\t\t\t\t<\/h3>\n\n\t\t\t\t\t\t<div class=\"entry-meta session-speakers session-meta\">Prezentowane przez: Tomasz Dziuda <span class=\"meta-sep meta-sep-bull\">&bull;<\/span> <a href=\"https:\/\/wroclaw.wordcamp.org\/2013\/track\/code-track\/\">\u015acie\u017cka Code Track<\/a><\/div>\n\t\t\t\t\t\t<div class=\"entry-content session-description\">\n\t\t\t\t\t\t\t\t\t\t\t\t\t\t<p>W GavickPro zawsze po\u015bwi\u0119cali\u015bmy sporo czasu na rozwijanie darmowych produkt\u00f3w dost\u0119pnych dla szerokiego grona u\u017cytkownik\u00f3w. Ta prezentacja b\u0119dzie premier\u0105 oraz pokazem mo\u017cliwo\u015bci naszych nowych i ca\u0142kowicie darmowych plugin\u00f3w. Ujawni te\u017c czego mo\u017cna si\u0119 spodziewa\u0107 po nadchodz\u0105cej wersji 2.* naszego darmowego frameworka &#8211; GavernWP.<\/p>\n<p><a href=\"http:\/\/www.slideshare.net\/dziudek\/word-camp-wrocaw2013zadarmonieumarlo\">Link do prezentacji &raquo;<\/a><\/p>\n\t\t\t\t\t\t<\/div>\n\t\t\t\t\t<\/div>\n\n\t\t\t\t\t\t\t<\/div>\n\t\t<\/div>\n\n\t\t\n","protected":false},"excerpt":{"rendered":"","protected":false},"author":8679195,"featured_media":0,"parent":0,"menu_order":0,"comment_status":"open","ping_status":"open","template":"template-full-width.php","meta":{"_crdt_document":"","jetpack_post_was_ever_published":false,"footnotes":""},"class_list":["post-189589","page","type-page","status-publish","hentry"],"jetpack_sharing_enabled":true,"_links":{"self":[{"href":"https:\/\/wroclaw.wordcamp.org\/2013\/wp-json\/wp\/v2\/pages\/189589","targetHints":{"allow":["GET"]}}],"collection":[{"href":"https:\/\/wroclaw.wordcamp.org\/2013\/wp-json\/wp\/v2\/pages"}],"about":[{"href":"https:\/\/wroclaw.wordcamp.org\/2013\/wp-json\/wp\/v2\/types\/page"}],"author":[{"embeddable":true,"href":"https:\/\/wroclaw.wordcamp.org\/2013\/wp-json\/wp\/v2\/users\/8679195"}],"replies":[{"embeddable":true,"href":"https:\/\/wroclaw.wordcamp.org\/2013\/wp-json\/wp\/v2\/comments?post=189589"}],"version-history":[{"count":1,"href":"https:\/\/wroclaw.wordcamp.org\/2013\/wp-json\/wp\/v2\/pages\/189589\/revisions"}],"predecessor-version":[{"id":189590,"href":"https:\/\/wroclaw.wordcamp.org\/2013\/wp-json\/wp\/v2\/pages\/189589\/revisions\/189590"}],"wp:attachment":[{"href":"https:\/\/wroclaw.wordcamp.org\/2013\/wp-json\/wp\/v2\/media?parent=189589"}],"curies":[{"name":"wp","href":"https:\/\/api.w.org\/{rel}","templated":true}]}}