{"id":175139,"date":"2013-08-30T12:59:08","date_gmt":"2013-08-30T12:59:08","guid":{"rendered":"https:\/\/2013.wroclaw.wordcamp.org\/?page_id=175139"},"modified":"2013-08-30T12:59:47","modified_gmt":"2013-08-30T12:59:47","slug":"prelegenci","status":"publish","type":"page","link":"https:\/\/wroclaw.wordcamp.org\/2013\/prelegenci\/","title":{"rendered":"Prelegenci"},"content":{"rendered":"\n\t\t<div class=\"cpt-loop speaker-gravatar-list clearfix\">\n\t\t\t<p>\n\t\t\t\t\t\t\t<a href='#agnieszka-bury' title='Agnieszka Bury'><img alt='' src='https:\/\/secure.gravatar.com\/avatar\/21c9d30d20e2a1f500c0b0d249e5a363059b42af187af322b0194d343b24f9e3?s=48&#038;d=mm&#038;r=g' srcset='https:\/\/secure.gravatar.com\/avatar\/21c9d30d20e2a1f500c0b0d249e5a363059b42af187af322b0194d343b24f9e3?s=96&#038;d=mm&#038;r=g 2x' class='avatar avatar-48 photo' height='48' width='48' \/><\/a>\t\t\t\t\t\t\t<a href='#bartosz-romanowski' title='Bartosz Romanowski'><img alt='' src='https:\/\/secure.gravatar.com\/avatar\/cc18707e559f00a3f3d21f8770b8423714f264a42b9137636bd8dbdc38586591?s=48&#038;d=mm&#038;r=g' srcset='https:\/\/secure.gravatar.com\/avatar\/cc18707e559f00a3f3d21f8770b8423714f264a42b9137636bd8dbdc38586591?s=96&#038;d=mm&#038;r=g 2x' class='avatar avatar-48 photo' height='48' width='48' \/><\/a>\t\t\t\t\t\t\t<a href='#cezary-buliszak' title='Cezary Buliszak'><img alt='' src='https:\/\/secure.gravatar.com\/avatar\/16f0d8afbb114ea597e64c8cee589f4f7762f4b779d4f4ca22ccd17c0c270dd5?s=48&#038;d=mm&#038;r=g' srcset='https:\/\/secure.gravatar.com\/avatar\/16f0d8afbb114ea597e64c8cee589f4f7762f4b779d4f4ca22ccd17c0c270dd5?s=96&#038;d=mm&#038;r=g 2x' class='avatar avatar-48 photo' height='48' width='48' \/><\/a>\t\t\t\t\t\t\t<a href='#jakub-m-milczarek' title='Jakub M. Milczarek'><img alt='' src='https:\/\/secure.gravatar.com\/avatar\/5f6360deff9fb76c1f1ac0c6c37cdf7ccd1ed783e3e4de50ebab7dd7c0ee3c2d?s=48&#038;d=mm&#038;r=g' srcset='https:\/\/secure.gravatar.com\/avatar\/5f6360deff9fb76c1f1ac0c6c37cdf7ccd1ed783e3e4de50ebab7dd7c0ee3c2d?s=96&#038;d=mm&#038;r=g 2x' class='avatar avatar-48 photo' height='48' width='48' \/><\/a>\t\t\t\t\t\t\t<a href='#katarzyna-karus' title='Katarzyna Karus'><img alt='' src='https:\/\/secure.gravatar.com\/avatar\/3ec68ee6b77aeb9b472ef80ef660721b322efa6849127f2824a04a14e937bfcf?s=48&#038;d=mm&#038;r=g' srcset='https:\/\/secure.gravatar.com\/avatar\/3ec68ee6b77aeb9b472ef80ef660721b322efa6849127f2824a04a14e937bfcf?s=96&#038;d=mm&#038;r=g 2x' class='avatar avatar-48 photo' height='48' width='48' \/><\/a>\t\t\t\t\t\t\t<a href='#magdalena-brod' title='Magdalena Brod'><img alt='' src='https:\/\/secure.gravatar.com\/avatar\/6f49d33c62f4d8344e09fc12b5d7d2327d92980b11865bc0a8d4ab4e308bd197?s=48&#038;d=mm&#038;r=g' srcset='https:\/\/secure.gravatar.com\/avatar\/6f49d33c62f4d8344e09fc12b5d7d2327d92980b11865bc0a8d4ab4e308bd197?s=96&#038;d=mm&#038;r=g 2x' class='avatar avatar-48 photo' height='48' width='48' \/><\/a>\t\t\t\t\t\t\t<a href='#marcin-sirmacik-karpezo' title='Marcin &#8222;sirmacik&#8221; Karpezo'><img alt='' src='https:\/\/secure.gravatar.com\/avatar\/1da9c3d26f3f50539b92754f07fe3bd74fb71cd440967ce8ddaee5da17f07972?s=48&#038;d=mm&#038;r=g' srcset='https:\/\/secure.gravatar.com\/avatar\/1da9c3d26f3f50539b92754f07fe3bd74fb71cd440967ce8ddaee5da17f07972?s=96&#038;d=mm&#038;r=g 2x' class='avatar avatar-48 photo' height='48' width='48' \/><\/a>\t\t\t\t\t\t\t<a href='#marcin-kosedowski' title='Marcin Kosedowski'><img alt='' src='https:\/\/secure.gravatar.com\/avatar\/fe2819d9c553f3c83a8977d84b57598a7fb02f36211a04ce15ad88f83615f834?s=48&#038;d=mm&#038;r=g' srcset='https:\/\/secure.gravatar.com\/avatar\/fe2819d9c553f3c83a8977d84b57598a7fb02f36211a04ce15ad88f83615f834?s=96&#038;d=mm&#038;r=g 2x' class='avatar avatar-48 photo' height='48' width='48' \/><\/a>\t\t\t\t\t\t\t<a href='#marcin-pietrzak' title='Marcin Pietrzak'><img alt='' src='https:\/\/secure.gravatar.com\/avatar\/d94ad63008d2a5a648895ac9e46fbae10802bf428cf0c49e2eb560280d6b310b?s=48&#038;d=mm&#038;r=g' srcset='https:\/\/secure.gravatar.com\/avatar\/d94ad63008d2a5a648895ac9e46fbae10802bf428cf0c49e2eb560280d6b310b?s=96&#038;d=mm&#038;r=g 2x' class='avatar avatar-48 photo' height='48' width='48' \/><\/a>\t\t\t\t\t\t\t<a href='#marcin-wolak' title='Marcin Wolak'><img alt='' src='https:\/\/secure.gravatar.com\/avatar\/c988256517f676ccc916d59041faef5d47c51b3a1fc71f20f3326e2aa301d771?s=48&#038;d=mm&#038;r=g' srcset='https:\/\/secure.gravatar.com\/avatar\/c988256517f676ccc916d59041faef5d47c51b3a1fc71f20f3326e2aa301d771?s=96&#038;d=mm&#038;r=g 2x' class='avatar avatar-48 photo' height='48' width='48' \/><\/a>\t\t\t\t\t\t\t<a href='#zuzanna-dolinska' title='Mateusz Tu\u0144ski'><img alt='' src='https:\/\/secure.gravatar.com\/avatar\/ff3ba695371c4994dfb54ef7dd5c09416344629ad1794e7dee13a524283b0ac9?s=48&#038;d=mm&#038;r=g' srcset='https:\/\/secure.gravatar.com\/avatar\/ff3ba695371c4994dfb54ef7dd5c09416344629ad1794e7dee13a524283b0ac9?s=96&#038;d=mm&#038;r=g 2x' class='avatar avatar-48 photo' height='48' width='48' \/><\/a>\t\t\t\t\t\t\t<a href='#michal-smereczynski' title='Micha\u0142 Smereczy\u0144ski'><img alt='' src='https:\/\/secure.gravatar.com\/avatar\/dc105974f515f7c80c76a78c5bd226142900b3e846f785a0f03db78b2abd8546?s=48&#038;d=mm&#038;r=g' srcset='https:\/\/secure.gravatar.com\/avatar\/dc105974f515f7c80c76a78c5bd226142900b3e846f785a0f03db78b2abd8546?s=96&#038;d=mm&#038;r=g 2x' class='avatar avatar-48 photo' height='48' width='48' \/><\/a>\t\t\t\t\t\t\t<a href='#michal-wendrowski' title='Micha\u0142 Wendrowski'><img alt='' src='https:\/\/secure.gravatar.com\/avatar\/d7c33f27061208d9786eaacd324ff2ad3a0e8e8fb52f5b5821e4fbabb2ef4493?s=48&#038;d=mm&#038;r=g' srcset='https:\/\/secure.gravatar.com\/avatar\/d7c33f27061208d9786eaacd324ff2ad3a0e8e8fb52f5b5821e4fbabb2ef4493?s=96&#038;d=mm&#038;r=g 2x' class='avatar avatar-48 photo' height='48' width='48' \/><\/a>\t\t\t\t\t\t\t<a href='#pawel-warzyniak' title='Pawe\u0142 Wawrzyniak'><img alt='' src='https:\/\/secure.gravatar.com\/avatar\/8531d46345cf2ba9367609cbafb0f273c73e147137728d94fc1c4e77250c4614?s=48&#038;d=mm&#038;r=g' srcset='https:\/\/secure.gravatar.com\/avatar\/8531d46345cf2ba9367609cbafb0f273c73e147137728d94fc1c4e77250c4614?s=96&#038;d=mm&#038;r=g 2x' class='avatar avatar-48 photo' height='48' width='48' \/><\/a>\t\t\t\t\t\t\t<a href='#ryszard-dalkowski' title='Ryszard Da\u0142kowski'><img alt='' src='https:\/\/secure.gravatar.com\/avatar\/209e1fcc41b138f2ba90885ad5d812eb58d6daee4c9cf838c2639aebd4950e3b?s=48&#038;d=mm&#038;r=g' srcset='https:\/\/secure.gravatar.com\/avatar\/209e1fcc41b138f2ba90885ad5d812eb58d6daee4c9cf838c2639aebd4950e3b?s=96&#038;d=mm&#038;r=g 2x' class='avatar avatar-48 photo' height='48' width='48' \/><\/a>\t\t\t\t\t\t\t<a href='#tomasz-dziuda' title='Tomasz Dziuda'><img alt='' src='https:\/\/secure.gravatar.com\/avatar\/39374f1d08aebb652e589ea0237237b0c9389c615056e4988801db209c7b8502?s=48&#038;d=mm&#038;r=g' srcset='https:\/\/secure.gravatar.com\/avatar\/39374f1d08aebb652e589ea0237237b0c9389c615056e4988801db209c7b8502?s=96&#038;d=mm&#038;r=g 2x' class='avatar avatar-48 photo' height='48' width='48' \/><\/a>\t\t\t\t\t\t<\/p>\n\t\t<\/div>\n\n\t\t\t\t\n\t\t<div class=\"cpt-loop speakers\">\n\t\t\t<div class=\"grid_6 alpha\">\n\n\t\t\t\t\n\t\t\t\t\t\n\t\t\t\t\t<div id=\"agnieszka-bury\" class=\"speaker clearfix odd post-190090 wcb_speaker type-wcb_speaker status-publish hentry\" >\n\t\t\t\t\t\t<h3 class=\"entry-title speaker-name\">Agnieszka Bury<\/h3>\n\t\t\t\t\t\t<div class=\"entry-content speaker-bio\">\n\t\t\t\t\t\t<img alt='' src='https:\/\/secure.gravatar.com\/avatar\/21c9d30d20e2a1f500c0b0d249e5a363059b42af187af322b0194d343b24f9e3?s=102&#038;d=mm&#038;r=g' srcset='https:\/\/secure.gravatar.com\/avatar\/21c9d30d20e2a1f500c0b0d249e5a363059b42af187af322b0194d343b24f9e3?s=204&#038;d=mm&#038;r=g 2x' class='avatar avatar-102 photo' height='102' width='102' \/><p>WP-pasjonatka, po uszy zakochana w WordPressie. Dla niego rzuci\u0142a prac\u0119 w korporacji. W oparciu o WordPress tworzy strony dla klient\u00f3w, a zdobytymi w ten spos\u00f3b do\u015bwiadczeniami i wiedz\u0105 dzieli si\u0119 na prowadzonym z ogromn\u0105 pasj\u0105 <a target=\"_blank\" href=\"http:\/\/webfaces.pl\/blog\">blogu<\/a>.<\/p>\n\t\t\t\t\t\t<\/div>\n\t\t\t\t\t<\/div>\n\t\t\t\t\n\t\t\t\t\t\n\t\t\t\t\t<div id=\"bartosz-romanowski\" class=\"speaker clearfix even post-217966 wcb_speaker type-wcb_speaker status-publish hentry\" >\n\t\t\t\t\t\t<h3 class=\"entry-title speaker-name\">Bartosz Romanowski<\/h3>\n\t\t\t\t\t\t<div class=\"entry-content speaker-bio\">\n\t\t\t\t\t\t<img alt='' src='https:\/\/secure.gravatar.com\/avatar\/cc18707e559f00a3f3d21f8770b8423714f264a42b9137636bd8dbdc38586591?s=102&#038;d=mm&#038;r=g' srcset='https:\/\/secure.gravatar.com\/avatar\/cc18707e559f00a3f3d21f8770b8423714f264a42b9137636bd8dbdc38586591?s=204&#038;d=mm&#038;r=g 2x' class='avatar avatar-102 photo' height='102' width='102' \/><p>Programowaniem zajmuje si\u0119 od 15 lat, a 4 lata temu zaj\u0105\u0142 si\u0119 na powa\u017cnie grzebaniem przy WordPressie. &#8222;Po godzinach&#8221; wsp\u00f3\u0142tworzy serwis <a href=\"http:\/\/webhelp.pl\/\">WebHelp<\/a>, a od kilku miesi\u0119cy prowadzi bloga <a href=\"http:\/\/wpzen.pl\/\">WPzen<\/a>.<\/p>\n\t\t\t\t\t\t<\/div>\n\t\t\t\t\t<\/div>\n\t\t\t\t\n\t\t\t\t\t\n\t\t\t\t\t<div id=\"cezary-buliszak\" class=\"speaker clearfix odd post-217325 wcb_speaker type-wcb_speaker status-publish hentry\" >\n\t\t\t\t\t\t<h3 class=\"entry-title speaker-name\">Cezary Buliszak<\/h3>\n\t\t\t\t\t\t<div class=\"entry-content speaker-bio\">\n\t\t\t\t\t\t<img alt='' src='https:\/\/secure.gravatar.com\/avatar\/16f0d8afbb114ea597e64c8cee589f4f7762f4b779d4f4ca22ccd17c0c270dd5?s=102&#038;d=mm&#038;r=g' srcset='https:\/\/secure.gravatar.com\/avatar\/16f0d8afbb114ea597e64c8cee589f4f7762f4b779d4f4ca22ccd17c0c270dd5?s=204&#038;d=mm&#038;r=g 2x' class='avatar avatar-102 photo' height='102' width='102' \/><p>Freelancer, prowadzi jednoosobow\u0105 dzia\u0142alno\u015b\u0107 <a href=\"http:\/\/pixperfect.pl\">pixperfect.pl<\/a>. Zajmuje si\u0119 g\u0142\u00f3wnie wdro\u017ceniami stron opartych na WordPress (chocia\u017c miewa\u0142 te\u017c przygody z PrestaShop). Przywi\u0105zuje du\u017c\u0105 wag\u0119 do usability oraz accessibility. Uczestnik WordCamp\u00f3w od 3 lat, drugi raz jako prelegent. Od niedawna Senior Front-end Developer w <a href=\"http:\/\/www.onthegosystems.com\/\">OnTheGoSystems<\/a>.<\/p>\n\t\t\t\t\t\t<\/div>\n\t\t\t\t\t<\/div>\n\t\t\t\t\n\t\t\t\t\t\n\t\t\t\t\t<div id=\"jakub-m-milczarek\" class=\"speaker clearfix even post-201097 wcb_speaker type-wcb_speaker status-publish hentry\" >\n\t\t\t\t\t\t<h3 class=\"entry-title speaker-name\">Jakub M. Milczarek<\/h3>\n\t\t\t\t\t\t<div class=\"entry-content speaker-bio\">\n\t\t\t\t\t\t<img alt='' src='https:\/\/secure.gravatar.com\/avatar\/5f6360deff9fb76c1f1ac0c6c37cdf7ccd1ed783e3e4de50ebab7dd7c0ee3c2d?s=102&#038;d=mm&#038;r=g' srcset='https:\/\/secure.gravatar.com\/avatar\/5f6360deff9fb76c1f1ac0c6c37cdf7ccd1ed783e3e4de50ebab7dd7c0ee3c2d?s=204&#038;d=mm&#038;r=g 2x' class='avatar avatar-102 photo' height='102' width='102' \/><p>Z wykszta\u0142cenia fizykochemik, a z zami\u0142owania WordPressowiec, UXowiec i projektant interfejs\u00f3w do aplikacji sieciowych. Z WordPressem pracuje od 2007 roku. By\u0142 szefem organizacji pierwszego polskiego WordCampu w 2010 roku. W tym samym roku za\u0142o\u017cy\u0142 WP-Expert, z kt\u00f3rym nadal okazjonalnie wsp\u00f3\u0142pracuje. W wolnych chwilach <a href=\"http:\/\/blog.milczarek.eu\">bloguje na Lodzermensch<\/a> w wielkim \u015bwiecie. <\/p>\n\t\t\t\t\t\t<\/div>\n\t\t\t\t\t<\/div>\n\t\t\t\t\n\t\t\t\t\t\n\t\t\t\t\t<div id=\"katarzyna-karus\" class=\"speaker clearfix odd post-175300 wcb_speaker type-wcb_speaker status-publish hentry\" >\n\t\t\t\t\t\t<h3 class=\"entry-title speaker-name\">Katarzyna Karus<\/h3>\n\t\t\t\t\t\t<div class=\"entry-content speaker-bio\">\n\t\t\t\t\t\t<img alt='' src='https:\/\/secure.gravatar.com\/avatar\/3ec68ee6b77aeb9b472ef80ef660721b322efa6849127f2824a04a14e937bfcf?s=102&#038;d=mm&#038;r=g' srcset='https:\/\/secure.gravatar.com\/avatar\/3ec68ee6b77aeb9b472ef80ef660721b322efa6849127f2824a04a14e937bfcf?s=204&#038;d=mm&#038;r=g 2x' class='avatar avatar-102 photo' height='102' width='102' \/><p>Organizatorka WordUp Krak\u00f3w. W\u0142a\u015bcicielka studia interaktywnego <a href=\"http:\/\/hellostudio.eu\/\">Hello! Studio<\/a>, gdzie zajmuje si\u0119 g\u0142\u00f3wnie projektowaniem UX. Dziwn\u0105 przyjemno\u015b\u0107 czerpie z testowania interfejs\u00f3w i obserwowania reakcji klient\u00f3w na przedstawiane wyniki. Twierdzi, \u017ce nic nie jest niemo\u017cliwe i t\u0105 zasad\u0105 kieruje si\u0119 w codziennej pracy, najcz\u0119\u015bciej z wykorzystaniem WordPress. Wolne chwile sp\u0119dza eksperymentuj\u0105c w kuchni i na si\u0142owni, bij\u0105c w\u0142asne rekordy w tr\u00f3jboju si\u0142owym.<\/p>\n\t\t\t\t\t\t<\/div>\n\t\t\t\t\t<\/div>\n\t\t\t\t\n\t\t\t\t\t\n\t\t\t\t\t<div id=\"magdalena-brod\" class=\"speaker clearfix even post-217971 wcb_speaker type-wcb_speaker status-publish hentry\" >\n\t\t\t\t\t\t<h3 class=\"entry-title speaker-name\">Magdalena Brod<\/h3>\n\t\t\t\t\t\t<div class=\"entry-content speaker-bio\">\n\t\t\t\t\t\t<img alt='' src='https:\/\/secure.gravatar.com\/avatar\/6f49d33c62f4d8344e09fc12b5d7d2327d92980b11865bc0a8d4ab4e308bd197?s=102&#038;d=mm&#038;r=g' srcset='https:\/\/secure.gravatar.com\/avatar\/6f49d33c62f4d8344e09fc12b5d7d2327d92980b11865bc0a8d4ab4e308bd197?s=204&#038;d=mm&#038;r=g 2x' class='avatar avatar-102 photo' height='102' width='102' \/><p>Worek wiedzy o WordPressie, p\u00f3\u0142 kilograma do\u015bwiadczenia w optymalizacji pod k\u0105tem SEO, kilka blog\u00f3w, tysi\u0105ce zapisanych znak\u00f3w, a wszystko to okraszone umiarkowanym puryzmem j\u0119zykowym \u2013 tak mo\u017cna by j\u0105 w skr\u00f3cie opisa\u0107. Na co dzie\u0144 SEO-wiec na etacie, popo\u0142udniami tworzy w\u0142asne projekty, po nocach \u015bni jej si\u0119 skrypt, kt\u00f3ry dobrze znacie. Prowadzi <a href=\"http:\/\/seonaobcasach.pl\/\">bloga o pozycjonowaniu<\/a>.<\/p>\n\t\t\t\t\t\t<\/div>\n\t\t\t\t\t<\/div>\n\t\t\t\t\n\t\t\t\t\t\n\t\t\t\t\t<div id=\"marcin-sirmacik-karpezo\" class=\"speaker clearfix odd post-197610 wcb_speaker type-wcb_speaker status-publish hentry\" >\n\t\t\t\t\t\t<h3 class=\"entry-title speaker-name\">Marcin &#8222;sirmacik&#8221; Karpezo<\/h3>\n\t\t\t\t\t\t<div class=\"entry-content speaker-bio\">\n\t\t\t\t\t\t<img alt='' src='https:\/\/secure.gravatar.com\/avatar\/1da9c3d26f3f50539b92754f07fe3bd74fb71cd440967ce8ddaee5da17f07972?s=102&#038;d=mm&#038;r=g' srcset='https:\/\/secure.gravatar.com\/avatar\/1da9c3d26f3f50539b92754f07fe3bd74fb71cd440967ce8ddaee5da17f07972?s=204&#038;d=mm&#038;r=g 2x' class='avatar avatar-102 photo' height='102' width='102' \/><p>Etatowy rozwi\u0105zywacz problem\u00f3w, podcaster, za\u0142o\u017cyciel <a href=\"http:\/\/wolnakultura.pl\/\">Wolnej Kultury<\/a>.<\/p>\n\t\t\t\t\t\t<\/div>\n\t\t\t\t\t<\/div>\n\t\t\t\t\n\t\t\t\t\t\n\t\t\t\t\t<div id=\"marcin-kosedowski\" class=\"speaker clearfix even post-190931 wcb_speaker type-wcb_speaker status-publish hentry\" >\n\t\t\t\t\t\t<h3 class=\"entry-title speaker-name\">Marcin Kosedowski<\/h3>\n\t\t\t\t\t\t<div class=\"entry-content speaker-bio\">\n\t\t\t\t\t\t<img alt='' src='https:\/\/secure.gravatar.com\/avatar\/fe2819d9c553f3c83a8977d84b57598a7fb02f36211a04ce15ad88f83615f834?s=102&#038;d=mm&#038;r=g' srcset='https:\/\/secure.gravatar.com\/avatar\/fe2819d9c553f3c83a8977d84b57598a7fb02f36211a04ce15ad88f83615f834?s=204&#038;d=mm&#038;r=g 2x' class='avatar avatar-102 photo' height='102' width='102' \/><p>Marcin Kosedowski z <a href=\"http:\/\/like-a-geek.pl\">like-a-geek.pl<\/a> \u2013 freelancer zwi\u0105zany z mediami od 2007 roku, blogger, w\u0142a\u015bciciel kilkuset stron dzia\u0142aj\u0105cych na WordPressach. Szczytem jego osi\u0105gni\u0119\u0107 programistycznych jest zrobienie czytnika RSS, wi\u0119c doskonale rozumie, \u017ce kodowanie nie ka\u017cdego kr\u0119ci (a jeszcze lepiej rozumie tych, kt\u00f3rych kodowanie kr\u0119ci). Prelekcje prowadzi tak, \u017ceby sala rozumia\u0142a o co chodzi, a jednocze\u015bnie programi\u015bci nie zasn\u0119li z nud\u00f3w. Albo na odwr\u00f3t.<\/p>\n\t\t\t\t\t\t<\/div>\n\t\t\t\t\t<\/div>\n\t\t\t\t\n\t\t\t\t\t<\/div><div class=\"grid_6 omega\">\n\t\t\t\t\t<div id=\"marcin-pietrzak\" class=\"speaker clearfix odd post-175298 wcb_speaker type-wcb_speaker status-publish hentry\" >\n\t\t\t\t\t\t<h3 class=\"entry-title speaker-name\">Marcin Pietrzak<\/h3>\n\t\t\t\t\t\t<div class=\"entry-content speaker-bio\">\n\t\t\t\t\t\t<img alt='' src='https:\/\/secure.gravatar.com\/avatar\/d94ad63008d2a5a648895ac9e46fbae10802bf428cf0c49e2eb560280d6b310b?s=102&#038;d=mm&#038;r=g' srcset='https:\/\/secure.gravatar.com\/avatar\/d94ad63008d2a5a648895ac9e46fbae10802bf428cf0c49e2eb560280d6b310b?s=204&#038;d=mm&#038;r=g 2x' class='avatar avatar-102 photo' height='102' width='102' \/><p>Entuzjasta i ewangelista WordPressa z kt\u00f3rym jest mocno zwi\u0105zany zawodowo i hobbystycznie, dzi\u0119ki czemu robi to co uwielbia. Na codzie\u0144 opiekuje si\u0119 najwi\u0119ksz\u0105 w Polsce, pod wzgl\u0119dem ruchu, sieci\u0105 serwis\u00f3w opartych w\u0142a\u015bnie na WP. Sta\u0142y uczestnik WordCamp\u00f3w, w \u0141odzi jako s\u0142uchacz, w Poznaniu i Gda\u0144sku jako prowadz\u0105cy. Od 13 lat prowadzi w\u0142asn\u0105, jednoosobow\u0105 firm\u0119: <a href=\"http:\/\/iworks.pl\">iWorks<\/a>, skupiaj\u0105c si\u0119 przez ostatnie kilka lat na wdro\u017ceniach WordPressa, u\u017cywaj\u0105c go tak, jak nigdy nie przypuszcza\u0142, \u017ce mo\u017cna go u\u017cy\u0107.<\/p>\n\t\t\t\t\t\t<\/div>\n\t\t\t\t\t<\/div>\n\t\t\t\t\n\t\t\t\t\t\n\t\t\t\t\t<div id=\"marcin-wolak\" class=\"speaker clearfix even post-175137 wcb_speaker type-wcb_speaker status-publish hentry\" >\n\t\t\t\t\t\t<h3 class=\"entry-title speaker-name\">Marcin Wolak<\/h3>\n\t\t\t\t\t\t<div class=\"entry-content speaker-bio\">\n\t\t\t\t\t\t<img alt='' src='https:\/\/secure.gravatar.com\/avatar\/c988256517f676ccc916d59041faef5d47c51b3a1fc71f20f3326e2aa301d771?s=102&#038;d=mm&#038;r=g' srcset='https:\/\/secure.gravatar.com\/avatar\/c988256517f676ccc916d59041faef5d47c51b3a1fc71f20f3326e2aa301d771?s=204&#038;d=mm&#038;r=g 2x' class='avatar avatar-102 photo' height='102' width='102' \/><p>Marcin &#8211; pozytywnie zakr\u0119cony programista WordPress&#8217;a z Krakowa, t\u0119pi\u0105cy narzekactwo we wszelkiej postaci, postara si\u0119 przybli\u017cy\u0107 zagadnienie zapyta\u0144 AJAXowych w WordPressie. B\u0119dzie dynamicznie i asynchronicznie &#8211; bardziej programistycznie ni\u017c pluginowo, ale za to ze spokojn\u0105 g\u0142ow\u0105 przyjrzymy si\u0119 tematowi wolniej i szerzej ni\u017c na krakowskim WordUpie.  <\/p>\n\t\t\t\t\t\t<\/div>\n\t\t\t\t\t<\/div>\n\t\t\t\t\n\t\t\t\t\t\n\t\t\t\t\t<div id=\"zuzanna-dolinska\" class=\"speaker clearfix odd post-185536 wcb_speaker type-wcb_speaker status-publish hentry\" >\n\t\t\t\t\t\t<h3 class=\"entry-title speaker-name\">Mateusz Tu\u0144ski<\/h3>\n\t\t\t\t\t\t<div class=\"entry-content speaker-bio\">\n\t\t\t\t\t\t<img alt='' src='https:\/\/secure.gravatar.com\/avatar\/ff3ba695371c4994dfb54ef7dd5c09416344629ad1794e7dee13a524283b0ac9?s=102&#038;d=mm&#038;r=g' srcset='https:\/\/secure.gravatar.com\/avatar\/ff3ba695371c4994dfb54ef7dd5c09416344629ad1794e7dee13a524283b0ac9?s=204&#038;d=mm&#038;r=g 2x' class='avatar avatar-102 photo' height='102' width='102' \/><p>Jest ta\u0144cz\u0105cym, przemawiaj\u0105cym publicznie aplikantem adwokackim. To do\u015b\u0107 nietypowe po\u0142\u0105czenie, ale z uwagi na to, \u017ce wszyscy by\u015bmy si\u0119 nie zmie\u015bcili na scenie, umiej\u0119tno\u015bci taneczne zostan\u0105 odstawione na bok i opowie nam troch\u0119 o prawie. <\/p>\n\t\t\t\t\t\t<\/div>\n\t\t\t\t\t<\/div>\n\t\t\t\t\n\t\t\t\t\t\n\t\t\t\t\t<div id=\"michal-smereczynski\" class=\"speaker clearfix even post-186164 wcb_speaker type-wcb_speaker status-publish hentry\" >\n\t\t\t\t\t\t<h3 class=\"entry-title speaker-name\">Micha\u0142 Smereczy\u0144ski<\/h3>\n\t\t\t\t\t\t<div class=\"entry-content speaker-bio\">\n\t\t\t\t\t\t<img alt='' src='https:\/\/secure.gravatar.com\/avatar\/dc105974f515f7c80c76a78c5bd226142900b3e846f785a0f03db78b2abd8546?s=102&#038;d=mm&#038;r=g' srcset='https:\/\/secure.gravatar.com\/avatar\/dc105974f515f7c80c76a78c5bd226142900b3e846f785a0f03db78b2abd8546?s=204&#038;d=mm&#038;r=g 2x' class='avatar avatar-102 photo' height='102' width='102' \/><p>Technology Evangelist w agencji <a href=\"http:\/\/brandoo.pl\">Grupa Brandoo<\/a> &#8211; odpowiedzialny za przekuwanie wiedzy, pomys\u0142\u00f3w i koncepcji w \u017cywe projekty. Ewangelista Wolnego i Otwartego Oprogramowania, propagator interoperacyjno\u015bci w IT, wsp\u00f3\u0142za\u0142o\u017cyciel Fundacji Aegis.<\/p>\n\t\t\t\t\t\t<\/div>\n\t\t\t\t\t<\/div>\n\t\t\t\t\n\t\t\t\t\t\n\t\t\t\t\t<div id=\"michal-wendrowski\" class=\"speaker clearfix odd post-215688 wcb_speaker type-wcb_speaker status-publish hentry\" >\n\t\t\t\t\t\t<h3 class=\"entry-title speaker-name\">Micha\u0142 Wendrowski<\/h3>\n\t\t\t\t\t\t<div class=\"entry-content speaker-bio\">\n\t\t\t\t\t\t<img alt='' src='https:\/\/secure.gravatar.com\/avatar\/d7c33f27061208d9786eaacd324ff2ad3a0e8e8fb52f5b5821e4fbabb2ef4493?s=102&#038;d=mm&#038;r=g' srcset='https:\/\/secure.gravatar.com\/avatar\/d7c33f27061208d9786eaacd324ff2ad3a0e8e8fb52f5b5821e4fbabb2ef4493?s=204&#038;d=mm&#038;r=g 2x' class='avatar avatar-102 photo' height='102' width='102' \/><p>Wynalazca technologii <a target=\"_blank\" href=\"http:\/\/rublon.com\/pl\/\">Rublon<\/a>; specjalista w dziedzinie marketingu internetowego. Pierwsze dochodowe przedsi\u0119wzi\u0119cie w Internecie prowadzi\u0142 ju\u017c w 1999 roku, w wieku 11 lat. Tworzy\u0142 portale internetowe w j\u0119zyku niemieckim, angielskim oraz polskim, generuj\u0105ce kilkana\u015bcie milion\u00f3w ods\u0142on miesi\u0119cznie. W czasie kilkuletniego epizodu w bran\u017cy domenowej, w trakcie kt\u00f3rego przej\u0105\u0142 ponad 1000 domen (m.in.: kom\u00f3rki.pl, samoch\u00f3d.pl, telewizja.pl, wizyt\u00f3wki.pl), stworzy\u0142 portal CenyDomen.pl agreguj\u0105cy sprzeda\u017ce polskich domen. Po wieloletnim pobycie w Niemczech i Stanach Zjednoczonych powr\u00f3ci\u0142 do Polski, gdzie koncentruje si\u0119 na tworzeniu innowacji w Internecie.<\/p>\n\t\t\t\t\t\t<\/div>\n\t\t\t\t\t<\/div>\n\t\t\t\t\n\t\t\t\t\t\n\t\t\t\t\t<div id=\"pawel-warzyniak\" class=\"speaker clearfix even post-185539 wcb_speaker type-wcb_speaker status-publish hentry\" >\n\t\t\t\t\t\t<h3 class=\"entry-title speaker-name\">Pawe\u0142 Wawrzyniak<\/h3>\n\t\t\t\t\t\t<div class=\"entry-content speaker-bio\">\n\t\t\t\t\t\t<img alt='' src='https:\/\/secure.gravatar.com\/avatar\/8531d46345cf2ba9367609cbafb0f273c73e147137728d94fc1c4e77250c4614?s=102&#038;d=mm&#038;r=g' srcset='https:\/\/secure.gravatar.com\/avatar\/8531d46345cf2ba9367609cbafb0f273c73e147137728d94fc1c4e77250c4614?s=204&#038;d=mm&#038;r=g 2x' class='avatar avatar-102 photo' height='102' width='102' \/><p>Programista z 10-letnim sta\u017cem. Od 5 lat dzia\u0142a na w\u0142asny rachunek, a od 4 specjalizuje si\u0119 we wdra\u017caniu stron opartych o WordPressa. Uwa\u017ca, \u017ce jest to w tej chwili najlepsza platforma blogowa i \u015bwietny framework do budowy witryn.<br \/>\nW pracy uwielbia tworzy\u0107 eleganckie i \u0142atwe w u\u017cyciu rozwi\u0105zania. Woli dwa razy pomy\u015ble\u0107, ni\u017c trzy razy przerabia\u0107 ten sam kod :). Od niedawna prowadzi bloga <a href=\"http:\/\/wpsamurai.pl\">wpsamurai.pl<\/a>.<\/p>\n\t\t\t\t\t\t<\/div>\n\t\t\t\t\t<\/div>\n\t\t\t\t\n\t\t\t\t\t\n\t\t\t\t\t<div id=\"ryszard-dalkowski\" class=\"speaker clearfix odd post-207088 wcb_speaker type-wcb_speaker status-publish hentry\" >\n\t\t\t\t\t\t<h3 class=\"entry-title speaker-name\">Ryszard Da\u0142kowski<\/h3>\n\t\t\t\t\t\t<div class=\"entry-content speaker-bio\">\n\t\t\t\t\t\t<img alt='' src='https:\/\/secure.gravatar.com\/avatar\/209e1fcc41b138f2ba90885ad5d812eb58d6daee4c9cf838c2639aebd4950e3b?s=102&#038;d=mm&#038;r=g' srcset='https:\/\/secure.gravatar.com\/avatar\/209e1fcc41b138f2ba90885ad5d812eb58d6daee4c9cf838c2639aebd4950e3b?s=204&#038;d=mm&#038;r=g 2x' class='avatar avatar-102 photo' height='102' width='102' \/><p>Od 1987 pracuje w bran\u017cy IT. Zwi\u0105zany zar\u00f3wno z firmami-klientami, jak i integratorami system\u00f3w. Od 1996 w firmie Microsoft w r\u00f3\u017cnych rolach \u2013 m.in. technicznych, marketingowych, kierownika projektu i menad\u017cera zespo\u0142u sprzeda\u017cy. Przygotowywa\u0142 uzasadnienie biznesowe dla pierwszej polskiej wersji Microsoft Windows Server. Do\u015bwiadczenie w zarz\u0105dzaniu projektami. Aktualnie odpowiada za strategi\u0119 wsp\u00f3\u0142pracy ze \u015brodowiskami Open Source i promowanie rozwoju otwartego oprogramowania na platformie cloud computing Microsoft Windows Azure. Cz\u0142onek zgromadzenia fundator\u00f3w Fundacji Aegis.<\/p>\n\t\t\t\t\t\t<\/div>\n\t\t\t\t\t<\/div>\n\t\t\t\t\n\t\t\t\t\t\n\t\t\t\t\t<div id=\"tomasz-dziuda\" class=\"speaker clearfix even post-175302 wcb_speaker type-wcb_speaker status-publish hentry\" >\n\t\t\t\t\t\t<h3 class=\"entry-title speaker-name\">Tomasz Dziuda<\/h3>\n\t\t\t\t\t\t<div class=\"entry-content speaker-bio\">\n\t\t\t\t\t\t<img alt='' src='https:\/\/secure.gravatar.com\/avatar\/39374f1d08aebb652e589ea0237237b0c9389c615056e4988801db209c7b8502?s=102&#038;d=mm&#038;r=g' srcset='https:\/\/secure.gravatar.com\/avatar\/39374f1d08aebb652e589ea0237237b0c9389c615056e4988801db209c7b8502?s=204&#038;d=mm&#038;r=g 2x' class='avatar avatar-102 photo' height='102' width='102' \/><p>Lead Developer w <a href=\"http:\/\/www.gavick.com\/\">GavickPro<\/a>. Odpowiada za planowanie i rozw\u00f3j rozwi\u0105za\u0144 opartych na WordPressie. Ceni ten CMS za skalowalno\u015b\u0107 i elastyk\u0119 z kt\u00f3rej cz\u0119sto korzysta by implementowa\u0107 nowe, ciekawe rozwi\u0105zania. Lubi zg\u0142\u0119bia\u0107 tajniki WordPressa oraz odkrywa\u0107 jego cz\u0119sto pomijane funkcjonalno\u015bci i mo\u017cliwo\u015bci.<\/p>\n\t\t\t\t\t\t<\/div>\n\t\t\t\t\t<\/div>\n\t\t\t\t\n\t\t\t<\/div>\n\t\t<\/div>\n\n\t\t\n","protected":false},"excerpt":{"rendered":"","protected":false},"author":8679195,"featured_media":0,"parent":0,"menu_order":0,"comment_status":"open","ping_status":"open","template":"template-full-width.php","meta":{"_crdt_document":"","jetpack_post_was_ever_published":false,"footnotes":""},"class_list":["post-175139","page","type-page","status-publish","hentry"],"jetpack_sharing_enabled":true,"_links":{"self":[{"href":"https:\/\/wroclaw.wordcamp.org\/2013\/wp-json\/wp\/v2\/pages\/175139","targetHints":{"allow":["GET"]}}],"collection":[{"href":"https:\/\/wroclaw.wordcamp.org\/2013\/wp-json\/wp\/v2\/pages"}],"about":[{"href":"https:\/\/wroclaw.wordcamp.org\/2013\/wp-json\/wp\/v2\/types\/page"}],"author":[{"embeddable":true,"href":"https:\/\/wroclaw.wordcamp.org\/2013\/wp-json\/wp\/v2\/users\/8679195"}],"replies":[{"embeddable":true,"href":"https:\/\/wroclaw.wordcamp.org\/2013\/wp-json\/wp\/v2\/comments?post=175139"}],"version-history":[{"count":1,"href":"https:\/\/wroclaw.wordcamp.org\/2013\/wp-json\/wp\/v2\/pages\/175139\/revisions"}],"predecessor-version":[{"id":175140,"href":"https:\/\/wroclaw.wordcamp.org\/2013\/wp-json\/wp\/v2\/pages\/175139\/revisions\/175140"}],"wp:attachment":[{"href":"https:\/\/wroclaw.wordcamp.org\/2013\/wp-json\/wp\/v2\/media?parent=175139"}],"curies":[{"name":"wp","href":"https:\/\/api.w.org\/{rel}","templated":true}]}}